{"id":141,"date":"2025-10-13T13:46:15","date_gmt":"2025-10-13T13:46:15","guid":{"rendered":"https:\/\/skr.cloud16.webhome.at\/?page_id=141"},"modified":"2025-10-20T15:01:31","modified_gmt":"2025-10-20T15:01:31","slug":"strategie","status":"publish","type":"page","link":"https:\/\/skr-ag.com\/de\/executive-advisory\/strategie\/","title":{"rendered":"Strategie"},"content":{"rendered":"\n<div class=\"wp-block-group has-global-padding is-layout-constrained wp-block-group-is-layout-constrained\">\n<div class=\"wp-block-group has-global-padding is-layout-constrained wp-container-core-group-is-layout-5ea9e190 wp-block-group-is-layout-constrained\">\n<div class=\"wp-block-webx-blocks-responsive-spacer\" style=\"--desktop-height:75px;--tablet-height:75px;--mobile-height:25px\"><\/div>\n\n\n\n<h1 class=\"wp-block-heading has-text-align-center has-accent-2-color has-text-color has-link-color has-x-large-font-size wp-elements-3d0ec0eb5432b42b1f43a262f32a34c2\">Strategie<\/h1>\n\n\n\n<p class=\"has-text-align-center\">M\u00e4rkte, Technologien und Kundenbed\u00fcrfnisse wandeln sich rasant. Nur mit einer klaren und zukunftsf\u00e4higen Gesch\u00e4ftsstrategie bleibt Ihr Unternehmen wettbewerbsf\u00e4hig. SKR entwickelt mit Ihnen Strategien, die wirken \u2013 faktenbasiert, praxistauglich und umsetzungsorientiert.<\/p>\n\n\n\n<div class=\"wp-block-webx-blocks-responsive-spacer\" style=\"--desktop-height:75px;--tablet-height:75px;--mobile-height:75px\"><\/div>\n<\/div>\n<\/div>\n\n\n\n<div class=\"wp-block-group has-global-padding is-layout-constrained wp-container-core-group-is-layout-12e6237e wp-block-group-is-layout-constrained\">\n<div class=\"wp-block-columns mobile-no-gap is-layout-flex wp-container-core-columns-is-layout-28f84493 wp-block-columns-is-layout-flex\" style=\"box-shadow:var(--wp--preset--shadow--natural)\">\n<div class=\"wp-block-column is-layout-flow wp-block-column-is-layout-flow\" style=\"padding-top:var(--wp--preset--spacing--20);padding-right:var(--wp--preset--spacing--20);padding-bottom:var(--wp--preset--spacing--20);padding-left:var(--wp--preset--spacing--20)\">\n<figure class=\"wp-block-image size-full\"><img loading=\"lazy\" decoding=\"async\" width=\"1531\" height=\"708\" src=\"https:\/\/skr-ag.com\/wp-content\/uploads\/2025\/10\/Markstrategie_735x340.jpg\" alt=\"\" class=\"wp-image-146\" style=\"aspect-ratio:4\/3;object-fit:cover\" srcset=\"https:\/\/skr-ag.com\/wp-content\/uploads\/2025\/10\/Markstrategie_735x340.jpg 1531w, https:\/\/skr-ag.com\/wp-content\/uploads\/2025\/10\/Markstrategie_735x340-300x139.jpg 300w, https:\/\/skr-ag.com\/wp-content\/uploads\/2025\/10\/Markstrategie_735x340-1024x474.jpg 1024w, https:\/\/skr-ag.com\/wp-content\/uploads\/2025\/10\/Markstrategie_735x340-768x355.jpg 768w, https:\/\/skr-ag.com\/wp-content\/uploads\/2025\/10\/Markstrategie_735x340-1297x600.jpg 1297w\" sizes=\"auto, (max-width: 1531px) 100vw, 1531px\" \/><\/figure>\n<\/div>\n\n\n\n<div class=\"wp-block-column is-vertically-aligned-center is-layout-flow wp-block-column-is-layout-flow\" style=\"padding-top:var(--wp--preset--spacing--30);padding-right:var(--wp--preset--spacing--30);padding-bottom:var(--wp--preset--spacing--30);padding-left:var(--wp--preset--spacing--30)\">\n<h3 class=\"wp-block-heading has-accent-2-color has-text-color has-link-color wp-elements-80abbde5edf45fa42bf5926fa6ed7a11\"><strong>Branche &amp; Marktakteure<\/strong><\/h3>\n\n\n\n<p>Wie wird sich der Markt entwickeln, welche Akteure werden das Geschehen k\u00fcnftig beeinflussen? Wir zeigen, welche Chancen und Risiken aus dem ver\u00e4nderten Marktumfeld entstehen \u2013 und wie Sie Ihr Unternehmen so positionieren, dass Sie Entscheidungen absichern und im Wettbewerb erfolgreich sein k\u00f6nnen.<\/p>\n\n\n\n<div class=\"wp-block-webx-blocks-responsive-spacer\" style=\"--desktop-height:;--tablet-height:;--mobile-height:50px\"><\/div>\n<\/div>\n<\/div>\n\n\n\n<div class=\"wp-block-columns mobile-no-gap is-layout-flex wp-container-core-columns-is-layout-28f84493 wp-block-columns-is-layout-flex\" style=\"box-shadow:var(--wp--preset--shadow--natural)\">\n<div class=\"wp-block-column is-layout-flow wp-block-column-is-layout-flow\" style=\"padding-top:var(--wp--preset--spacing--20);padding-right:var(--wp--preset--spacing--20);padding-bottom:var(--wp--preset--spacing--20);padding-left:var(--wp--preset--spacing--20)\">\n<figure class=\"wp-block-image size-full\"><img loading=\"lazy\" decoding=\"async\" width=\"1531\" height=\"708\" src=\"https:\/\/skr-ag.com\/wp-content\/uploads\/2025\/10\/Markstrategie_735x3402.jpg\" alt=\"\" class=\"wp-image-149\" style=\"aspect-ratio:4\/3;object-fit:cover\" srcset=\"https:\/\/skr-ag.com\/wp-content\/uploads\/2025\/10\/Markstrategie_735x3402.jpg 1531w, https:\/\/skr-ag.com\/wp-content\/uploads\/2025\/10\/Markstrategie_735x3402-300x139.jpg 300w, https:\/\/skr-ag.com\/wp-content\/uploads\/2025\/10\/Markstrategie_735x3402-1024x474.jpg 1024w, https:\/\/skr-ag.com\/wp-content\/uploads\/2025\/10\/Markstrategie_735x3402-768x355.jpg 768w, https:\/\/skr-ag.com\/wp-content\/uploads\/2025\/10\/Markstrategie_735x3402-1297x600.jpg 1297w\" sizes=\"auto, (max-width: 1531px) 100vw, 1531px\" \/><\/figure>\n<\/div>\n\n\n\n<div class=\"wp-block-column is-vertically-aligned-center is-layout-flow wp-block-column-is-layout-flow\" style=\"padding-top:var(--wp--preset--spacing--30);padding-right:var(--wp--preset--spacing--30);padding-bottom:var(--wp--preset--spacing--30);padding-left:var(--wp--preset--spacing--30)\">\n<h3 class=\"wp-block-heading has-accent-2-color has-text-color has-link-color wp-elements-28a921d023530f594e1ac34d452d7b92\"><strong><strong>Unternehmensziele<\/strong><\/strong><\/h3>\n\n\n\n<p>Wachstum, Wendepunkte oder Krisen erfordern klare Zielbilder. Wir helfen Ihnen, Unternehmens- und Bereichsziele pr\u00e4zise zu definieren \u2013 mit Fokus auf Leistung, Finanzst\u00e4rke und messbare Ergebnisse.<\/p>\n\n\n\n<div class=\"wp-block-webx-blocks-responsive-spacer\" style=\"--desktop-height:;--tablet-height:;--mobile-height:50px\"><\/div>\n<\/div>\n<\/div>\n\n\n\n<div class=\"wp-block-columns mobile-no-gap is-layout-flex wp-container-core-columns-is-layout-28f84493 wp-block-columns-is-layout-flex\" style=\"box-shadow:var(--wp--preset--shadow--natural)\">\n<div class=\"wp-block-column is-layout-flow wp-block-column-is-layout-flow\" style=\"padding-top:var(--wp--preset--spacing--20);padding-right:var(--wp--preset--spacing--20);padding-bottom:var(--wp--preset--spacing--20);padding-left:var(--wp--preset--spacing--20)\">\n<figure class=\"wp-block-image size-full\"><img loading=\"lazy\" decoding=\"async\" width=\"1531\" height=\"708\" src=\"https:\/\/skr-ag.com\/wp-content\/uploads\/2025\/10\/Markstrategie_735x3403.jpg\" alt=\"\" class=\"wp-image-150\" style=\"aspect-ratio:4\/3;object-fit:cover\" srcset=\"https:\/\/skr-ag.com\/wp-content\/uploads\/2025\/10\/Markstrategie_735x3403.jpg 1531w, https:\/\/skr-ag.com\/wp-content\/uploads\/2025\/10\/Markstrategie_735x3403-300x139.jpg 300w, https:\/\/skr-ag.com\/wp-content\/uploads\/2025\/10\/Markstrategie_735x3403-1024x474.jpg 1024w, https:\/\/skr-ag.com\/wp-content\/uploads\/2025\/10\/Markstrategie_735x3403-768x355.jpg 768w, https:\/\/skr-ag.com\/wp-content\/uploads\/2025\/10\/Markstrategie_735x3403-1297x600.jpg 1297w\" sizes=\"auto, (max-width: 1531px) 100vw, 1531px\" \/><\/figure>\n<\/div>\n\n\n\n<div class=\"wp-block-column is-vertically-aligned-center is-layout-flow wp-block-column-is-layout-flow\" style=\"padding-top:var(--wp--preset--spacing--30);padding-right:var(--wp--preset--spacing--30);padding-bottom:var(--wp--preset--spacing--30);padding-left:var(--wp--preset--spacing--30)\">\n<h3 class=\"wp-block-heading has-accent-2-color has-text-color has-link-color wp-elements-e09a6473f410004182e61201fb6e2d92\"><strong><strong><strong>Regulierung &amp; Unternehmen<\/strong><\/strong><\/strong><\/h3>\n\n\n\n<p>Branchenspezifische Gesetze und Verordnungen k\u00f6nnen zum Risiko werden \u2013 oder zur Chance. Wir analysieren regulatorische Entwicklungen und geben klare Handlungsempfehlungen, wie Sie Ihr Gesch\u00e4ft zukunfts- und wettbewerbsf\u00e4hig aufstellen.<\/p>\n\n\n\n<div class=\"wp-block-webx-blocks-responsive-spacer\" style=\"--desktop-height:;--tablet-height:;--mobile-height:50px\"><\/div>\n<\/div>\n<\/div>\n\n\n\n<div class=\"wp-block-columns mobile-no-gap is-layout-flex wp-container-core-columns-is-layout-28f84493 wp-block-columns-is-layout-flex\" style=\"box-shadow:var(--wp--preset--shadow--natural)\">\n<div class=\"wp-block-column is-layout-flow wp-block-column-is-layout-flow\" style=\"padding-top:var(--wp--preset--spacing--20);padding-right:var(--wp--preset--spacing--20);padding-bottom:var(--wp--preset--spacing--20);padding-left:var(--wp--preset--spacing--20)\">\n<figure class=\"wp-block-image size-full\"><img loading=\"lazy\" decoding=\"async\" width=\"1531\" height=\"708\" src=\"https:\/\/skr-ag.com\/wp-content\/uploads\/2025\/10\/Markstrategie_735x3404.jpg\" alt=\"\" class=\"wp-image-151\" style=\"aspect-ratio:4\/3;object-fit:cover\" srcset=\"https:\/\/skr-ag.com\/wp-content\/uploads\/2025\/10\/Markstrategie_735x3404.jpg 1531w, https:\/\/skr-ag.com\/wp-content\/uploads\/2025\/10\/Markstrategie_735x3404-300x139.jpg 300w, https:\/\/skr-ag.com\/wp-content\/uploads\/2025\/10\/Markstrategie_735x3404-1024x474.jpg 1024w, https:\/\/skr-ag.com\/wp-content\/uploads\/2025\/10\/Markstrategie_735x3404-768x355.jpg 768w, https:\/\/skr-ag.com\/wp-content\/uploads\/2025\/10\/Markstrategie_735x3404-1297x600.jpg 1297w\" sizes=\"auto, (max-width: 1531px) 100vw, 1531px\" \/><\/figure>\n<\/div>\n\n\n\n<div class=\"wp-block-column is-vertically-aligned-center is-layout-flow wp-block-column-is-layout-flow\" style=\"padding-top:var(--wp--preset--spacing--30);padding-right:var(--wp--preset--spacing--30);padding-bottom:var(--wp--preset--spacing--30);padding-left:var(--wp--preset--spacing--30)\">\n<h3 class=\"wp-block-heading has-accent-2-color has-text-color has-link-color wp-elements-a86a6e92002eb072ddb0f01a120675a1\"><strong><strong><strong><strong>Unternehmensstrategie<\/strong><\/strong><\/strong><\/strong><\/h3>\n\n\n\n<p>Mit einer klaren Vision und einem konkreten Ma\u00dfnahmenplan begleiten wir Sie auf dem Weg zu Ihren mittel- und langfristigen Unternehmenszielen. So werden Ressourcen erm\u00f6glicht und alle Bereiche konsequent auf Erfolg ausgerichtet.<\/p>\n\n\n\n<div class=\"wp-block-webx-blocks-responsive-spacer\" style=\"--desktop-height:;--tablet-height:;--mobile-height:50px\"><\/div>\n<\/div>\n<\/div>\n<\/div>\n\n\n\n<div class=\"wp-block-group alignfull has-global-padding is-layout-constrained wp-block-group-is-layout-constrained\">\n<div class=\"wp-block-group quote-group has-global-padding is-layout-constrained wp-container-core-group-is-layout-818828f2 wp-block-group-is-layout-constrained has-background\" style=\"padding-right:var(--wp--preset--spacing--40);padding-left:var(--wp--preset--spacing--40);background-image:url(&apos;https:\/\/skr-ag.com\/wp-content\/uploads\/2025\/10\/quote-right-svgrepo-com.svg&apos;);background-position:0% 50%;background-repeat:no-repeat;background-size:contain;\">\n<div class=\"wp-block-webx-blocks-responsive-spacer\" style=\"--desktop-height:150px;--tablet-height:150px;--mobile-height:150px\"><\/div>\n\n\n\n<p class=\"has-accent-2-color has-text-color has-link-color has-large-font-size wp-elements-49ffb12f450c98cf43312fc5e1bc6a66\"><em>Wenn sich M\u00e4rkte und Gesellschaft dramatisch ver\u00e4ndern, ist Stillstand keine Option. Strategien m\u00fcssen regelm\u00e4\u00dfig \u00fcberpr\u00fcft und angepasst werden. Im Zweifel geht es um die Zukunftsf\u00e4higkeit des gesamten Unternehmens.<\/em><\/p>\n\n\n\n<div class=\"wp-block-webx-blocks-responsive-spacer\" style=\"--desktop-height:100px;--tablet-height:50px;--mobile-height:25px\"><\/div>\n<\/div>\n<\/div>\n\n\n\n<div class=\"wp-block-group navigation-box has-global-padding is-layout-constrained wp-container-core-group-is-layout-abb6fe41 wp-block-group-is-layout-constrained\">\n<div class=\"wp-block-group has-border-color has-base-border-color has-medium-grey-background-color has-background has-global-padding is-layout-constrained wp-block-group-is-layout-constrained\" style=\"border-width:20px;box-shadow:var(--wp--preset--shadow--natural)\">\n<div class=\"wp-block-columns is-layout-flex wp-container-core-columns-is-layout-74d018ca wp-block-columns-is-layout-flex\" style=\"padding-top:var(--wp--preset--spacing--20);padding-right:var(--wp--preset--spacing--20);padding-bottom:var(--wp--preset--spacing--20);padding-left:var(--wp--preset--spacing--20)\">\n<div class=\"wp-block-column is-layout-flow wp-container-core-column-is-layout-8a368f38 wp-block-column-is-layout-flow\">\n<div class=\"wp-block-group is-content-justification-space-between is-nowrap is-layout-flex wp-container-core-group-is-layout-66f2da0c wp-block-group-is-layout-flex\" style=\"padding-top:var(--wp--preset--spacing--10);padding-right:var(--wp--preset--spacing--10);padding-bottom:var(--wp--preset--spacing--10);padding-left:var(--wp--preset--spacing--10)\">\n<div class=\"wp-block-group is-nowrap is-layout-flex wp-container-core-group-is-layout-6c531013 wp-block-group-is-layout-flex\">\n<p class=\"navigation-numbers has-accent-color has-text-color has-link-color has-x-large-font-size wp-elements-ba5c5bbbfe53c2cc8a089851e35b0309\" style=\"line-height:1\"><strong><a href=\"https:\/\/skr-ag.com\/de\/executive-advisory\/strategie\/\" data-type=\"page\" data-id=\"141\">01<\/a><\/strong><\/p>\n\n\n\n<p class=\"has-mark-bold-font-family has-large-font-size\" style=\"line-height:1.1\"><a href=\"https:\/\/skr-ag.com\/de\/executive-advisory\/strategie\/\"><strong>Strategie<\/strong><\/a><\/p>\n<\/div>\n\n\n\n<a class=\"wp-block-webx-blocks-svg svg-arrow-block-black-hover\" href=\"https:\/\/skr-ag.com\/de\/executive-advisory\/strategie\/\" title=\"SVG Element\"><div class=\"svg\" style=\"height:35px;width:35px\"><svg xmlns=\"http:\/\/www.w3.org\/2000\/svg\" width=\"31.065\" height=\"24.033\" viewBox=\"0 0 31.065 24.033\">\n  <g id=\"Pfeil\" transform=\"translate(1.762 2.475)\">\n    <line id=\"Linie_18\" data-name=\"Linie 18\" x2=\"26.811\" y2=\"0.188\" transform=\"translate(0 9.37)\" fill=\"none\" stroke=\"#f4c723\" stroke-linecap=\"round\" stroke-width=\"3.5\"\/>\n    <line id=\"Linie_19\" data-name=\"Linie 19\" x2=\"13.47\" transform=\"translate(17.303) rotate(45)\" fill=\"none\" stroke=\"#f4c723\" stroke-linecap=\"round\" stroke-width=\"3.5\"\/>\n    <line id=\"Linie_20\" data-name=\"Linie 20\" x2=\"13.47\" transform=\"translate(17.286 19.083) rotate(-45)\" fill=\"none\" stroke=\"#f4c723\" stroke-linecap=\"round\" stroke-width=\"3.5\"\/>\n  <\/g>\n<\/svg>\n<\/div><\/a>\n<\/div>\n\n\n\n<div class=\"wp-block-group is-content-justification-space-between is-nowrap is-layout-flex wp-container-core-group-is-layout-66f2da0c wp-block-group-is-layout-flex\" style=\"padding-top:var(--wp--preset--spacing--10);padding-right:var(--wp--preset--spacing--10);padding-bottom:var(--wp--preset--spacing--10);padding-left:var(--wp--preset--spacing--10)\">\n<div class=\"wp-block-group is-nowrap is-layout-flex wp-container-core-group-is-layout-6c531013 wp-block-group-is-layout-flex\">\n<p class=\"navigation-numbers has-accent-color has-text-color has-link-color has-x-large-font-size wp-elements-e318fd0bf749b9075edf8e30b195046e\" style=\"line-height:1\"><strong><a href=\"https:\/\/skr-ag.com\/de\/executive-advisory\/mergers-acquisitions\/\" data-type=\"page\" data-id=\"180\">02<\/a><\/strong><\/p>\n\n\n\n<p class=\"nav-break-text-1 has-mark-bold-font-family has-large-font-size\" style=\"line-height:1.1\"><strong><a href=\"https:\/\/skr-ag.com\/de\/executive-advisory\/mergers-acquisitions\/\" data-type=\"page\" data-id=\"180\">Mergers &amp; Acquisitions<\/a><\/strong><\/p>\n<\/div>\n\n\n\n<a class=\"wp-block-webx-blocks-svg svg-arrow-block-black-hover\" href=\"https:\/\/skr-ag.com\/de\/executive-advisory\/mergers-acquisitions\/\" title=\"SVG Element\"><div class=\"svg\" style=\"height:35px;width:35px\"><svg xmlns=\"http:\/\/www.w3.org\/2000\/svg\" width=\"31.065\" height=\"24.033\" viewBox=\"0 0 31.065 24.033\">\n  <g id=\"Pfeil\" transform=\"translate(1.762 2.475)\">\n    <line id=\"Linie_18\" data-name=\"Linie 18\" x2=\"26.811\" y2=\"0.188\" transform=\"translate(0 9.37)\" fill=\"none\" stroke=\"#f4c723\" stroke-linecap=\"round\" stroke-width=\"3.5\"\/>\n    <line id=\"Linie_19\" data-name=\"Linie 19\" x2=\"13.47\" transform=\"translate(17.303) rotate(45)\" fill=\"none\" stroke=\"#f4c723\" stroke-linecap=\"round\" stroke-width=\"3.5\"\/>\n    <line id=\"Linie_20\" data-name=\"Linie 20\" x2=\"13.47\" transform=\"translate(17.286 19.083) rotate(-45)\" fill=\"none\" stroke=\"#f4c723\" stroke-linecap=\"round\" stroke-width=\"3.5\"\/>\n  <\/g>\n<\/svg>\n<\/div><\/a>\n<\/div>\n\n\n\n<div class=\"wp-block-group is-content-justification-space-between is-nowrap is-layout-flex wp-container-core-group-is-layout-66f2da0c wp-block-group-is-layout-flex\" style=\"padding-top:var(--wp--preset--spacing--10);padding-right:var(--wp--preset--spacing--10);padding-bottom:var(--wp--preset--spacing--10);padding-left:var(--wp--preset--spacing--10)\">\n<div class=\"wp-block-group is-nowrap is-layout-flex wp-container-core-group-is-layout-6c531013 wp-block-group-is-layout-flex\">\n<p class=\"navigation-numbers has-accent-color has-text-color has-link-color has-x-large-font-size wp-elements-754ee96e76d23472ee3cf9936d3df491\" style=\"line-height:1\"><strong><a href=\"https:\/\/skr-ag.com\/de\/executive-advisory\/transformation\/\" data-type=\"page\" data-id=\"205\">03<\/a><\/strong><\/p>\n\n\n\n<p class=\"has-mark-bold-font-family has-large-font-size\" style=\"line-height:1.1\"><strong><a href=\"https:\/\/skr-ag.com\/de\/executive-advisory\/transformation\/\" data-type=\"page\" data-id=\"205\">Transformation<\/a><\/strong><\/p>\n<\/div>\n\n\n\n<a class=\"wp-block-webx-blocks-svg svg-arrow-block-black-hover\" href=\"https:\/\/skr-ag.com\/de\/executive-advisory\/transformation\/\" title=\"SVG Element\"><div class=\"svg\" style=\"height:35px;width:35px\"><svg xmlns=\"http:\/\/www.w3.org\/2000\/svg\" width=\"31.065\" height=\"24.033\" viewBox=\"0 0 31.065 24.033\">\n  <g id=\"Pfeil\" transform=\"translate(1.762 2.475)\">\n    <line id=\"Linie_18\" data-name=\"Linie 18\" x2=\"26.811\" y2=\"0.188\" transform=\"translate(0 9.37)\" fill=\"none\" stroke=\"#f4c723\" stroke-linecap=\"round\" stroke-width=\"3.5\"\/>\n    <line id=\"Linie_19\" data-name=\"Linie 19\" x2=\"13.47\" transform=\"translate(17.303) rotate(45)\" fill=\"none\" stroke=\"#f4c723\" stroke-linecap=\"round\" stroke-width=\"3.5\"\/>\n    <line id=\"Linie_20\" data-name=\"Linie 20\" x2=\"13.47\" transform=\"translate(17.286 19.083) rotate(-45)\" fill=\"none\" stroke=\"#f4c723\" stroke-linecap=\"round\" stroke-width=\"3.5\"\/>\n  <\/g>\n<\/svg>\n<\/div><\/a>\n<\/div>\n<\/div>\n\n\n\n<div class=\"wp-block-column is-layout-flow wp-container-core-column-is-layout-8a368f38 wp-block-column-is-layout-flow\">\n<div class=\"wp-block-group is-content-justification-space-between is-nowrap is-layout-flex wp-container-core-group-is-layout-66f2da0c wp-block-group-is-layout-flex\" style=\"padding-top:var(--wp--preset--spacing--10);padding-right:var(--wp--preset--spacing--10);padding-bottom:var(--wp--preset--spacing--10);padding-left:var(--wp--preset--spacing--10)\">\n<div class=\"wp-block-group is-nowrap is-layout-flex wp-container-core-group-is-layout-6c531013 wp-block-group-is-layout-flex\">\n<p class=\"navigation-numbers has-accent-color has-text-color has-link-color has-x-large-font-size wp-elements-78c33d0c56429ff3a416bd8673d75875\" style=\"line-height:1\"><strong><a href=\"https:\/\/skr-ag.com\/executive-advisory\/it-digitalisierung\/\" data-type=\"page\" data-id=\"219\">04<\/a><\/strong><\/p>\n\n\n\n<p class=\"has-mark-bold-font-family has-large-font-size\" style=\"line-height:1.1\"><strong><a href=\"https:\/\/skr-ag.com\/de\/executive-advisory\/it-digitalisierung\/\" data-type=\"page\" data-id=\"219\">IT &amp; Digitalisierung<\/a><\/strong><\/p>\n<\/div>\n\n\n\n<a class=\"wp-block-webx-blocks-svg svg-arrow-block-black-hover\" href=\"https:\/\/skr-ag.com\/de\/executive-advisory\/it-digitalisierung\/\" title=\"SVG Element\"><div class=\"svg\" style=\"height:35px;width:35px\"><svg xmlns=\"http:\/\/www.w3.org\/2000\/svg\" width=\"31.065\" height=\"24.033\" viewBox=\"0 0 31.065 24.033\">\n  <g id=\"Pfeil\" transform=\"translate(1.762 2.475)\">\n    <line id=\"Linie_18\" data-name=\"Linie 18\" x2=\"26.811\" y2=\"0.188\" transform=\"translate(0 9.37)\" fill=\"none\" stroke=\"#f4c723\" stroke-linecap=\"round\" stroke-width=\"3.5\"\/>\n    <line id=\"Linie_19\" data-name=\"Linie 19\" x2=\"13.47\" transform=\"translate(17.303) rotate(45)\" fill=\"none\" stroke=\"#f4c723\" stroke-linecap=\"round\" stroke-width=\"3.5\"\/>\n    <line id=\"Linie_20\" data-name=\"Linie 20\" x2=\"13.47\" transform=\"translate(17.286 19.083) rotate(-45)\" fill=\"none\" stroke=\"#f4c723\" stroke-linecap=\"round\" stroke-width=\"3.5\"\/>\n  <\/g>\n<\/svg>\n<\/div><\/a>\n<\/div>\n\n\n\n<div class=\"wp-block-group is-content-justification-space-between is-nowrap is-layout-flex wp-container-core-group-is-layout-66f2da0c wp-block-group-is-layout-flex\" style=\"padding-top:var(--wp--preset--spacing--10);padding-right:var(--wp--preset--spacing--10);padding-bottom:var(--wp--preset--spacing--10);padding-left:var(--wp--preset--spacing--10)\">\n<div class=\"wp-block-group is-nowrap is-layout-flex wp-container-core-group-is-layout-6c531013 wp-block-group-is-layout-flex\">\n<p class=\"navigation-numbers has-accent-color has-text-color has-link-color has-x-large-font-size wp-elements-5ba7a5a1441afbdd58d264f331d04559\" style=\"line-height:1\"><strong><a href=\"https:\/\/skr-ag.com\/de\/executive-advisory\/interim-management\/\" data-type=\"page\" data-id=\"214\">05<\/a><\/strong><\/p>\n\n\n\n<p class=\"nav-break-text-2 has-mark-bold-font-family has-large-font-size\" style=\"line-height:1.1\"><strong><a href=\"https:\/\/skr-ag.com\/de\/executive-advisory\/interim-management\/\" data-type=\"page\" data-id=\"214\">Interim Management<\/a><\/strong><\/p>\n<\/div>\n\n\n\n<a class=\"wp-block-webx-blocks-svg svg-arrow-block-black-hover\" href=\"https:\/\/skr-ag.com\/de\/executive-advisory\/interim-management\/\" title=\"SVG Element\"><div class=\"svg\" style=\"height:35px;width:35px\"><svg xmlns=\"http:\/\/www.w3.org\/2000\/svg\" width=\"31.065\" height=\"24.033\" viewBox=\"0 0 31.065 24.033\">\n  <g id=\"Pfeil\" transform=\"translate(1.762 2.475)\">\n    <line id=\"Linie_18\" data-name=\"Linie 18\" x2=\"26.811\" y2=\"0.188\" transform=\"translate(0 9.37)\" fill=\"none\" stroke=\"#f4c723\" stroke-linecap=\"round\" stroke-width=\"3.5\"\/>\n    <line id=\"Linie_19\" data-name=\"Linie 19\" x2=\"13.47\" transform=\"translate(17.303) rotate(45)\" fill=\"none\" stroke=\"#f4c723\" stroke-linecap=\"round\" stroke-width=\"3.5\"\/>\n    <line id=\"Linie_20\" data-name=\"Linie 20\" x2=\"13.47\" transform=\"translate(17.286 19.083) rotate(-45)\" fill=\"none\" stroke=\"#f4c723\" stroke-linecap=\"round\" stroke-width=\"3.5\"\/>\n  <\/g>\n<\/svg>\n<\/div><\/a>\n<\/div>\n\n\n\n<div class=\"wp-block-group is-content-justification-space-between is-nowrap is-layout-flex wp-container-core-group-is-layout-66f2da0c wp-block-group-is-layout-flex\" style=\"padding-top:var(--wp--preset--spacing--10);padding-right:var(--wp--preset--spacing--10);padding-bottom:var(--wp--preset--spacing--10);padding-left:var(--wp--preset--spacing--10)\">\n<div class=\"wp-block-group is-content-justification-left is-nowrap is-layout-flex wp-container-core-group-is-layout-fc9f69e7 wp-block-group-is-layout-flex\">\n<p class=\"navigation-numbers has-accent-color has-text-color has-link-color has-x-large-font-size wp-elements-085c2cc127e7be9b53acfcf9dd499ccf\" style=\"line-height:1\"><strong><a href=\"https:\/\/skr-ag.com\/executive-advisory\/marktanalysen\/\" data-type=\"page\" data-id=\"229\">06<\/a><\/strong><\/p>\n\n\n\n<p class=\"nav-break-text-3 has-mark-bold-font-family has-large-font-size\" style=\"line-height:1.1\"><strong><a href=\"https:\/\/skr-ag.com\/de\/executive-advisory\/marktanalysen\/\" data-type=\"page\" data-id=\"229\">Marktanalysen &amp; Studien<\/a><\/strong><\/p>\n<\/div>\n\n\n\n<a class=\"wp-block-webx-blocks-svg svg-arrow-block-black-hover\" href=\"https:\/\/skr-ag.com\/de\/executive-advisory\/marktanalysen\/\" title=\"SVG Element\"><div class=\"svg\" style=\"height:35px;width:35px\"><svg xmlns=\"http:\/\/www.w3.org\/2000\/svg\" width=\"31.065\" height=\"24.033\" viewBox=\"0 0 31.065 24.033\">\n  <g id=\"Pfeil\" transform=\"translate(1.762 2.475)\">\n    <line id=\"Linie_18\" data-name=\"Linie 18\" x2=\"26.811\" y2=\"0.188\" transform=\"translate(0 9.37)\" fill=\"none\" stroke=\"#f4c723\" stroke-linecap=\"round\" stroke-width=\"3.5\"\/>\n    <line id=\"Linie_19\" data-name=\"Linie 19\" x2=\"13.47\" transform=\"translate(17.303) rotate(45)\" fill=\"none\" stroke=\"#f4c723\" stroke-linecap=\"round\" stroke-width=\"3.5\"\/>\n    <line id=\"Linie_20\" data-name=\"Linie 20\" x2=\"13.47\" transform=\"translate(17.286 19.083) rotate(-45)\" fill=\"none\" stroke=\"#f4c723\" stroke-linecap=\"round\" stroke-width=\"3.5\"\/>\n  <\/g>\n<\/svg>\n<\/div><\/a>\n<\/div>\n<\/div>\n<\/div>\n<\/div>\n<\/div>\n\n\n\n<div class=\"wp-block-webx-blocks-responsive-spacer\" style=\"--desktop-height:150px;--tablet-height:50px;--mobile-height:25px\"><\/div>\n","protected":false},"excerpt":{"rendered":"<p>Strategie M\u00e4rkte, Technologien und Kundenbed\u00fcrfnisse wandeln sich rasant. Nur mit einer klaren und zukunftsf\u00e4higen Gesch\u00e4ftsstrategie bleibt Ihr Unternehmen wettbewerbsf\u00e4hig. SKR entwickelt mit Ihnen Strategien, die wirken \u2013 faktenbasiert, praxistauglich und umsetzungsorientiert. Branche &amp; Marktakteure Wie wird sich der Markt entwickeln, welche Akteure werden das Geschehen k\u00fcnftig beeinflussen? Wir zeigen, welche Chancen und Risiken aus dem [&hellip;]<\/p>\n","protected":false},"author":1,"featured_media":0,"parent":166,"menu_order":0,"comment_status":"closed","ping_status":"closed","template":"wp-custom-template-page-no-transparent-header","meta":{"footnotes":""},"class_list":["post-141","page","type-page","status-publish","hentry"],"_links":{"self":[{"href":"https:\/\/skr-ag.com\/de\/wp-json\/wp\/v2\/pages\/141","targetHints":{"allow":["GET"]}}],"collection":[{"href":"https:\/\/skr-ag.com\/de\/wp-json\/wp\/v2\/pages"}],"about":[{"href":"https:\/\/skr-ag.com\/de\/wp-json\/wp\/v2\/types\/page"}],"author":[{"embeddable":true,"href":"https:\/\/skr-ag.com\/de\/wp-json\/wp\/v2\/users\/1"}],"replies":[{"embeddable":true,"href":"https:\/\/skr-ag.com\/de\/wp-json\/wp\/v2\/comments?post=141"}],"version-history":[{"count":30,"href":"https:\/\/skr-ag.com\/de\/wp-json\/wp\/v2\/pages\/141\/revisions"}],"predecessor-version":[{"id":5050,"href":"https:\/\/skr-ag.com\/de\/wp-json\/wp\/v2\/pages\/141\/revisions\/5050"}],"up":[{"embeddable":true,"href":"https:\/\/skr-ag.com\/de\/wp-json\/wp\/v2\/pages\/166"}],"wp:attachment":[{"href":"https:\/\/skr-ag.com\/de\/wp-json\/wp\/v2\/media?parent=141"}],"curies":[{"name":"wp","href":"https:\/\/api.w.org\/{rel}","templated":true}]}}