{"id":166,"date":"2025-10-13T14:12:10","date_gmt":"2025-10-13T14:12:10","guid":{"rendered":"https:\/\/skr.cloud16.webhome.at\/?page_id=166"},"modified":"2025-10-20T14:41:06","modified_gmt":"2025-10-20T14:41:06","slug":"executive-advisory","status":"publish","type":"page","link":"https:\/\/skr-ag.com\/de\/executive-advisory\/","title":{"rendered":"Executive Advisory"},"content":{"rendered":"\n<div class=\"wp-block-group has-global-padding is-layout-constrained wp-block-group-is-layout-constrained\">\n<div class=\"wp-block-group has-global-padding is-layout-constrained wp-container-core-group-is-layout-5ea9e190 wp-block-group-is-layout-constrained\">\n<div class=\"wp-block-webx-blocks-responsive-spacer\" style=\"--desktop-height:75px;--tablet-height:50px;--mobile-height:25px\"><\/div>\n\n\n\n<h1 class=\"wp-block-heading has-text-align-center has-accent-2-color has-text-color has-link-color has-x-large-font-size wp-elements-96cc657b95e499b85914456ce37093c6\">Executive Advisory<\/h1>\n\n\n\n<p class=\"has-text-align-center\">SKR bietet Investoren, Vorst\u00e4nden und Executives Unternehmens- und Strategieberatung sowie Interim Management \u2013 weltweit. Unser Team verf\u00fcgt \u00fcber jahrzehntelange Managementerfahrung und eine hohe Expertise. Wir handeln diskret, seri\u00f6s und hochprofessionell.<\/p>\n\n\n\n<div class=\"wp-block-webx-blocks-responsive-spacer\" style=\"--desktop-height:75px;--tablet-height:75px;--mobile-height:75px\"><\/div>\n<\/div>\n<\/div>\n\n\n\n<div style=\"background-image:url(&apos;https:\/\/skr-ag.com\/wp-content\/uploads\/2025\/10\/Finanzmanagement_735x3403.jpg&apos;);background-size:cover;\" class=\"wp-block-group alignfull investment-group has-base-background-color has-background is-layout-flow wp-block-group-is-layout-flow\">\n<div class=\"wp-block-webx-blocks-responsive-spacer\" style=\"--desktop-height:50px;--tablet-height:50px;--mobile-height:25px\"><\/div>\n\n\n\n<div class=\"wp-block-group investment-group has-global-padding is-layout-constrained wp-container-core-group-is-layout-abb6fe41 wp-block-group-is-layout-constrained\">\n<div class=\"wp-block-columns mobile-more-padding is-layout-flex wp-container-core-columns-is-layout-28f84493 wp-block-columns-is-layout-flex\">\n<div class=\"wp-block-column is-vertically-aligned-stretch has-base-background-color has-background is-layout-flow wp-block-column-is-layout-flow\" style=\"padding-top:var(--wp--preset--spacing--30);padding-right:var(--wp--preset--spacing--40);padding-bottom:var(--wp--preset--spacing--20);padding-left:var(--wp--preset--spacing--40);box-shadow:var(--wp--preset--shadow--natural)\">\n<div class=\"wp-block-group has-global-padding is-layout-constrained wp-block-group-is-layout-constrained\">\n<h3 class=\"wp-block-heading has-accent-2-color has-text-color has-link-color has-large-font-size wp-elements-1b36969ebea8a77db5349d57f1e2ae01\">Strategie<\/h3>\n\n\n\n<p>Mit der richtigen Gesch\u00e4ftsstrategie f\u00fchren Sie Ihr Business erfolgreich in die Zukunft, insbesondere in Zeiten des tiefgreifenden Wandels. Wir unterst\u00fctzen Sie dabei, eine ma\u00dfgeschneiderte und zukunftsf\u00e4hige Strategie zu entwickeln und erfolgreich umzusetzen.<\/p>\n<\/div>\n\n\n\n<div class=\"wp-block-group is-content-justification-center is-nowrap is-layout-flex wp-container-core-group-is-layout-23441af8 wp-block-group-is-layout-flex\">\n<a class=\"wp-block-webx-blocks-svg aligncenter svg-arrow-block-black-hover\" href=\"https:\/\/skr-ag.com\/de\/executive-advisory\/strategie\/\" title=\"SVG Element\"><div class=\"svg\" style=\"height:35px;width:35px\"><svg xmlns=\"http:\/\/www.w3.org\/2000\/svg\" width=\"31.065\" height=\"24.033\" viewBox=\"0 0 31.065 24.033\">\n  <g id=\"Pfeil\" transform=\"translate(1.762 2.475)\">\n    <line id=\"Linie_18\" data-name=\"Linie 18\" x2=\"26.811\" y2=\"0.188\" transform=\"translate(0 9.37)\" fill=\"none\" stroke=\"#f4c723\" stroke-linecap=\"round\" stroke-width=\"3.5\"\/>\n    <line id=\"Linie_19\" data-name=\"Linie 19\" x2=\"13.47\" transform=\"translate(17.303) rotate(45)\" fill=\"none\" stroke=\"#f4c723\" stroke-linecap=\"round\" stroke-width=\"3.5\"\/>\n    <line id=\"Linie_20\" data-name=\"Linie 20\" x2=\"13.47\" transform=\"translate(17.286 19.083) rotate(-45)\" fill=\"none\" stroke=\"#f4c723\" stroke-linecap=\"round\" stroke-width=\"3.5\"\/>\n  <\/g>\n<\/svg>\n<\/div><\/a>\n<\/div>\n<\/div>\n\n\n\n<div class=\"wp-block-column is-vertically-aligned-stretch has-base-background-color has-background is-layout-flow wp-block-column-is-layout-flow\" style=\"padding-top:var(--wp--preset--spacing--30);padding-right:var(--wp--preset--spacing--40);padding-bottom:var(--wp--preset--spacing--20);padding-left:var(--wp--preset--spacing--40);box-shadow:var(--wp--preset--shadow--natural)\">\n<div class=\"wp-block-group has-global-padding is-layout-constrained wp-block-group-is-layout-constrained\">\n<h3 class=\"wp-block-heading has-accent-2-color has-text-color has-link-color has-large-font-size wp-elements-2e0cfcbcbe18db3dac038f9a33f8b31e\"><strong><strong>Mergers &amp; Acquisitions<\/strong><\/strong><\/h3>\n\n\n\n<p>Wir begleiten Sie bei allen Transaktionen \u2013 ob Fusionen, Unternehmensverk\u00e4ufen und -k\u00e4ufen, \u00dcbernahmeangeboten, Betriebs\u00fcberg\u00e4ngen, Spin-offs, Carve-outs oder Unternehmenskooperationen.<\/p>\n<\/div>\n\n\n\n<div class=\"wp-block-group is-content-justification-center is-nowrap is-layout-flex wp-container-core-group-is-layout-23441af8 wp-block-group-is-layout-flex\">\n<a class=\"wp-block-webx-blocks-svg aligncenter svg-arrow-block-black-hover\" href=\"https:\/\/skr-ag.com\/de\/executive-advisory\/mergers-acquisitions\/\" title=\"SVG Element\"><div class=\"svg\" style=\"height:35px;width:35px\"><svg xmlns=\"http:\/\/www.w3.org\/2000\/svg\" width=\"31.065\" height=\"24.033\" viewBox=\"0 0 31.065 24.033\">\n  <g id=\"Pfeil\" transform=\"translate(1.762 2.475)\">\n    <line id=\"Linie_18\" data-name=\"Linie 18\" x2=\"26.811\" y2=\"0.188\" transform=\"translate(0 9.37)\" fill=\"none\" stroke=\"#f4c723\" stroke-linecap=\"round\" stroke-width=\"3.5\"\/>\n    <line id=\"Linie_19\" data-name=\"Linie 19\" x2=\"13.47\" transform=\"translate(17.303) rotate(45)\" fill=\"none\" stroke=\"#f4c723\" stroke-linecap=\"round\" stroke-width=\"3.5\"\/>\n    <line id=\"Linie_20\" data-name=\"Linie 20\" x2=\"13.47\" transform=\"translate(17.286 19.083) rotate(-45)\" fill=\"none\" stroke=\"#f4c723\" stroke-linecap=\"round\" stroke-width=\"3.5\"\/>\n  <\/g>\n<\/svg>\n<\/div><\/a>\n<\/div>\n<\/div>\n<\/div>\n\n\n\n<div class=\"wp-block-columns mobile-more-padding is-layout-flex wp-container-core-columns-is-layout-28f84493 wp-block-columns-is-layout-flex\">\n<div class=\"wp-block-column is-vertically-aligned-stretch has-base-background-color has-background is-layout-flow wp-block-column-is-layout-flow\" style=\"padding-top:var(--wp--preset--spacing--30);padding-right:var(--wp--preset--spacing--40);padding-bottom:var(--wp--preset--spacing--20);padding-left:var(--wp--preset--spacing--40);box-shadow:var(--wp--preset--shadow--natural)\">\n<div class=\"wp-block-group has-global-padding is-layout-constrained wp-block-group-is-layout-constrained\">\n<h3 class=\"wp-block-heading has-accent-2-color has-text-color has-link-color has-large-font-size wp-elements-3dd3ce4858a49a9c43df31ceecafa723\"><strong>Transformation<\/strong><\/h3>\n\n\n\n<p>Transformationsprozesse sind komplex und multidimensional, denn sie betreffen Strategie, Kultur und Struktur eines Unternehmens. SKR bietet Ihnen professionelle Unterst\u00fctzung in der Umsetzung und pr\u00fcft, ob die Ergebnisse der Planung entsprechen.<\/p>\n<\/div>\n\n\n\n<div class=\"wp-block-group is-content-justification-center is-nowrap is-layout-flex wp-container-core-group-is-layout-23441af8 wp-block-group-is-layout-flex\">\n<a class=\"wp-block-webx-blocks-svg aligncenter svg-arrow-block-black-hover\" href=\"https:\/\/skr-ag.com\/de\/executive-advisory\/transformation\/\" title=\"SVG Element\"><div class=\"svg\" style=\"height:35px;width:35px\"><svg xmlns=\"http:\/\/www.w3.org\/2000\/svg\" width=\"31.065\" height=\"24.033\" viewBox=\"0 0 31.065 24.033\">\n  <g id=\"Pfeil\" transform=\"translate(1.762 2.475)\">\n    <line id=\"Linie_18\" data-name=\"Linie 18\" x2=\"26.811\" y2=\"0.188\" transform=\"translate(0 9.37)\" fill=\"none\" stroke=\"#f4c723\" stroke-linecap=\"round\" stroke-width=\"3.5\"\/>\n    <line id=\"Linie_19\" data-name=\"Linie 19\" x2=\"13.47\" transform=\"translate(17.303) rotate(45)\" fill=\"none\" stroke=\"#f4c723\" stroke-linecap=\"round\" stroke-width=\"3.5\"\/>\n    <line id=\"Linie_20\" data-name=\"Linie 20\" x2=\"13.47\" transform=\"translate(17.286 19.083) rotate(-45)\" fill=\"none\" stroke=\"#f4c723\" stroke-linecap=\"round\" stroke-width=\"3.5\"\/>\n  <\/g>\n<\/svg>\n<\/div><\/a>\n<\/div>\n<\/div>\n\n\n\n<div class=\"wp-block-column is-vertically-aligned-stretch has-base-background-color has-background is-layout-flow wp-block-column-is-layout-flow\" style=\"padding-top:var(--wp--preset--spacing--30);padding-right:var(--wp--preset--spacing--40);padding-bottom:var(--wp--preset--spacing--20);padding-left:var(--wp--preset--spacing--40);box-shadow:var(--wp--preset--shadow--natural)\">\n<div class=\"wp-block-group has-global-padding is-layout-constrained wp-block-group-is-layout-constrained\">\n<h3 class=\"wp-block-heading has-accent-2-color has-text-color has-link-color has-large-font-size wp-elements-e609956c647e9080c90b297a56598bcc\"><strong><strong><strong>IT &amp; Digitalisierung<\/strong><\/strong><\/strong><\/h3>\n\n\n\n<p>Moderne Unternehmensarchitekturen entwerfen, innovative Technologien nutzen, Risiken reduzieren: Die Digitalisierung ver\u00e4ndert die Wirtschaft und hilft, komplexe Gesch\u00e4ftsprozesse effizient zu gestalten und neue Gesch\u00e4ftsmodelle zu entwickeln. SKR unterst\u00fctzt Sie dabei.<\/p>\n<\/div>\n\n\n\n<div class=\"wp-block-group is-content-justification-center is-nowrap is-layout-flex wp-container-core-group-is-layout-23441af8 wp-block-group-is-layout-flex\">\n<a class=\"wp-block-webx-blocks-svg aligncenter svg-arrow-block-black-hover\" href=\"https:\/\/skr-ag.com\/de\/executive-advisory\/it-digitalisierung\/\" title=\"SVG Element\"><div class=\"svg\" style=\"height:35px;width:35px\"><svg xmlns=\"http:\/\/www.w3.org\/2000\/svg\" width=\"31.065\" height=\"24.033\" viewBox=\"0 0 31.065 24.033\">\n  <g id=\"Pfeil\" transform=\"translate(1.762 2.475)\">\n    <line id=\"Linie_18\" data-name=\"Linie 18\" x2=\"26.811\" y2=\"0.188\" transform=\"translate(0 9.37)\" fill=\"none\" stroke=\"#f4c723\" stroke-linecap=\"round\" stroke-width=\"3.5\"\/>\n    <line id=\"Linie_19\" data-name=\"Linie 19\" x2=\"13.47\" transform=\"translate(17.303) rotate(45)\" fill=\"none\" stroke=\"#f4c723\" stroke-linecap=\"round\" stroke-width=\"3.5\"\/>\n    <line id=\"Linie_20\" data-name=\"Linie 20\" x2=\"13.47\" transform=\"translate(17.286 19.083) rotate(-45)\" fill=\"none\" stroke=\"#f4c723\" stroke-linecap=\"round\" stroke-width=\"3.5\"\/>\n  <\/g>\n<\/svg>\n<\/div><\/a>\n<\/div>\n<\/div>\n<\/div>\n\n\n\n<div class=\"wp-block-columns mobile-more-padding is-layout-flex wp-container-core-columns-is-layout-28f84493 wp-block-columns-is-layout-flex\">\n<div class=\"wp-block-column is-vertically-aligned-stretch has-base-background-color has-background is-layout-flow wp-block-column-is-layout-flow\" style=\"padding-top:var(--wp--preset--spacing--30);padding-right:var(--wp--preset--spacing--40);padding-bottom:var(--wp--preset--spacing--20);padding-left:var(--wp--preset--spacing--40);box-shadow:var(--wp--preset--shadow--natural)\">\n<div class=\"wp-block-group has-global-padding is-layout-constrained wp-block-group-is-layout-constrained\">\n<h3 class=\"wp-block-heading has-accent-2-color has-text-color has-link-color has-large-font-size wp-elements-c4ecbe8aff5671db5f95c92973a5fa05\"><strong><strong>Interim Management<\/strong><\/strong><\/h3>\n\n\n\n<p>In kritischen Phasen oder bei kurzfristigen Vakanzen stellen wir erfahrene Interim Manager, die Verantwortung \u00fcbernehmen, Stabilit\u00e4t schaffen und V0er\u00e4nderungen konsequent umsetzen \u2013 vom Projekt bis zur Unternehmensf\u00fchrung auf Zeit.<\/p>\n<\/div>\n\n\n\n<div class=\"wp-block-group is-content-justification-center is-nowrap is-layout-flex wp-container-core-group-is-layout-23441af8 wp-block-group-is-layout-flex\">\n<a class=\"wp-block-webx-blocks-svg aligncenter svg-arrow-block-black-hover\" href=\"https:\/\/skr-ag.com\/de\/executive-advisory\/interim-management\/\" title=\"SVG Element\"><div class=\"svg\" style=\"height:35px;width:35px\"><svg xmlns=\"http:\/\/www.w3.org\/2000\/svg\" width=\"31.065\" height=\"24.033\" viewBox=\"0 0 31.065 24.033\">\n  <g id=\"Pfeil\" transform=\"translate(1.762 2.475)\">\n    <line id=\"Linie_18\" data-name=\"Linie 18\" x2=\"26.811\" y2=\"0.188\" transform=\"translate(0 9.37)\" fill=\"none\" stroke=\"#f4c723\" stroke-linecap=\"round\" stroke-width=\"3.5\"\/>\n    <line id=\"Linie_19\" data-name=\"Linie 19\" x2=\"13.47\" transform=\"translate(17.303) rotate(45)\" fill=\"none\" stroke=\"#f4c723\" stroke-linecap=\"round\" stroke-width=\"3.5\"\/>\n    <line id=\"Linie_20\" data-name=\"Linie 20\" x2=\"13.47\" transform=\"translate(17.286 19.083) rotate(-45)\" fill=\"none\" stroke=\"#f4c723\" stroke-linecap=\"round\" stroke-width=\"3.5\"\/>\n  <\/g>\n<\/svg>\n<\/div><\/a>\n<\/div>\n<\/div>\n\n\n\n<div class=\"wp-block-column is-vertically-aligned-stretch has-base-background-color has-background is-layout-flow wp-block-column-is-layout-flow\" style=\"padding-top:var(--wp--preset--spacing--30);padding-right:var(--wp--preset--spacing--40);padding-bottom:var(--wp--preset--spacing--20);padding-left:var(--wp--preset--spacing--40);box-shadow:var(--wp--preset--shadow--natural)\">\n<div class=\"wp-block-group has-global-padding is-layout-constrained wp-block-group-is-layout-constrained\">\n<h3 class=\"wp-block-heading has-accent-2-color has-text-color has-link-color has-large-font-size wp-elements-83a4a36a866628e32923d67349449007\"><strong><strong><strong><strong>Studien &amp; Marktanalysen<\/strong><\/strong><\/strong><\/strong><\/h3>\n\n\n\n<p>Fundierte Entscheidungen brauchen fundierte Daten, insbesondere finanzielle Daten. SKR analysiert M\u00e4rkte, Wettbewerber und Gesch\u00e4ftsmodelle, erstellt Szenarien und Prognosen und entwickelt individuelle Studien zu Chancen und Risiken \u2013 als Grundlage f\u00fcr Ihre Strategie.<\/p>\n<\/div>\n\n\n\n<div class=\"wp-block-group is-content-justification-center is-nowrap is-layout-flex wp-container-core-group-is-layout-23441af8 wp-block-group-is-layout-flex\">\n<a class=\"wp-block-webx-blocks-svg aligncenter svg-arrow-block-black-hover\" href=\"https:\/\/skr-ag.com\/de\/executive-advisory\/marktanalysen\/\" title=\"SVG Element\"><div class=\"svg\" style=\"height:35px;width:35px\"><svg xmlns=\"http:\/\/www.w3.org\/2000\/svg\" width=\"31.065\" height=\"24.033\" viewBox=\"0 0 31.065 24.033\">\n  <g id=\"Pfeil\" transform=\"translate(1.762 2.475)\">\n    <line id=\"Linie_18\" data-name=\"Linie 18\" x2=\"26.811\" y2=\"0.188\" transform=\"translate(0 9.37)\" fill=\"none\" stroke=\"#f4c723\" stroke-linecap=\"round\" stroke-width=\"3.5\"\/>\n    <line id=\"Linie_19\" data-name=\"Linie 19\" x2=\"13.47\" transform=\"translate(17.303) rotate(45)\" fill=\"none\" stroke=\"#f4c723\" stroke-linecap=\"round\" stroke-width=\"3.5\"\/>\n    <line id=\"Linie_20\" data-name=\"Linie 20\" x2=\"13.47\" transform=\"translate(17.286 19.083) rotate(-45)\" fill=\"none\" stroke=\"#f4c723\" stroke-linecap=\"round\" stroke-width=\"3.5\"\/>\n  <\/g>\n<\/svg>\n<\/div><\/a>\n<\/div>\n<\/div>\n<\/div>\n<\/div>\n\n\n\n<div class=\"wp-block-webx-blocks-responsive-spacer\" style=\"--desktop-height:150px;--tablet-height:25px;--mobile-height:25px\"><\/div>\n<\/div>\n","protected":false},"excerpt":{"rendered":"<p>Executive Advisory SKR bietet Investoren, Vorst\u00e4nden und Executives Unternehmens- und Strategieberatung sowie Interim Management \u2013 weltweit. Unser Team verf\u00fcgt \u00fcber jahrzehntelange Managementerfahrung und eine hohe Expertise. Wir handeln diskret, seri\u00f6s und hochprofessionell. Strategie Mit der richtigen Gesch\u00e4ftsstrategie f\u00fchren Sie Ihr Business erfolgreich in die Zukunft, insbesondere in Zeiten des tiefgreifenden Wandels. Wir unterst\u00fctzen Sie dabei, [&hellip;]<\/p>\n","protected":false},"author":1,"featured_media":0,"parent":0,"menu_order":0,"comment_status":"closed","ping_status":"closed","template":"wp-custom-template-page-no-transparent-header","meta":{"footnotes":""},"class_list":["post-166","page","type-page","status-publish","hentry"],"_links":{"self":[{"href":"https:\/\/skr-ag.com\/de\/wp-json\/wp\/v2\/pages\/166","targetHints":{"allow":["GET"]}}],"collection":[{"href":"https:\/\/skr-ag.com\/de\/wp-json\/wp\/v2\/pages"}],"about":[{"href":"https:\/\/skr-ag.com\/de\/wp-json\/wp\/v2\/types\/page"}],"author":[{"embeddable":true,"href":"https:\/\/skr-ag.com\/de\/wp-json\/wp\/v2\/users\/1"}],"replies":[{"embeddable":true,"href":"https:\/\/skr-ag.com\/de\/wp-json\/wp\/v2\/comments?post=166"}],"version-history":[{"count":30,"href":"https:\/\/skr-ag.com\/de\/wp-json\/wp\/v2\/pages\/166\/revisions"}],"predecessor-version":[{"id":5007,"href":"https:\/\/skr-ag.com\/de\/wp-json\/wp\/v2\/pages\/166\/revisions\/5007"}],"wp:attachment":[{"href":"https:\/\/skr-ag.com\/de\/wp-json\/wp\/v2\/media?parent=166"}],"curies":[{"name":"wp","href":"https:\/\/api.w.org\/{rel}","templated":true}]}}