{"id":205,"date":"2025-10-13T14:33:33","date_gmt":"2025-10-13T14:33:33","guid":{"rendered":"https:\/\/skr.cloud16.webhome.at\/?page_id=205"},"modified":"2025-10-20T15:02:30","modified_gmt":"2025-10-20T15:02:30","slug":"transformation","status":"publish","type":"page","link":"https:\/\/skr-ag.com\/de\/executive-advisory\/transformation\/","title":{"rendered":"Transformation"},"content":{"rendered":"\n<div class=\"wp-block-group has-global-padding is-layout-constrained wp-block-group-is-layout-constrained\">\n<div class=\"wp-block-group has-global-padding is-layout-constrained wp-container-core-group-is-layout-5ea9e190 wp-block-group-is-layout-constrained\">\n<div class=\"wp-block-webx-blocks-responsive-spacer\" style=\"--desktop-height:75px;--tablet-height:75px;--mobile-height:25px\"><\/div>\n\n\n\n<h1 class=\"wp-block-heading has-text-align-center has-accent-2-color has-text-color has-link-color has-x-large-font-size wp-elements-0129aee6f63adc661afee26d35194583\"><strong>Transformation<\/strong><\/h1>\n\n\n\n<p class=\"has-text-align-center\">Unternehmen stehen heute vor multiplen Transformationen: digitale Technologien, neue Kundenbed\u00fcrfnisse, geopolitische Unsicherheiten, Nachhaltigkeitsdruck und steigende Kosten. Diese Entwicklungen betreffen Gesch\u00e4ftsmodelle, Organisationen und Unternehmenskulturen gleicherma\u00dfen. SKR begleitet Sie dabei, Wandel aktiv zu steuern und Ihr Unternehmen langfristig leistungsf\u00e4hig aufzustellen.<\/p>\n\n\n\n<div class=\"wp-block-webx-blocks-responsive-spacer\" style=\"--desktop-height:75px;--tablet-height:75px;--mobile-height:75px\"><\/div>\n<\/div>\n<\/div>\n\n\n\n<div class=\"wp-block-group has-global-padding is-layout-constrained wp-container-core-group-is-layout-12e6237e wp-block-group-is-layout-constrained\">\n<div class=\"wp-block-columns mobile-no-gap is-layout-flex wp-container-core-columns-is-layout-28f84493 wp-block-columns-is-layout-flex\" style=\"box-shadow:var(--wp--preset--shadow--natural)\">\n<div class=\"wp-block-column is-layout-flow wp-block-column-is-layout-flow\" style=\"padding-top:var(--wp--preset--spacing--20);padding-right:var(--wp--preset--spacing--20);padding-bottom:var(--wp--preset--spacing--20);padding-left:var(--wp--preset--spacing--20)\">\n<figure class=\"wp-block-image size-full\"><img loading=\"lazy\" decoding=\"async\" width=\"1531\" height=\"708\" src=\"https:\/\/skr-ag.com\/wp-content\/uploads\/2025\/10\/Optimierung-Organisation_735x340.jpg\" alt=\"\" class=\"wp-image-208\" style=\"aspect-ratio:4\/3;object-fit:cover\" srcset=\"https:\/\/skr-ag.com\/wp-content\/uploads\/2025\/10\/Optimierung-Organisation_735x340.jpg 1531w, https:\/\/skr-ag.com\/wp-content\/uploads\/2025\/10\/Optimierung-Organisation_735x340-300x139.jpg 300w, https:\/\/skr-ag.com\/wp-content\/uploads\/2025\/10\/Optimierung-Organisation_735x340-1024x474.jpg 1024w, https:\/\/skr-ag.com\/wp-content\/uploads\/2025\/10\/Optimierung-Organisation_735x340-768x355.jpg 768w, https:\/\/skr-ag.com\/wp-content\/uploads\/2025\/10\/Optimierung-Organisation_735x340-1297x600.jpg 1297w\" sizes=\"auto, (max-width: 1531px) 100vw, 1531px\" \/><\/figure>\n<\/div>\n\n\n\n<div class=\"wp-block-column is-vertically-aligned-center is-layout-flow wp-block-column-is-layout-flow\" style=\"padding-top:var(--wp--preset--spacing--30);padding-right:var(--wp--preset--spacing--30);padding-bottom:var(--wp--preset--spacing--30);padding-left:var(--wp--preset--spacing--30)\">\n<h3 class=\"wp-block-heading has-accent-2-color has-text-color has-link-color wp-elements-8dab0b1f5f50cc497c59303a3511b909\"><strong><strong><strong>Transformationsvision<\/strong><\/strong><\/strong><\/h3>\n\n\n\n<p>Transformation beginnt mit einem klaren Zielbild. Gemeinsam mit Vorstand und dem Executive Team entwickeln wir eine Vision, die aufzeigt, wie Ihr Unternehmen in Zukunft aufgestellt sein k\u00f6nnte \u2013 und wie sich daraus konkrete Priorit\u00e4ten und Handlungsanleitungen f\u00fcr die Marktausrichtung und Organisation ableiten.<\/p>\n\n\n\n<div class=\"wp-block-webx-blocks-responsive-spacer\" style=\"--desktop-height:;--tablet-height:;--mobile-height:50px\"><\/div>\n<\/div>\n<\/div>\n\n\n\n<div class=\"wp-block-columns mobile-no-gap is-layout-flex wp-container-core-columns-is-layout-28f84493 wp-block-columns-is-layout-flex\" style=\"box-shadow:var(--wp--preset--shadow--natural)\">\n<div class=\"wp-block-column is-layout-flow wp-block-column-is-layout-flow\" style=\"padding-top:var(--wp--preset--spacing--20);padding-right:var(--wp--preset--spacing--20);padding-bottom:var(--wp--preset--spacing--20);padding-left:var(--wp--preset--spacing--20)\">\n<figure class=\"wp-block-image size-full\"><img loading=\"lazy\" decoding=\"async\" width=\"1531\" height=\"708\" src=\"https:\/\/skr-ag.com\/wp-content\/uploads\/2025\/10\/Optimierung-Organisation_735x3402.jpg\" alt=\"\" class=\"wp-image-209\" style=\"aspect-ratio:4\/3;object-fit:cover\" srcset=\"https:\/\/skr-ag.com\/wp-content\/uploads\/2025\/10\/Optimierung-Organisation_735x3402.jpg 1531w, https:\/\/skr-ag.com\/wp-content\/uploads\/2025\/10\/Optimierung-Organisation_735x3402-300x139.jpg 300w, https:\/\/skr-ag.com\/wp-content\/uploads\/2025\/10\/Optimierung-Organisation_735x3402-1024x474.jpg 1024w, https:\/\/skr-ag.com\/wp-content\/uploads\/2025\/10\/Optimierung-Organisation_735x3402-768x355.jpg 768w, https:\/\/skr-ag.com\/wp-content\/uploads\/2025\/10\/Optimierung-Organisation_735x3402-1297x600.jpg 1297w\" sizes=\"auto, (max-width: 1531px) 100vw, 1531px\" \/><\/figure>\n<\/div>\n\n\n\n<div class=\"wp-block-column is-vertically-aligned-center is-layout-flow wp-block-column-is-layout-flow\" style=\"padding-top:var(--wp--preset--spacing--30);padding-right:var(--wp--preset--spacing--30);padding-bottom:var(--wp--preset--spacing--30);padding-left:var(--wp--preset--spacing--30)\">\n<h3 class=\"wp-block-heading has-accent-2-color has-text-color has-link-color wp-elements-ab097a12a223a4b9d73a71c498d19993\"><strong><strong><strong><strong><strong>Readiness- \/ Health-Check<\/strong><\/strong><\/strong><\/strong><\/strong><\/h3>\n\n\n\n<p>Ver\u00e4nderungen stellen hohe Anforderungen an die Organisation. Sind Management und Teams bereit f\u00fcr neue Strukturen, Prozesse und Arbeitsweisen? SKR bewertet die kritischen Erfolgsfaktoren und zeigt einen Weg f\u00fcr eine erfolgreiche Transformation.<\/p>\n\n\n\n<div class=\"wp-block-webx-blocks-responsive-spacer\" style=\"--desktop-height:;--tablet-height:;--mobile-height:50px\"><\/div>\n<\/div>\n<\/div>\n\n\n\n<div class=\"wp-block-columns mobile-no-gap is-layout-flex wp-container-core-columns-is-layout-28f84493 wp-block-columns-is-layout-flex\" style=\"box-shadow:var(--wp--preset--shadow--natural)\">\n<div class=\"wp-block-column is-layout-flow wp-block-column-is-layout-flow\" style=\"padding-top:var(--wp--preset--spacing--20);padding-right:var(--wp--preset--spacing--20);padding-bottom:var(--wp--preset--spacing--20);padding-left:var(--wp--preset--spacing--20)\">\n<figure class=\"wp-block-image size-full\"><img loading=\"lazy\" decoding=\"async\" width=\"1531\" height=\"708\" src=\"https:\/\/skr-ag.com\/wp-content\/uploads\/2025\/10\/MergerAcquisition_735x3403.jpg\" alt=\"\" class=\"wp-image-210\" style=\"aspect-ratio:4\/3;object-fit:cover\" srcset=\"https:\/\/skr-ag.com\/wp-content\/uploads\/2025\/10\/MergerAcquisition_735x3403.jpg 1531w, https:\/\/skr-ag.com\/wp-content\/uploads\/2025\/10\/MergerAcquisition_735x3403-300x139.jpg 300w, https:\/\/skr-ag.com\/wp-content\/uploads\/2025\/10\/MergerAcquisition_735x3403-1024x474.jpg 1024w, https:\/\/skr-ag.com\/wp-content\/uploads\/2025\/10\/MergerAcquisition_735x3403-768x355.jpg 768w, https:\/\/skr-ag.com\/wp-content\/uploads\/2025\/10\/MergerAcquisition_735x3403-1297x600.jpg 1297w\" sizes=\"auto, (max-width: 1531px) 100vw, 1531px\" \/><\/figure>\n<\/div>\n\n\n\n<div class=\"wp-block-column is-vertically-aligned-center is-layout-flow wp-block-column-is-layout-flow\" style=\"padding-top:var(--wp--preset--spacing--30);padding-right:var(--wp--preset--spacing--30);padding-bottom:var(--wp--preset--spacing--30);padding-left:var(--wp--preset--spacing--30)\">\n<h3 class=\"wp-block-heading has-accent-2-color has-text-color has-link-color wp-elements-187cbd65f5b4138674b9463d5ed05585\"><strong><strong><strong><strong><strong><strong>Transformationsstrategie<\/strong><\/strong><\/strong><\/strong><\/strong><\/strong><\/h3>\n\n\n\n<p>Transformation betrifft meist mehrere Unternehmensbereiche gleichzeitig und erstreckt sich \u00fcber einen l\u00e4ngeren Zeitraum. Wir entwickeln mit Ihnen ein spezielles Ma\u00dfnahmenportfolio, priorisieren Handlungsfelder und erstellen eine Roadmap, die Strategie und Umsetzung verbindet.<\/p>\n\n\n\n<div class=\"wp-block-webx-blocks-responsive-spacer\" style=\"--desktop-height:;--tablet-height:;--mobile-height:50px\"><\/div>\n<\/div>\n<\/div>\n\n\n\n<div class=\"wp-block-columns mobile-no-gap is-layout-flex wp-container-core-columns-is-layout-28f84493 wp-block-columns-is-layout-flex\" style=\"box-shadow:var(--wp--preset--shadow--natural)\">\n<div class=\"wp-block-column is-layout-flow wp-block-column-is-layout-flow\" style=\"padding-top:var(--wp--preset--spacing--20);padding-right:var(--wp--preset--spacing--20);padding-bottom:var(--wp--preset--spacing--20);padding-left:var(--wp--preset--spacing--20)\">\n<figure class=\"wp-block-image size-full\"><img loading=\"lazy\" decoding=\"async\" width=\"1531\" height=\"708\" src=\"https:\/\/skr-ag.com\/wp-content\/uploads\/2025\/10\/Optimierung-Organisation_735x3404.jpg\" alt=\"\" class=\"wp-image-211\" style=\"aspect-ratio:4\/3;object-fit:cover\" srcset=\"https:\/\/skr-ag.com\/wp-content\/uploads\/2025\/10\/Optimierung-Organisation_735x3404.jpg 1531w, https:\/\/skr-ag.com\/wp-content\/uploads\/2025\/10\/Optimierung-Organisation_735x3404-300x139.jpg 300w, https:\/\/skr-ag.com\/wp-content\/uploads\/2025\/10\/Optimierung-Organisation_735x3404-1024x474.jpg 1024w, https:\/\/skr-ag.com\/wp-content\/uploads\/2025\/10\/Optimierung-Organisation_735x3404-768x355.jpg 768w, https:\/\/skr-ag.com\/wp-content\/uploads\/2025\/10\/Optimierung-Organisation_735x3404-1297x600.jpg 1297w\" sizes=\"auto, (max-width: 1531px) 100vw, 1531px\" \/><\/figure>\n<\/div>\n\n\n\n<div class=\"wp-block-column is-vertically-aligned-center is-layout-flow wp-block-column-is-layout-flow\" style=\"padding-top:var(--wp--preset--spacing--30);padding-right:var(--wp--preset--spacing--30);padding-bottom:var(--wp--preset--spacing--30);padding-left:var(--wp--preset--spacing--30)\">\n<h3 class=\"wp-block-heading has-accent-2-color has-text-color has-link-color wp-elements-52a56ef35ea88c9aa4a57419ccfc5dde\"><strong><strong><strong><strong><strong><strong><strong>Governance &amp; Umsetzung<\/strong><\/strong><\/strong><\/strong><\/strong><\/strong><\/strong><\/h3>\n\n\n\n<p>Ohne konsequente Steuerung bleibt Transformation St\u00fcckwerk. SKR unterst\u00fctzt beim Aufbau einer schlagkr\u00e4ftigen Governance, \u00fcberbr\u00fcckt Engp\u00e4sse mit erfahrenen Interim Managern und hilft, neue F\u00fchrungskr\u00e4fte zu finden und einzubinden.<\/p>\n\n\n\n<div class=\"wp-block-webx-blocks-responsive-spacer\" style=\"--desktop-height:;--tablet-height:;--mobile-height:50px\"><\/div>\n<\/div>\n<\/div>\n<\/div>\n\n\n\n<div class=\"wp-block-group alignfull has-global-padding is-layout-constrained wp-block-group-is-layout-constrained\">\n<div class=\"wp-block-group quote-group has-global-padding is-layout-constrained wp-container-core-group-is-layout-818828f2 wp-block-group-is-layout-constrained has-background\" style=\"padding-right:var(--wp--preset--spacing--40);padding-left:var(--wp--preset--spacing--40);background-image:url(&apos;https:\/\/skr-ag.com\/wp-content\/uploads\/2025\/10\/quote-right-svgrepo-com.svg&apos;);background-position:0% 50%;background-repeat:no-repeat;background-size:contain;\">\n<div class=\"wp-block-webx-blocks-responsive-spacer\" style=\"--desktop-height:150px;--tablet-height:150px;--mobile-height:150px\"><\/div>\n\n\n\n<p class=\"has-accent-2-color has-text-color has-link-color has-large-font-size wp-elements-fb309bf7003276bb2bf43d283f315051\"><em>Transformation kostet Energie und erzeugt Unruhe \u2013 richtig gesteuert schafft sie Zukunftsf\u00e4higkeit, Resilienz und nachhaltiges Wachstum.<\/em><\/p>\n\n\n\n<div class=\"wp-block-webx-blocks-responsive-spacer\" style=\"--desktop-height:100px;--tablet-height:100px;--mobile-height:75px\"><\/div>\n<\/div>\n<\/div>\n\n\n\n<div class=\"wp-block-group navigation-box has-global-padding is-layout-constrained wp-container-core-group-is-layout-abb6fe41 wp-block-group-is-layout-constrained\">\n<div class=\"wp-block-group has-border-color has-base-border-color has-medium-grey-background-color has-background has-global-padding is-layout-constrained wp-block-group-is-layout-constrained\" style=\"border-width:20px;box-shadow:var(--wp--preset--shadow--natural)\">\n<div class=\"wp-block-columns is-layout-flex wp-container-core-columns-is-layout-74d018ca wp-block-columns-is-layout-flex\" style=\"padding-top:var(--wp--preset--spacing--20);padding-right:var(--wp--preset--spacing--20);padding-bottom:var(--wp--preset--spacing--20);padding-left:var(--wp--preset--spacing--20)\">\n<div class=\"wp-block-column is-layout-flow wp-container-core-column-is-layout-8a368f38 wp-block-column-is-layout-flow\">\n<div class=\"wp-block-group is-content-justification-space-between is-nowrap is-layout-flex wp-container-core-group-is-layout-66f2da0c wp-block-group-is-layout-flex\" style=\"padding-top:var(--wp--preset--spacing--10);padding-right:var(--wp--preset--spacing--10);padding-bottom:var(--wp--preset--spacing--10);padding-left:var(--wp--preset--spacing--10)\">\n<div class=\"wp-block-group is-nowrap is-layout-flex wp-container-core-group-is-layout-6c531013 wp-block-group-is-layout-flex\">\n<p class=\"navigation-numbers has-accent-color has-text-color has-link-color has-x-large-font-size wp-elements-ba5c5bbbfe53c2cc8a089851e35b0309\" style=\"line-height:1\"><strong><a href=\"https:\/\/skr-ag.com\/de\/executive-advisory\/strategie\/\" data-type=\"page\" data-id=\"141\">01<\/a><\/strong><\/p>\n\n\n\n<p class=\"has-mark-bold-font-family has-large-font-size\" style=\"line-height:1.1\"><a href=\"https:\/\/skr-ag.com\/de\/executive-advisory\/strategie\/\"><strong>Strategie<\/strong><\/a><\/p>\n<\/div>\n\n\n\n<a class=\"wp-block-webx-blocks-svg svg-arrow-block-black-hover\" href=\"https:\/\/skr-ag.com\/de\/executive-advisory\/strategie\/\" title=\"SVG Element\"><div class=\"svg\" style=\"height:35px;width:35px\"><svg xmlns=\"http:\/\/www.w3.org\/2000\/svg\" width=\"31.065\" height=\"24.033\" viewBox=\"0 0 31.065 24.033\">\n  <g id=\"Pfeil\" transform=\"translate(1.762 2.475)\">\n    <line id=\"Linie_18\" data-name=\"Linie 18\" x2=\"26.811\" y2=\"0.188\" transform=\"translate(0 9.37)\" fill=\"none\" stroke=\"#f4c723\" stroke-linecap=\"round\" stroke-width=\"3.5\"\/>\n    <line id=\"Linie_19\" data-name=\"Linie 19\" x2=\"13.47\" transform=\"translate(17.303) rotate(45)\" fill=\"none\" stroke=\"#f4c723\" stroke-linecap=\"round\" stroke-width=\"3.5\"\/>\n    <line id=\"Linie_20\" data-name=\"Linie 20\" x2=\"13.47\" transform=\"translate(17.286 19.083) rotate(-45)\" fill=\"none\" stroke=\"#f4c723\" stroke-linecap=\"round\" stroke-width=\"3.5\"\/>\n  <\/g>\n<\/svg>\n<\/div><\/a>\n<\/div>\n\n\n\n<div class=\"wp-block-group is-content-justification-space-between is-nowrap is-layout-flex wp-container-core-group-is-layout-66f2da0c wp-block-group-is-layout-flex\" style=\"padding-top:var(--wp--preset--spacing--10);padding-right:var(--wp--preset--spacing--10);padding-bottom:var(--wp--preset--spacing--10);padding-left:var(--wp--preset--spacing--10)\">\n<div class=\"wp-block-group is-nowrap is-layout-flex wp-container-core-group-is-layout-6c531013 wp-block-group-is-layout-flex\">\n<p class=\"navigation-numbers has-accent-color has-text-color has-link-color has-x-large-font-size wp-elements-e318fd0bf749b9075edf8e30b195046e\" style=\"line-height:1\"><strong><a href=\"https:\/\/skr-ag.com\/de\/executive-advisory\/mergers-acquisitions\/\" data-type=\"page\" data-id=\"180\">02<\/a><\/strong><\/p>\n\n\n\n<p class=\"nav-break-text-1 has-mark-bold-font-family has-large-font-size\" style=\"line-height:1.1\"><strong><a href=\"https:\/\/skr-ag.com\/de\/executive-advisory\/mergers-acquisitions\/\" data-type=\"page\" data-id=\"180\">Mergers &amp; Acquisitions<\/a><\/strong><\/p>\n<\/div>\n\n\n\n<a class=\"wp-block-webx-blocks-svg svg-arrow-block-black-hover\" href=\"https:\/\/skr-ag.com\/de\/executive-advisory\/mergers-acquisitions\/\" title=\"SVG Element\"><div class=\"svg\" style=\"height:35px;width:35px\"><svg xmlns=\"http:\/\/www.w3.org\/2000\/svg\" width=\"31.065\" height=\"24.033\" viewBox=\"0 0 31.065 24.033\">\n  <g id=\"Pfeil\" transform=\"translate(1.762 2.475)\">\n    <line id=\"Linie_18\" data-name=\"Linie 18\" x2=\"26.811\" y2=\"0.188\" transform=\"translate(0 9.37)\" fill=\"none\" stroke=\"#f4c723\" stroke-linecap=\"round\" stroke-width=\"3.5\"\/>\n    <line id=\"Linie_19\" data-name=\"Linie 19\" x2=\"13.47\" transform=\"translate(17.303) rotate(45)\" fill=\"none\" stroke=\"#f4c723\" stroke-linecap=\"round\" stroke-width=\"3.5\"\/>\n    <line id=\"Linie_20\" data-name=\"Linie 20\" x2=\"13.47\" transform=\"translate(17.286 19.083) rotate(-45)\" fill=\"none\" stroke=\"#f4c723\" stroke-linecap=\"round\" stroke-width=\"3.5\"\/>\n  <\/g>\n<\/svg>\n<\/div><\/a>\n<\/div>\n\n\n\n<div class=\"wp-block-group is-content-justification-space-between is-nowrap is-layout-flex wp-container-core-group-is-layout-66f2da0c wp-block-group-is-layout-flex\" style=\"padding-top:var(--wp--preset--spacing--10);padding-right:var(--wp--preset--spacing--10);padding-bottom:var(--wp--preset--spacing--10);padding-left:var(--wp--preset--spacing--10)\">\n<div class=\"wp-block-group is-nowrap is-layout-flex wp-container-core-group-is-layout-6c531013 wp-block-group-is-layout-flex\">\n<p class=\"navigation-numbers has-accent-color has-text-color has-link-color has-x-large-font-size wp-elements-754ee96e76d23472ee3cf9936d3df491\" style=\"line-height:1\"><strong><a href=\"https:\/\/skr-ag.com\/de\/executive-advisory\/transformation\/\" data-type=\"page\" data-id=\"205\">03<\/a><\/strong><\/p>\n\n\n\n<p class=\"has-mark-bold-font-family has-large-font-size\" style=\"line-height:1.1\"><strong><a href=\"https:\/\/skr-ag.com\/de\/executive-advisory\/transformation\/\" data-type=\"page\" data-id=\"205\">Transformation<\/a><\/strong><\/p>\n<\/div>\n\n\n\n<a class=\"wp-block-webx-blocks-svg svg-arrow-block-black-hover\" href=\"https:\/\/skr-ag.com\/de\/executive-advisory\/transformation\/\" title=\"SVG Element\"><div class=\"svg\" style=\"height:35px;width:35px\"><svg xmlns=\"http:\/\/www.w3.org\/2000\/svg\" width=\"31.065\" height=\"24.033\" viewBox=\"0 0 31.065 24.033\">\n  <g id=\"Pfeil\" transform=\"translate(1.762 2.475)\">\n    <line id=\"Linie_18\" data-name=\"Linie 18\" x2=\"26.811\" y2=\"0.188\" transform=\"translate(0 9.37)\" fill=\"none\" stroke=\"#f4c723\" stroke-linecap=\"round\" stroke-width=\"3.5\"\/>\n    <line id=\"Linie_19\" data-name=\"Linie 19\" x2=\"13.47\" transform=\"translate(17.303) rotate(45)\" fill=\"none\" stroke=\"#f4c723\" stroke-linecap=\"round\" stroke-width=\"3.5\"\/>\n    <line id=\"Linie_20\" data-name=\"Linie 20\" x2=\"13.47\" transform=\"translate(17.286 19.083) rotate(-45)\" fill=\"none\" stroke=\"#f4c723\" stroke-linecap=\"round\" stroke-width=\"3.5\"\/>\n  <\/g>\n<\/svg>\n<\/div><\/a>\n<\/div>\n<\/div>\n\n\n\n<div class=\"wp-block-column is-layout-flow wp-container-core-column-is-layout-8a368f38 wp-block-column-is-layout-flow\">\n<div class=\"wp-block-group is-content-justification-space-between is-nowrap is-layout-flex wp-container-core-group-is-layout-66f2da0c wp-block-group-is-layout-flex\" style=\"padding-top:var(--wp--preset--spacing--10);padding-right:var(--wp--preset--spacing--10);padding-bottom:var(--wp--preset--spacing--10);padding-left:var(--wp--preset--spacing--10)\">\n<div class=\"wp-block-group is-nowrap is-layout-flex wp-container-core-group-is-layout-6c531013 wp-block-group-is-layout-flex\">\n<p class=\"navigation-numbers has-accent-color has-text-color has-link-color has-x-large-font-size wp-elements-78c33d0c56429ff3a416bd8673d75875\" style=\"line-height:1\"><strong><a href=\"https:\/\/skr-ag.com\/executive-advisory\/it-digitalisierung\/\" data-type=\"page\" data-id=\"219\">04<\/a><\/strong><\/p>\n\n\n\n<p class=\"has-mark-bold-font-family has-large-font-size\" style=\"line-height:1.1\"><strong><a href=\"https:\/\/skr-ag.com\/de\/executive-advisory\/it-digitalisierung\/\" data-type=\"page\" data-id=\"219\">IT &amp; Digitalisierung<\/a><\/strong><\/p>\n<\/div>\n\n\n\n<a class=\"wp-block-webx-blocks-svg svg-arrow-block-black-hover\" href=\"https:\/\/skr-ag.com\/de\/executive-advisory\/it-digitalisierung\/\" title=\"SVG Element\"><div class=\"svg\" style=\"height:35px;width:35px\"><svg xmlns=\"http:\/\/www.w3.org\/2000\/svg\" width=\"31.065\" height=\"24.033\" viewBox=\"0 0 31.065 24.033\">\n  <g id=\"Pfeil\" transform=\"translate(1.762 2.475)\">\n    <line id=\"Linie_18\" data-name=\"Linie 18\" x2=\"26.811\" y2=\"0.188\" transform=\"translate(0 9.37)\" fill=\"none\" stroke=\"#f4c723\" stroke-linecap=\"round\" stroke-width=\"3.5\"\/>\n    <line id=\"Linie_19\" data-name=\"Linie 19\" x2=\"13.47\" transform=\"translate(17.303) rotate(45)\" fill=\"none\" stroke=\"#f4c723\" stroke-linecap=\"round\" stroke-width=\"3.5\"\/>\n    <line id=\"Linie_20\" data-name=\"Linie 20\" x2=\"13.47\" transform=\"translate(17.286 19.083) rotate(-45)\" fill=\"none\" stroke=\"#f4c723\" stroke-linecap=\"round\" stroke-width=\"3.5\"\/>\n  <\/g>\n<\/svg>\n<\/div><\/a>\n<\/div>\n\n\n\n<div class=\"wp-block-group is-content-justification-space-between is-nowrap is-layout-flex wp-container-core-group-is-layout-66f2da0c wp-block-group-is-layout-flex\" style=\"padding-top:var(--wp--preset--spacing--10);padding-right:var(--wp--preset--spacing--10);padding-bottom:var(--wp--preset--spacing--10);padding-left:var(--wp--preset--spacing--10)\">\n<div class=\"wp-block-group is-nowrap is-layout-flex wp-container-core-group-is-layout-6c531013 wp-block-group-is-layout-flex\">\n<p class=\"navigation-numbers has-accent-color has-text-color has-link-color has-x-large-font-size wp-elements-5ba7a5a1441afbdd58d264f331d04559\" style=\"line-height:1\"><strong><a href=\"https:\/\/skr-ag.com\/de\/executive-advisory\/interim-management\/\" data-type=\"page\" data-id=\"214\">05<\/a><\/strong><\/p>\n\n\n\n<p class=\"nav-break-text-2 has-mark-bold-font-family has-large-font-size\" style=\"line-height:1.1\"><strong><a href=\"https:\/\/skr-ag.com\/de\/executive-advisory\/interim-management\/\" data-type=\"page\" data-id=\"214\">Interim Management<\/a><\/strong><\/p>\n<\/div>\n\n\n\n<a class=\"wp-block-webx-blocks-svg svg-arrow-block-black-hover\" href=\"https:\/\/skr-ag.com\/de\/executive-advisory\/interim-management\/\" title=\"SVG Element\"><div class=\"svg\" style=\"height:35px;width:35px\"><svg xmlns=\"http:\/\/www.w3.org\/2000\/svg\" width=\"31.065\" height=\"24.033\" viewBox=\"0 0 31.065 24.033\">\n  <g id=\"Pfeil\" transform=\"translate(1.762 2.475)\">\n    <line id=\"Linie_18\" data-name=\"Linie 18\" x2=\"26.811\" y2=\"0.188\" transform=\"translate(0 9.37)\" fill=\"none\" stroke=\"#f4c723\" stroke-linecap=\"round\" stroke-width=\"3.5\"\/>\n    <line id=\"Linie_19\" data-name=\"Linie 19\" x2=\"13.47\" transform=\"translate(17.303) rotate(45)\" fill=\"none\" stroke=\"#f4c723\" stroke-linecap=\"round\" stroke-width=\"3.5\"\/>\n    <line id=\"Linie_20\" data-name=\"Linie 20\" x2=\"13.47\" transform=\"translate(17.286 19.083) rotate(-45)\" fill=\"none\" stroke=\"#f4c723\" stroke-linecap=\"round\" stroke-width=\"3.5\"\/>\n  <\/g>\n<\/svg>\n<\/div><\/a>\n<\/div>\n\n\n\n<div class=\"wp-block-group is-content-justification-space-between is-nowrap is-layout-flex wp-container-core-group-is-layout-66f2da0c wp-block-group-is-layout-flex\" style=\"padding-top:var(--wp--preset--spacing--10);padding-right:var(--wp--preset--spacing--10);padding-bottom:var(--wp--preset--spacing--10);padding-left:var(--wp--preset--spacing--10)\">\n<div class=\"wp-block-group is-content-justification-left is-nowrap is-layout-flex wp-container-core-group-is-layout-fc9f69e7 wp-block-group-is-layout-flex\">\n<p class=\"navigation-numbers has-accent-color has-text-color has-link-color has-x-large-font-size wp-elements-085c2cc127e7be9b53acfcf9dd499ccf\" style=\"line-height:1\"><strong><a href=\"https:\/\/skr-ag.com\/executive-advisory\/marktanalysen\/\" data-type=\"page\" data-id=\"229\">06<\/a><\/strong><\/p>\n\n\n\n<p class=\"nav-break-text-3 has-mark-bold-font-family has-large-font-size\" style=\"line-height:1.1\"><strong><a href=\"https:\/\/skr-ag.com\/de\/executive-advisory\/marktanalysen\/\" data-type=\"page\" data-id=\"229\">Marktanalysen &amp; Studien<\/a><\/strong><\/p>\n<\/div>\n\n\n\n<a class=\"wp-block-webx-blocks-svg svg-arrow-block-black-hover\" href=\"https:\/\/skr-ag.com\/de\/executive-advisory\/marktanalysen\/\" title=\"SVG Element\"><div class=\"svg\" style=\"height:35px;width:35px\"><svg xmlns=\"http:\/\/www.w3.org\/2000\/svg\" width=\"31.065\" height=\"24.033\" viewBox=\"0 0 31.065 24.033\">\n  <g id=\"Pfeil\" transform=\"translate(1.762 2.475)\">\n    <line id=\"Linie_18\" data-name=\"Linie 18\" x2=\"26.811\" y2=\"0.188\" transform=\"translate(0 9.37)\" fill=\"none\" stroke=\"#f4c723\" stroke-linecap=\"round\" stroke-width=\"3.5\"\/>\n    <line id=\"Linie_19\" data-name=\"Linie 19\" x2=\"13.47\" transform=\"translate(17.303) rotate(45)\" fill=\"none\" stroke=\"#f4c723\" stroke-linecap=\"round\" stroke-width=\"3.5\"\/>\n    <line id=\"Linie_20\" data-name=\"Linie 20\" x2=\"13.47\" transform=\"translate(17.286 19.083) rotate(-45)\" fill=\"none\" stroke=\"#f4c723\" stroke-linecap=\"round\" stroke-width=\"3.5\"\/>\n  <\/g>\n<\/svg>\n<\/div><\/a>\n<\/div>\n<\/div>\n<\/div>\n<\/div>\n<\/div>\n\n\n\n<div class=\"wp-block-webx-blocks-responsive-spacer\" style=\"--desktop-height:150px;--tablet-height:100px;--mobile-height:75px\"><\/div>\n","protected":false},"excerpt":{"rendered":"<p>Transformation Unternehmen stehen heute vor multiplen Transformationen: digitale Technologien, neue Kundenbed\u00fcrfnisse, geopolitische Unsicherheiten, Nachhaltigkeitsdruck und steigende Kosten. Diese Entwicklungen betreffen Gesch\u00e4ftsmodelle, Organisationen und Unternehmenskulturen gleicherma\u00dfen. SKR begleitet Sie dabei, Wandel aktiv zu steuern und Ihr Unternehmen langfristig leistungsf\u00e4hig aufzustellen. Transformationsvision Transformation beginnt mit einem klaren Zielbild. Gemeinsam mit Vorstand und dem Executive Team entwickeln wir [&hellip;]<\/p>\n","protected":false},"author":1,"featured_media":0,"parent":166,"menu_order":0,"comment_status":"closed","ping_status":"closed","template":"wp-custom-template-page-no-transparent-header","meta":{"footnotes":""},"class_list":["post-205","page","type-page","status-publish","hentry"],"_links":{"self":[{"href":"https:\/\/skr-ag.com\/de\/wp-json\/wp\/v2\/pages\/205","targetHints":{"allow":["GET"]}}],"collection":[{"href":"https:\/\/skr-ag.com\/de\/wp-json\/wp\/v2\/pages"}],"about":[{"href":"https:\/\/skr-ag.com\/de\/wp-json\/wp\/v2\/types\/page"}],"author":[{"embeddable":true,"href":"https:\/\/skr-ag.com\/de\/wp-json\/wp\/v2\/users\/1"}],"replies":[{"embeddable":true,"href":"https:\/\/skr-ag.com\/de\/wp-json\/wp\/v2\/comments?post=205"}],"version-history":[{"count":7,"href":"https:\/\/skr-ag.com\/de\/wp-json\/wp\/v2\/pages\/205\/revisions"}],"predecessor-version":[{"id":5055,"href":"https:\/\/skr-ag.com\/de\/wp-json\/wp\/v2\/pages\/205\/revisions\/5055"}],"up":[{"embeddable":true,"href":"https:\/\/skr-ag.com\/de\/wp-json\/wp\/v2\/pages\/166"}],"wp:attachment":[{"href":"https:\/\/skr-ag.com\/de\/wp-json\/wp\/v2\/media?parent=205"}],"curies":[{"name":"wp","href":"https:\/\/api.w.org\/{rel}","templated":true}]}}