{"id":214,"date":"2025-10-13T14:36:34","date_gmt":"2025-10-13T14:36:34","guid":{"rendered":"https:\/\/skr.cloud16.webhome.at\/?page_id=214"},"modified":"2025-10-20T15:03:24","modified_gmt":"2025-10-20T15:03:24","slug":"interim-management","status":"publish","type":"page","link":"https:\/\/skr-ag.com\/de\/executive-advisory\/interim-management\/","title":{"rendered":"Interim Management"},"content":{"rendered":"\n<div class=\"wp-block-group has-global-padding is-layout-constrained wp-block-group-is-layout-constrained\">\n<div class=\"wp-block-group has-global-padding is-layout-constrained wp-container-core-group-is-layout-5ea9e190 wp-block-group-is-layout-constrained\">\n<div class=\"wp-block-webx-blocks-responsive-spacer\" style=\"--desktop-height:75px;--tablet-height:75px;--mobile-height:25px\"><\/div>\n\n\n\n<h1 class=\"wp-block-heading has-text-align-center has-accent-2-color has-text-color has-link-color has-x-large-font-size wp-elements-06ae12468fe307767284ba7b53c869d9\"><strong><strong>Interim Management<\/strong><\/strong><\/h1>\n\n\n\n<p class=\"has-text-align-center\">F\u00fcr kritische Phasen: Unternehmen stehen immer wieder vor Situationen, in denen schnelle Entscheidungen und erfahrene F\u00fchrung gefragt sind \u2013 ob bei Restrukturierungen, Wachstumssch\u00fcben, Transformationen oder Nachfolgel\u00fccken. SKR stellt Ihnen erfahrene Interim Manager mit C-Level-Erfahrung zur Seite, die Verantwortung \u00fcbernehmen, Umsetzung vorantreiben und Stabilit\u00e4t schaffen.<\/p>\n\n\n\n<div class=\"wp-block-webx-blocks-responsive-spacer\" style=\"--desktop-height:75px;--tablet-height:75px;--mobile-height:75px\"><\/div>\n<\/div>\n<\/div>\n\n\n\n<div class=\"wp-block-group has-global-padding is-layout-constrained wp-container-core-group-is-layout-12e6237e wp-block-group-is-layout-constrained\">\n<div class=\"wp-block-columns mobile-no-gap is-layout-flex wp-container-core-columns-is-layout-28f84493 wp-block-columns-is-layout-flex\" style=\"box-shadow:var(--wp--preset--shadow--natural)\">\n<div class=\"wp-block-column is-layout-flow wp-block-column-is-layout-flow\" style=\"padding-top:var(--wp--preset--spacing--20);padding-right:var(--wp--preset--spacing--20);padding-bottom:var(--wp--preset--spacing--20);padding-left:var(--wp--preset--spacing--20)\">\n<figure class=\"wp-block-image size-full\"><img loading=\"lazy\" decoding=\"async\" width=\"2560\" height=\"1350\" src=\"https:\/\/skr-ag.com\/wp-content\/uploads\/2025\/10\/01_Unternehmensfu\u2560ehrung-auf-Zeit-scaled.jpg\" alt=\"\" class=\"wp-image-4889\" style=\"aspect-ratio:4\/3;object-fit:cover\" srcset=\"https:\/\/skr-ag.com\/wp-content\/uploads\/2025\/10\/01_Unternehmensfu\u2560ehrung-auf-Zeit-scaled.jpg 2560w, https:\/\/skr-ag.com\/wp-content\/uploads\/2025\/10\/01_Unternehmensfu\u2560ehrung-auf-Zeit-300x158.jpg 300w, https:\/\/skr-ag.com\/wp-content\/uploads\/2025\/10\/01_Unternehmensfu\u2560ehrung-auf-Zeit-1024x540.jpg 1024w, https:\/\/skr-ag.com\/wp-content\/uploads\/2025\/10\/01_Unternehmensfu\u2560ehrung-auf-Zeit-768x405.jpg 768w, https:\/\/skr-ag.com\/wp-content\/uploads\/2025\/10\/01_Unternehmensfu\u2560ehrung-auf-Zeit-1536x810.jpg 1536w, https:\/\/skr-ag.com\/wp-content\/uploads\/2025\/10\/01_Unternehmensfu\u2560ehrung-auf-Zeit-2048x1080.jpg 2048w, https:\/\/skr-ag.com\/wp-content\/uploads\/2025\/10\/01_Unternehmensfu\u2560ehrung-auf-Zeit-1707x900.jpg 1707w, https:\/\/skr-ag.com\/wp-content\/uploads\/2025\/10\/01_Unternehmensfu\u2560ehrung-auf-Zeit-1138x600.jpg 1138w\" sizes=\"auto, (max-width: 2560px) 100vw, 2560px\" \/><\/figure>\n<\/div>\n\n\n\n<div class=\"wp-block-column is-vertically-aligned-center is-layout-flow wp-block-column-is-layout-flow\" style=\"padding-top:var(--wp--preset--spacing--30);padding-right:var(--wp--preset--spacing--30);padding-bottom:var(--wp--preset--spacing--30);padding-left:var(--wp--preset--spacing--30)\">\n<h3 class=\"wp-block-heading has-accent-2-color has-text-color has-link-color wp-elements-491778a7bfd9f4bec6ea68ce6aef2467\"><strong><strong><strong><strong>Unternehmensf\u00fchrung auf Zeit<\/strong><\/strong><\/strong><\/strong><\/h3>\n\n\n\n<p>Wir \u00fcbernehmen Verantwortung, wenn Schl\u00fcsselpositionen unbesetzt sind oder Projekte kurzfristig gesteuert werden m\u00fcssen. Unsere Interim Manager f\u00fchren Teams, sichern Entscheidungsf\u00e4higkeit und stellen sicher, dass Ihr Unternehmen handlungsf\u00e4hig bleibt.<\/p>\n\n\n\n<div class=\"wp-block-webx-blocks-responsive-spacer\" style=\"--desktop-height:;--tablet-height:;--mobile-height:50px\"><\/div>\n<\/div>\n<\/div>\n\n\n\n<div class=\"wp-block-columns mobile-no-gap is-layout-flex wp-container-core-columns-is-layout-28f84493 wp-block-columns-is-layout-flex\" style=\"box-shadow:var(--wp--preset--shadow--natural)\">\n<div class=\"wp-block-column is-layout-flow wp-block-column-is-layout-flow\" style=\"padding-top:var(--wp--preset--spacing--20);padding-right:var(--wp--preset--spacing--20);padding-bottom:var(--wp--preset--spacing--20);padding-left:var(--wp--preset--spacing--20)\">\n<figure class=\"wp-block-image size-full\"><img loading=\"lazy\" decoding=\"async\" width=\"2560\" height=\"1707\" src=\"https:\/\/skr-ag.com\/wp-content\/uploads\/2025\/10\/02-Transformation-Restrukturierung-scaled.jpg\" alt=\"\" class=\"wp-image-4890\" style=\"aspect-ratio:4\/3;object-fit:cover\" srcset=\"https:\/\/skr-ag.com\/wp-content\/uploads\/2025\/10\/02-Transformation-Restrukturierung-scaled.jpg 2560w, https:\/\/skr-ag.com\/wp-content\/uploads\/2025\/10\/02-Transformation-Restrukturierung-300x200.jpg 300w, https:\/\/skr-ag.com\/wp-content\/uploads\/2025\/10\/02-Transformation-Restrukturierung-1024x683.jpg 1024w, https:\/\/skr-ag.com\/wp-content\/uploads\/2025\/10\/02-Transformation-Restrukturierung-768x512.jpg 768w, https:\/\/skr-ag.com\/wp-content\/uploads\/2025\/10\/02-Transformation-Restrukturierung-1536x1024.jpg 1536w, https:\/\/skr-ag.com\/wp-content\/uploads\/2025\/10\/02-Transformation-Restrukturierung-2048x1365.jpg 2048w, https:\/\/skr-ag.com\/wp-content\/uploads\/2025\/10\/02-Transformation-Restrukturierung-1350x900.jpg 1350w, https:\/\/skr-ag.com\/wp-content\/uploads\/2025\/10\/02-Transformation-Restrukturierung-900x600.jpg 900w\" sizes=\"auto, (max-width: 2560px) 100vw, 2560px\" \/><\/figure>\n<\/div>\n\n\n\n<div class=\"wp-block-column is-vertically-aligned-center is-layout-flow wp-block-column-is-layout-flow\" style=\"padding-top:var(--wp--preset--spacing--30);padding-right:var(--wp--preset--spacing--30);padding-bottom:var(--wp--preset--spacing--30);padding-left:var(--wp--preset--spacing--30)\">\n<h3 class=\"wp-block-heading has-accent-2-color has-text-color has-link-color wp-elements-1482031a1f2289137ab21fa853dfab6b\"><strong><strong><strong><strong><strong><strong>Transformation &amp; Restrukturierung<\/strong><\/strong><\/strong><\/strong><\/strong><\/strong><\/h3>\n\n\n\n<p>Ob digitale Transformation, Kostenprogramme oder komplexe Restrukturierungen: Wir begleiten Ver\u00e4nderungsprozesse operativ und sorgen daf\u00fcr, dass Strategien nicht in Pr\u00e4sentationen steckenbleiben, sondern umgesetzt werden.<\/p>\n\n\n\n<div class=\"wp-block-webx-blocks-responsive-spacer\" style=\"--desktop-height:;--tablet-height:;--mobile-height:50px\"><\/div>\n<\/div>\n<\/div>\n\n\n\n<div class=\"wp-block-columns mobile-no-gap is-layout-flex wp-container-core-columns-is-layout-28f84493 wp-block-columns-is-layout-flex\" style=\"box-shadow:var(--wp--preset--shadow--natural)\">\n<div class=\"wp-block-column is-layout-flow wp-block-column-is-layout-flow\" style=\"padding-top:var(--wp--preset--spacing--20);padding-right:var(--wp--preset--spacing--20);padding-bottom:var(--wp--preset--spacing--20);padding-left:var(--wp--preset--spacing--20)\">\n<figure class=\"wp-block-image size-full\"><img loading=\"lazy\" decoding=\"async\" width=\"2560\" height=\"1707\" src=\"https:\/\/skr-ag.com\/wp-content\/uploads\/2025\/10\/03_U\u2560ebergangs-Nachfolgelo\u2560esungen-scaled.jpg\" alt=\"\" class=\"wp-image-4891\" style=\"aspect-ratio:4\/3;object-fit:cover\" srcset=\"https:\/\/skr-ag.com\/wp-content\/uploads\/2025\/10\/03_U\u2560ebergangs-Nachfolgelo\u2560esungen-scaled.jpg 2560w, https:\/\/skr-ag.com\/wp-content\/uploads\/2025\/10\/03_U\u2560ebergangs-Nachfolgelo\u2560esungen-300x200.jpg 300w, https:\/\/skr-ag.com\/wp-content\/uploads\/2025\/10\/03_U\u2560ebergangs-Nachfolgelo\u2560esungen-1024x683.jpg 1024w, https:\/\/skr-ag.com\/wp-content\/uploads\/2025\/10\/03_U\u2560ebergangs-Nachfolgelo\u2560esungen-768x512.jpg 768w, https:\/\/skr-ag.com\/wp-content\/uploads\/2025\/10\/03_U\u2560ebergangs-Nachfolgelo\u2560esungen-1536x1024.jpg 1536w, https:\/\/skr-ag.com\/wp-content\/uploads\/2025\/10\/03_U\u2560ebergangs-Nachfolgelo\u2560esungen-2048x1365.jpg 2048w, https:\/\/skr-ag.com\/wp-content\/uploads\/2025\/10\/03_U\u2560ebergangs-Nachfolgelo\u2560esungen-1350x900.jpg 1350w, https:\/\/skr-ag.com\/wp-content\/uploads\/2025\/10\/03_U\u2560ebergangs-Nachfolgelo\u2560esungen-900x600.jpg 900w\" sizes=\"auto, (max-width: 2560px) 100vw, 2560px\" \/><\/figure>\n<\/div>\n\n\n\n<div class=\"wp-block-column is-vertically-aligned-center is-layout-flow wp-block-column-is-layout-flow\" style=\"padding-top:var(--wp--preset--spacing--30);padding-right:var(--wp--preset--spacing--30);padding-bottom:var(--wp--preset--spacing--30);padding-left:var(--wp--preset--spacing--30)\">\n<h3 class=\"wp-block-heading has-accent-2-color has-text-color has-link-color wp-elements-859652340339cef946a6774141fc1829\"><strong><strong><strong><strong><strong><strong><strong>\u00dcbergangs- &amp; Nachfolgel\u00f6sungen<\/strong><\/strong><\/strong><\/strong><\/strong><\/strong><\/strong><\/h3>\n\n\n\n<p>Besetzungen im Top-Management brauchen Zeit \u2013 Interim Manager \u00fcberbr\u00fccken die Phase und sichern Kontinuit\u00e4t. So k\u00f6nnen Unternehmen geordnet den \u00dcbergang gestalten, ohne an Schlagkraft zu verlieren.<\/p>\n\n\n\n<div class=\"wp-block-webx-blocks-responsive-spacer\" style=\"--desktop-height:;--tablet-height:;--mobile-height:50px\"><\/div>\n<\/div>\n<\/div>\n<\/div>\n\n\n\n<div class=\"wp-block-group alignfull has-global-padding is-layout-constrained wp-block-group-is-layout-constrained\">\n<div class=\"wp-block-group quote-group has-global-padding is-layout-constrained wp-container-core-group-is-layout-818828f2 wp-block-group-is-layout-constrained has-background\" style=\"padding-right:var(--wp--preset--spacing--40);padding-left:var(--wp--preset--spacing--40);background-image:url(&apos;https:\/\/skr-ag.com\/wp-content\/uploads\/2025\/10\/quote-right-svgrepo-com.svg&apos;);background-position:0% 50%;background-repeat:no-repeat;background-size:contain;\">\n<div class=\"wp-block-webx-blocks-responsive-spacer\" style=\"--desktop-height:150px;--tablet-height:150px;--mobile-height:150px\"><\/div>\n\n\n\n<p class=\"has-accent-2-color has-text-color has-link-color has-large-font-size wp-elements-53dc16417ebd3e91a44264ee78e2a7cc\"><em>Interim Manager von SKR \u00fcbernehmen Verantwortung, treffen Entscheidungen und schaffen die n\u00f6tige Stabilit\u00e4t \u2013 genau dann, wenn es darauf ankommt.<\/em><\/p>\n\n\n\n<div class=\"wp-block-webx-blocks-responsive-spacer\" style=\"--desktop-height:100px;--tablet-height:50px;--mobile-height:25px\"><\/div>\n<\/div>\n<\/div>\n\n\n\n<div class=\"wp-block-group navigation-box has-global-padding is-layout-constrained wp-container-core-group-is-layout-abb6fe41 wp-block-group-is-layout-constrained\">\n<div class=\"wp-block-group has-border-color has-base-border-color has-medium-grey-background-color has-background has-global-padding is-layout-constrained wp-block-group-is-layout-constrained\" style=\"border-width:20px;box-shadow:var(--wp--preset--shadow--natural)\">\n<div class=\"wp-block-columns is-layout-flex wp-container-core-columns-is-layout-74d018ca wp-block-columns-is-layout-flex\" style=\"padding-top:var(--wp--preset--spacing--20);padding-right:var(--wp--preset--spacing--20);padding-bottom:var(--wp--preset--spacing--20);padding-left:var(--wp--preset--spacing--20)\">\n<div class=\"wp-block-column is-layout-flow wp-container-core-column-is-layout-8a368f38 wp-block-column-is-layout-flow\">\n<div class=\"wp-block-group is-content-justification-space-between is-nowrap is-layout-flex wp-container-core-group-is-layout-66f2da0c wp-block-group-is-layout-flex\" style=\"padding-top:var(--wp--preset--spacing--10);padding-right:var(--wp--preset--spacing--10);padding-bottom:var(--wp--preset--spacing--10);padding-left:var(--wp--preset--spacing--10)\">\n<div class=\"wp-block-group is-nowrap is-layout-flex wp-container-core-group-is-layout-6c531013 wp-block-group-is-layout-flex\">\n<p class=\"navigation-numbers has-accent-color has-text-color has-link-color has-x-large-font-size wp-elements-ba5c5bbbfe53c2cc8a089851e35b0309\" style=\"line-height:1\"><strong><a href=\"https:\/\/skr-ag.com\/de\/executive-advisory\/strategie\/\" data-type=\"page\" data-id=\"141\">01<\/a><\/strong><\/p>\n\n\n\n<p class=\"has-mark-bold-font-family has-large-font-size\" style=\"line-height:1.1\"><a href=\"https:\/\/skr-ag.com\/de\/executive-advisory\/strategie\/\"><strong>Strategie<\/strong><\/a><\/p>\n<\/div>\n\n\n\n<a class=\"wp-block-webx-blocks-svg svg-arrow-block-black-hover\" href=\"https:\/\/skr-ag.com\/de\/executive-advisory\/strategie\/\" title=\"SVG Element\"><div class=\"svg\" style=\"height:35px;width:35px\"><svg xmlns=\"http:\/\/www.w3.org\/2000\/svg\" width=\"31.065\" height=\"24.033\" viewBox=\"0 0 31.065 24.033\">\n  <g id=\"Pfeil\" transform=\"translate(1.762 2.475)\">\n    <line id=\"Linie_18\" data-name=\"Linie 18\" x2=\"26.811\" y2=\"0.188\" transform=\"translate(0 9.37)\" fill=\"none\" stroke=\"#f4c723\" stroke-linecap=\"round\" stroke-width=\"3.5\"\/>\n    <line id=\"Linie_19\" data-name=\"Linie 19\" x2=\"13.47\" transform=\"translate(17.303) rotate(45)\" fill=\"none\" stroke=\"#f4c723\" stroke-linecap=\"round\" stroke-width=\"3.5\"\/>\n    <line id=\"Linie_20\" data-name=\"Linie 20\" x2=\"13.47\" transform=\"translate(17.286 19.083) rotate(-45)\" fill=\"none\" stroke=\"#f4c723\" stroke-linecap=\"round\" stroke-width=\"3.5\"\/>\n  <\/g>\n<\/svg>\n<\/div><\/a>\n<\/div>\n\n\n\n<div class=\"wp-block-group is-content-justification-space-between is-nowrap is-layout-flex wp-container-core-group-is-layout-66f2da0c wp-block-group-is-layout-flex\" style=\"padding-top:var(--wp--preset--spacing--10);padding-right:var(--wp--preset--spacing--10);padding-bottom:var(--wp--preset--spacing--10);padding-left:var(--wp--preset--spacing--10)\">\n<div class=\"wp-block-group is-nowrap is-layout-flex wp-container-core-group-is-layout-6c531013 wp-block-group-is-layout-flex\">\n<p class=\"navigation-numbers has-accent-color has-text-color has-link-color has-x-large-font-size wp-elements-e318fd0bf749b9075edf8e30b195046e\" style=\"line-height:1\"><strong><a href=\"https:\/\/skr-ag.com\/de\/executive-advisory\/mergers-acquisitions\/\" data-type=\"page\" data-id=\"180\">02<\/a><\/strong><\/p>\n\n\n\n<p class=\"nav-break-text-1 has-mark-bold-font-family has-large-font-size\" style=\"line-height:1.1\"><strong><a href=\"https:\/\/skr-ag.com\/de\/executive-advisory\/mergers-acquisitions\/\" data-type=\"page\" data-id=\"180\">Mergers &amp; Acquisitions<\/a><\/strong><\/p>\n<\/div>\n\n\n\n<a class=\"wp-block-webx-blocks-svg svg-arrow-block-black-hover\" href=\"https:\/\/skr-ag.com\/de\/executive-advisory\/mergers-acquisitions\/\" title=\"SVG Element\"><div class=\"svg\" style=\"height:35px;width:35px\"><svg xmlns=\"http:\/\/www.w3.org\/2000\/svg\" width=\"31.065\" height=\"24.033\" viewBox=\"0 0 31.065 24.033\">\n  <g id=\"Pfeil\" transform=\"translate(1.762 2.475)\">\n    <line id=\"Linie_18\" data-name=\"Linie 18\" x2=\"26.811\" y2=\"0.188\" transform=\"translate(0 9.37)\" fill=\"none\" stroke=\"#f4c723\" stroke-linecap=\"round\" stroke-width=\"3.5\"\/>\n    <line id=\"Linie_19\" data-name=\"Linie 19\" x2=\"13.47\" transform=\"translate(17.303) rotate(45)\" fill=\"none\" stroke=\"#f4c723\" stroke-linecap=\"round\" stroke-width=\"3.5\"\/>\n    <line id=\"Linie_20\" data-name=\"Linie 20\" x2=\"13.47\" transform=\"translate(17.286 19.083) rotate(-45)\" fill=\"none\" stroke=\"#f4c723\" stroke-linecap=\"round\" stroke-width=\"3.5\"\/>\n  <\/g>\n<\/svg>\n<\/div><\/a>\n<\/div>\n\n\n\n<div class=\"wp-block-group is-content-justification-space-between is-nowrap is-layout-flex wp-container-core-group-is-layout-66f2da0c wp-block-group-is-layout-flex\" style=\"padding-top:var(--wp--preset--spacing--10);padding-right:var(--wp--preset--spacing--10);padding-bottom:var(--wp--preset--spacing--10);padding-left:var(--wp--preset--spacing--10)\">\n<div class=\"wp-block-group is-nowrap is-layout-flex wp-container-core-group-is-layout-6c531013 wp-block-group-is-layout-flex\">\n<p class=\"navigation-numbers has-accent-color has-text-color has-link-color has-x-large-font-size wp-elements-754ee96e76d23472ee3cf9936d3df491\" style=\"line-height:1\"><strong><a href=\"https:\/\/skr-ag.com\/de\/executive-advisory\/transformation\/\" data-type=\"page\" data-id=\"205\">03<\/a><\/strong><\/p>\n\n\n\n<p class=\"has-mark-bold-font-family has-large-font-size\" style=\"line-height:1.1\"><strong><a href=\"https:\/\/skr-ag.com\/de\/executive-advisory\/transformation\/\" data-type=\"page\" data-id=\"205\">Transformation<\/a><\/strong><\/p>\n<\/div>\n\n\n\n<a class=\"wp-block-webx-blocks-svg svg-arrow-block-black-hover\" href=\"https:\/\/skr-ag.com\/de\/executive-advisory\/transformation\/\" title=\"SVG Element\"><div class=\"svg\" style=\"height:35px;width:35px\"><svg xmlns=\"http:\/\/www.w3.org\/2000\/svg\" width=\"31.065\" height=\"24.033\" viewBox=\"0 0 31.065 24.033\">\n  <g id=\"Pfeil\" transform=\"translate(1.762 2.475)\">\n    <line id=\"Linie_18\" data-name=\"Linie 18\" x2=\"26.811\" y2=\"0.188\" transform=\"translate(0 9.37)\" fill=\"none\" stroke=\"#f4c723\" stroke-linecap=\"round\" stroke-width=\"3.5\"\/>\n    <line id=\"Linie_19\" data-name=\"Linie 19\" x2=\"13.47\" transform=\"translate(17.303) rotate(45)\" fill=\"none\" stroke=\"#f4c723\" stroke-linecap=\"round\" stroke-width=\"3.5\"\/>\n    <line id=\"Linie_20\" data-name=\"Linie 20\" x2=\"13.47\" transform=\"translate(17.286 19.083) rotate(-45)\" fill=\"none\" stroke=\"#f4c723\" stroke-linecap=\"round\" stroke-width=\"3.5\"\/>\n  <\/g>\n<\/svg>\n<\/div><\/a>\n<\/div>\n<\/div>\n\n\n\n<div class=\"wp-block-column is-layout-flow wp-container-core-column-is-layout-8a368f38 wp-block-column-is-layout-flow\">\n<div class=\"wp-block-group is-content-justification-space-between is-nowrap is-layout-flex wp-container-core-group-is-layout-66f2da0c wp-block-group-is-layout-flex\" style=\"padding-top:var(--wp--preset--spacing--10);padding-right:var(--wp--preset--spacing--10);padding-bottom:var(--wp--preset--spacing--10);padding-left:var(--wp--preset--spacing--10)\">\n<div class=\"wp-block-group is-nowrap is-layout-flex wp-container-core-group-is-layout-6c531013 wp-block-group-is-layout-flex\">\n<p class=\"navigation-numbers has-accent-color has-text-color has-link-color has-x-large-font-size wp-elements-78c33d0c56429ff3a416bd8673d75875\" style=\"line-height:1\"><strong><a href=\"https:\/\/skr-ag.com\/executive-advisory\/it-digitalisierung\/\" data-type=\"page\" data-id=\"219\">04<\/a><\/strong><\/p>\n\n\n\n<p class=\"has-mark-bold-font-family has-large-font-size\" style=\"line-height:1.1\"><strong><a href=\"https:\/\/skr-ag.com\/de\/executive-advisory\/it-digitalisierung\/\" data-type=\"page\" data-id=\"219\">IT &amp; Digitalisierung<\/a><\/strong><\/p>\n<\/div>\n\n\n\n<a class=\"wp-block-webx-blocks-svg svg-arrow-block-black-hover\" href=\"https:\/\/skr-ag.com\/de\/executive-advisory\/it-digitalisierung\/\" title=\"SVG Element\"><div class=\"svg\" style=\"height:35px;width:35px\"><svg xmlns=\"http:\/\/www.w3.org\/2000\/svg\" width=\"31.065\" height=\"24.033\" viewBox=\"0 0 31.065 24.033\">\n  <g id=\"Pfeil\" transform=\"translate(1.762 2.475)\">\n    <line id=\"Linie_18\" data-name=\"Linie 18\" x2=\"26.811\" y2=\"0.188\" transform=\"translate(0 9.37)\" fill=\"none\" stroke=\"#f4c723\" stroke-linecap=\"round\" stroke-width=\"3.5\"\/>\n    <line id=\"Linie_19\" data-name=\"Linie 19\" x2=\"13.47\" transform=\"translate(17.303) rotate(45)\" fill=\"none\" stroke=\"#f4c723\" stroke-linecap=\"round\" stroke-width=\"3.5\"\/>\n    <line id=\"Linie_20\" data-name=\"Linie 20\" x2=\"13.47\" transform=\"translate(17.286 19.083) rotate(-45)\" fill=\"none\" stroke=\"#f4c723\" stroke-linecap=\"round\" stroke-width=\"3.5\"\/>\n  <\/g>\n<\/svg>\n<\/div><\/a>\n<\/div>\n\n\n\n<div class=\"wp-block-group is-content-justification-space-between is-nowrap is-layout-flex wp-container-core-group-is-layout-66f2da0c wp-block-group-is-layout-flex\" style=\"padding-top:var(--wp--preset--spacing--10);padding-right:var(--wp--preset--spacing--10);padding-bottom:var(--wp--preset--spacing--10);padding-left:var(--wp--preset--spacing--10)\">\n<div class=\"wp-block-group is-nowrap is-layout-flex wp-container-core-group-is-layout-6c531013 wp-block-group-is-layout-flex\">\n<p class=\"navigation-numbers has-accent-color has-text-color has-link-color has-x-large-font-size wp-elements-5ba7a5a1441afbdd58d264f331d04559\" style=\"line-height:1\"><strong><a href=\"https:\/\/skr-ag.com\/de\/executive-advisory\/interim-management\/\" data-type=\"page\" data-id=\"214\">05<\/a><\/strong><\/p>\n\n\n\n<p class=\"nav-break-text-2 has-mark-bold-font-family has-large-font-size\" style=\"line-height:1.1\"><strong><a href=\"https:\/\/skr-ag.com\/de\/executive-advisory\/interim-management\/\" data-type=\"page\" data-id=\"214\">Interim Management<\/a><\/strong><\/p>\n<\/div>\n\n\n\n<a class=\"wp-block-webx-blocks-svg svg-arrow-block-black-hover\" href=\"https:\/\/skr-ag.com\/de\/executive-advisory\/interim-management\/\" title=\"SVG Element\"><div class=\"svg\" style=\"height:35px;width:35px\"><svg xmlns=\"http:\/\/www.w3.org\/2000\/svg\" width=\"31.065\" height=\"24.033\" viewBox=\"0 0 31.065 24.033\">\n  <g id=\"Pfeil\" transform=\"translate(1.762 2.475)\">\n    <line id=\"Linie_18\" data-name=\"Linie 18\" x2=\"26.811\" y2=\"0.188\" transform=\"translate(0 9.37)\" fill=\"none\" stroke=\"#f4c723\" stroke-linecap=\"round\" stroke-width=\"3.5\"\/>\n    <line id=\"Linie_19\" data-name=\"Linie 19\" x2=\"13.47\" transform=\"translate(17.303) rotate(45)\" fill=\"none\" stroke=\"#f4c723\" stroke-linecap=\"round\" stroke-width=\"3.5\"\/>\n    <line id=\"Linie_20\" data-name=\"Linie 20\" x2=\"13.47\" transform=\"translate(17.286 19.083) rotate(-45)\" fill=\"none\" stroke=\"#f4c723\" stroke-linecap=\"round\" stroke-width=\"3.5\"\/>\n  <\/g>\n<\/svg>\n<\/div><\/a>\n<\/div>\n\n\n\n<div class=\"wp-block-group is-content-justification-space-between is-nowrap is-layout-flex wp-container-core-group-is-layout-66f2da0c wp-block-group-is-layout-flex\" style=\"padding-top:var(--wp--preset--spacing--10);padding-right:var(--wp--preset--spacing--10);padding-bottom:var(--wp--preset--spacing--10);padding-left:var(--wp--preset--spacing--10)\">\n<div class=\"wp-block-group is-content-justification-left is-nowrap is-layout-flex wp-container-core-group-is-layout-fc9f69e7 wp-block-group-is-layout-flex\">\n<p class=\"navigation-numbers has-accent-color has-text-color has-link-color has-x-large-font-size wp-elements-085c2cc127e7be9b53acfcf9dd499ccf\" style=\"line-height:1\"><strong><a href=\"https:\/\/skr-ag.com\/executive-advisory\/marktanalysen\/\" data-type=\"page\" data-id=\"229\">06<\/a><\/strong><\/p>\n\n\n\n<p class=\"nav-break-text-3 has-mark-bold-font-family has-large-font-size\" style=\"line-height:1.1\"><strong><a href=\"https:\/\/skr-ag.com\/de\/executive-advisory\/marktanalysen\/\" data-type=\"page\" data-id=\"229\">Marktanalysen &amp; Studien<\/a><\/strong><\/p>\n<\/div>\n\n\n\n<a class=\"wp-block-webx-blocks-svg svg-arrow-block-black-hover\" href=\"https:\/\/skr-ag.com\/de\/executive-advisory\/marktanalysen\/\" title=\"SVG Element\"><div class=\"svg\" style=\"height:35px;width:35px\"><svg xmlns=\"http:\/\/www.w3.org\/2000\/svg\" width=\"31.065\" height=\"24.033\" viewBox=\"0 0 31.065 24.033\">\n  <g id=\"Pfeil\" transform=\"translate(1.762 2.475)\">\n    <line id=\"Linie_18\" data-name=\"Linie 18\" x2=\"26.811\" y2=\"0.188\" transform=\"translate(0 9.37)\" fill=\"none\" stroke=\"#f4c723\" stroke-linecap=\"round\" stroke-width=\"3.5\"\/>\n    <line id=\"Linie_19\" data-name=\"Linie 19\" x2=\"13.47\" transform=\"translate(17.303) rotate(45)\" fill=\"none\" stroke=\"#f4c723\" stroke-linecap=\"round\" stroke-width=\"3.5\"\/>\n    <line id=\"Linie_20\" data-name=\"Linie 20\" x2=\"13.47\" transform=\"translate(17.286 19.083) rotate(-45)\" fill=\"none\" stroke=\"#f4c723\" stroke-linecap=\"round\" stroke-width=\"3.5\"\/>\n  <\/g>\n<\/svg>\n<\/div><\/a>\n<\/div>\n<\/div>\n<\/div>\n<\/div>\n<\/div>\n\n\n\n<div class=\"wp-block-webx-blocks-responsive-spacer\" style=\"--desktop-height:150px;--tablet-height:100px;--mobile-height:75px\"><\/div>\n","protected":false},"excerpt":{"rendered":"<p>Interim Management F\u00fcr kritische Phasen: Unternehmen stehen immer wieder vor Situationen, in denen schnelle Entscheidungen und erfahrene F\u00fchrung gefragt sind \u2013 ob bei Restrukturierungen, Wachstumssch\u00fcben, Transformationen oder Nachfolgel\u00fccken. SKR stellt Ihnen erfahrene Interim Manager mit C-Level-Erfahrung zur Seite, die Verantwortung \u00fcbernehmen, Umsetzung vorantreiben und Stabilit\u00e4t schaffen. Unternehmensf\u00fchrung auf Zeit Wir \u00fcbernehmen Verantwortung, wenn Schl\u00fcsselpositionen unbesetzt [&hellip;]<\/p>\n","protected":false},"author":1,"featured_media":0,"parent":166,"menu_order":0,"comment_status":"closed","ping_status":"closed","template":"wp-custom-template-page-no-transparent-header","meta":{"footnotes":""},"class_list":["post-214","page","type-page","status-publish","hentry"],"_links":{"self":[{"href":"https:\/\/skr-ag.com\/de\/wp-json\/wp\/v2\/pages\/214","targetHints":{"allow":["GET"]}}],"collection":[{"href":"https:\/\/skr-ag.com\/de\/wp-json\/wp\/v2\/pages"}],"about":[{"href":"https:\/\/skr-ag.com\/de\/wp-json\/wp\/v2\/types\/page"}],"author":[{"embeddable":true,"href":"https:\/\/skr-ag.com\/de\/wp-json\/wp\/v2\/users\/1"}],"replies":[{"embeddable":true,"href":"https:\/\/skr-ag.com\/de\/wp-json\/wp\/v2\/comments?post=214"}],"version-history":[{"count":12,"href":"https:\/\/skr-ag.com\/de\/wp-json\/wp\/v2\/pages\/214\/revisions"}],"predecessor-version":[{"id":5059,"href":"https:\/\/skr-ag.com\/de\/wp-json\/wp\/v2\/pages\/214\/revisions\/5059"}],"up":[{"embeddable":true,"href":"https:\/\/skr-ag.com\/de\/wp-json\/wp\/v2\/pages\/166"}],"wp:attachment":[{"href":"https:\/\/skr-ag.com\/de\/wp-json\/wp\/v2\/media?parent=214"}],"curies":[{"name":"wp","href":"https:\/\/api.w.org\/{rel}","templated":true}]}}