{"id":235,"date":"2025-10-13T14:53:01","date_gmt":"2025-10-13T14:53:01","guid":{"rendered":"https:\/\/skr.cloud16.webhome.at\/?page_id=235"},"modified":"2025-10-20T15:04:38","modified_gmt":"2025-10-20T15:04:38","slug":"investments","status":"publish","type":"page","link":"https:\/\/skr-ag.com\/de\/investments\/","title":{"rendered":"Investments"},"content":{"rendered":"\n<div class=\"wp-block-group has-global-padding is-layout-constrained wp-block-group-is-layout-constrained\">\n<div class=\"wp-block-group has-global-padding is-layout-constrained wp-container-core-group-is-layout-5ea9e190 wp-block-group-is-layout-constrained\">\n<div class=\"wp-block-webx-blocks-responsive-spacer\" style=\"--desktop-height:100px;--tablet-height:50px;--mobile-height:25px\"><\/div>\n\n\n\n<h1 class=\"wp-block-heading has-text-align-center has-accent-2-color has-text-color has-link-color has-x-large-font-size wp-elements-3fe4fc4c243d0ae2c11c695ba0b3bafd\">Investments<\/h1>\n\n\n\n<p class=\"has-text-align-center\">Kapital anlegen oder beschaffen: Wir arbeiten eng mit Investoren, Vorst\u00e4nden und Executives zusammen und unterst\u00fctzen dabei Ihre Ziele.<\/p>\n\n\n\n<div class=\"wp-block-webx-blocks-responsive-spacer\" style=\"--desktop-height:100px;--tablet-height:75px;--mobile-height:75px\"><\/div>\n<\/div>\n<\/div>\n\n\n\n<div style=\"background-image:url(&apos;https:\/\/skr-ag.com\/wp-content\/uploads\/2025\/10\/consultant-04.jpg&apos;);background-size:cover;\" class=\"wp-block-group alignfull investment-group has-base-background-color has-background has-global-padding is-layout-constrained wp-block-group-is-layout-constrained\">\n<div class=\"wp-block-webx-blocks-responsive-spacer\" style=\"--desktop-height:50px;--tablet-height:50px;--mobile-height:25px\"><\/div>\n\n\n\n<div class=\"wp-block-group investment-group has-global-padding is-layout-constrained wp-container-core-group-is-layout-abb6fe41 wp-block-group-is-layout-constrained\">\n<div class=\"wp-block-columns mobile-more-padding is-layout-flex wp-container-core-columns-is-layout-28f84493 wp-block-columns-is-layout-flex\">\n<div class=\"wp-block-column is-vertically-aligned-stretch has-base-background-color has-background is-layout-flow wp-block-column-is-layout-flow\" style=\"padding-top:var(--wp--preset--spacing--30);padding-right:var(--wp--preset--spacing--40);padding-bottom:var(--wp--preset--spacing--20);padding-left:var(--wp--preset--spacing--40)\">\n<div class=\"wp-block-group has-global-padding is-layout-constrained wp-block-group-is-layout-constrained\">\n<h3 class=\"wp-block-heading has-accent-2-color has-text-color has-link-color has-large-font-size wp-elements-d3ad3ea940cdca798189bd387215f1d6\"><strong>Kapitalmarkt-Service<\/strong><\/h3>\n\n\n\n<p>Strategische Beratung mit Analysen, die \u00fcber rein finanzielle Aspekte weit hinausgehen, Vorbereitung und Begleitung bei der Kapitalbeschaffung: Darauf fokussiert sich die SKR im Bereich Kapitalmarkt-Service.<\/p>\n\n\n\n<div class=\"wp-block-group is-content-justification-center is-nowrap is-layout-flex wp-container-core-group-is-layout-23441af8 wp-block-group-is-layout-flex\">\n<a class=\"wp-block-webx-blocks-svg aligncenter svg-arrow-block-black-hover\" href=\"https:\/\/skr-ag.com\/de\/executive-advisory\/kapitalmarkt-service\/\" title=\"SVG Element\"><div class=\"svg\" style=\"height:35px;width:35px\"><svg xmlns=\"http:\/\/www.w3.org\/2000\/svg\" width=\"31.065\" height=\"24.033\" viewBox=\"0 0 31.065 24.033\">\n  <g id=\"Pfeil\" transform=\"translate(1.762 2.475)\">\n    <line id=\"Linie_18\" data-name=\"Linie 18\" x2=\"26.811\" y2=\"0.188\" transform=\"translate(0 9.37)\" fill=\"none\" stroke=\"#f4c723\" stroke-linecap=\"round\" stroke-width=\"3.5\"\/>\n    <line id=\"Linie_19\" data-name=\"Linie 19\" x2=\"13.47\" transform=\"translate(17.303) rotate(45)\" fill=\"none\" stroke=\"#f4c723\" stroke-linecap=\"round\" stroke-width=\"3.5\"\/>\n    <line id=\"Linie_20\" data-name=\"Linie 20\" x2=\"13.47\" transform=\"translate(17.286 19.083) rotate(-45)\" fill=\"none\" stroke=\"#f4c723\" stroke-linecap=\"round\" stroke-width=\"3.5\"\/>\n  <\/g>\n<\/svg>\n<\/div><\/a>\n<\/div>\n<\/div>\n<\/div>\n\n\n\n<div class=\"wp-block-column is-vertically-aligned-stretch has-base-background-color has-background is-layout-flow wp-block-column-is-layout-flow\" style=\"padding-top:var(--wp--preset--spacing--30);padding-right:var(--wp--preset--spacing--40);padding-bottom:var(--wp--preset--spacing--10);padding-left:var(--wp--preset--spacing--40);box-shadow:var(--wp--preset--shadow--natural)\">\n<div class=\"wp-block-group has-global-padding is-layout-constrained wp-block-group-is-layout-constrained\">\n<h3 class=\"wp-block-heading has-accent-2-color has-text-color has-link-color wp-elements-53a2ac67a2a82de246ec2f30b4b73ae5\"><strong><strong><strong>Investoren finden<\/strong><\/strong><\/strong><\/h3>\n\n\n\n<p>Um den Kauf von zukunftsf\u00e4higen Unternehmen zu erm\u00f6glichen, suchen wir passende Investoren. Ob Privat-, Finanz- oder strategische Investoren \u2013 die Vermarktung wird dabei sorgf\u00e4ltig auf die jeweilige K\u00e4ufergruppe abgestimmt.<\/p>\n<\/div>\n\n\n\n<div class=\"wp-block-group is-content-justification-center is-nowrap is-layout-flex wp-container-core-group-is-layout-23441af8 wp-block-group-is-layout-flex\">\n<a class=\"wp-block-webx-blocks-svg aligncenter svg-arrow-block-black-hover\" href=\"https:\/\/skr-ag.com\/de\/executive-advisory\/investoren-finden\/\" title=\"SVG Element\"><div class=\"svg\" style=\"height:35px;width:35px\"><svg xmlns=\"http:\/\/www.w3.org\/2000\/svg\" width=\"31.065\" height=\"24.033\" viewBox=\"0 0 31.065 24.033\">\n  <g id=\"Pfeil\" transform=\"translate(1.762 2.475)\">\n    <line id=\"Linie_18\" data-name=\"Linie 18\" x2=\"26.811\" y2=\"0.188\" transform=\"translate(0 9.37)\" fill=\"none\" stroke=\"#f4c723\" stroke-linecap=\"round\" stroke-width=\"3.5\"\/>\n    <line id=\"Linie_19\" data-name=\"Linie 19\" x2=\"13.47\" transform=\"translate(17.303) rotate(45)\" fill=\"none\" stroke=\"#f4c723\" stroke-linecap=\"round\" stroke-width=\"3.5\"\/>\n    <line id=\"Linie_20\" data-name=\"Linie 20\" x2=\"13.47\" transform=\"translate(17.286 19.083) rotate(-45)\" fill=\"none\" stroke=\"#f4c723\" stroke-linecap=\"round\" stroke-width=\"3.5\"\/>\n  <\/g>\n<\/svg>\n<\/div><\/a>\n<\/div>\n<\/div>\n<\/div>\n<\/div>\n\n\n\n<div class=\"wp-block-webx-blocks-responsive-spacer\" style=\"--desktop-height:150px;--tablet-height:25px;--mobile-height:25px\"><\/div>\n<\/div>\n\n\n\n<div class=\"wp-block-webx-blocks-responsive-spacer\" style=\"--desktop-height:0px;--tablet-height:0px;--mobile-height:75px\"><\/div>\n","protected":false},"excerpt":{"rendered":"<p>Investments Kapital anlegen oder beschaffen: Wir arbeiten eng mit Investoren, Vorst\u00e4nden und Executives zusammen und unterst\u00fctzen dabei Ihre Ziele. Kapitalmarkt-Service Strategische Beratung mit Analysen, die \u00fcber rein finanzielle Aspekte weit hinausgehen, Vorbereitung und Begleitung bei der Kapitalbeschaffung: Darauf fokussiert sich die SKR im Bereich Kapitalmarkt-Service. Investoren finden Um den Kauf von zukunftsf\u00e4higen Unternehmen zu erm\u00f6glichen, [&hellip;]<\/p>\n","protected":false},"author":1,"featured_media":0,"parent":0,"menu_order":0,"comment_status":"closed","ping_status":"closed","template":"wp-custom-template-page-no-transparent-header","meta":{"footnotes":""},"class_list":["post-235","page","type-page","status-publish","hentry"],"_links":{"self":[{"href":"https:\/\/skr-ag.com\/de\/wp-json\/wp\/v2\/pages\/235","targetHints":{"allow":["GET"]}}],"collection":[{"href":"https:\/\/skr-ag.com\/de\/wp-json\/wp\/v2\/pages"}],"about":[{"href":"https:\/\/skr-ag.com\/de\/wp-json\/wp\/v2\/types\/page"}],"author":[{"embeddable":true,"href":"https:\/\/skr-ag.com\/de\/wp-json\/wp\/v2\/users\/1"}],"replies":[{"embeddable":true,"href":"https:\/\/skr-ag.com\/de\/wp-json\/wp\/v2\/comments?post=235"}],"version-history":[{"count":7,"href":"https:\/\/skr-ag.com\/de\/wp-json\/wp\/v2\/pages\/235\/revisions"}],"predecessor-version":[{"id":5061,"href":"https:\/\/skr-ag.com\/de\/wp-json\/wp\/v2\/pages\/235\/revisions\/5061"}],"wp:attachment":[{"href":"https:\/\/skr-ag.com\/de\/wp-json\/wp\/v2\/media?parent=235"}],"curies":[{"name":"wp","href":"https:\/\/api.w.org\/{rel}","templated":true}]}}