{"id":238,"date":"2025-10-13T14:57:48","date_gmt":"2025-10-13T14:57:48","guid":{"rendered":"https:\/\/skr.cloud16.webhome.at\/?page_id=238"},"modified":"2025-10-22T11:28:38","modified_gmt":"2025-10-22T11:28:38","slug":"kapitalmarkt-service","status":"publish","type":"page","link":"https:\/\/skr-ag.com\/de\/executive-advisory\/kapitalmarkt-service\/","title":{"rendered":"Kapitalmarkt-Service"},"content":{"rendered":"\n<div class=\"wp-block-group has-global-padding is-layout-constrained wp-block-group-is-layout-constrained\">\n<div class=\"wp-block-group has-global-padding is-layout-constrained wp-container-core-group-is-layout-5ea9e190 wp-block-group-is-layout-constrained\">\n<div class=\"wp-block-webx-blocks-responsive-spacer\" style=\"--desktop-height:100px;--tablet-height:50px;--mobile-height:25px\"><\/div>\n\n\n\n<h1 class=\"wp-block-heading has-text-align-center has-accent-2-color has-text-color has-link-color has-x-large-font-size wp-elements-d87948d471dee0f12122b0eb13e0d83f\"><strong><strong><strong>Kapitalmarkt-Service<\/strong><\/strong><\/strong><\/h1>\n\n\n\n<p class=\"has-text-align-center\">Kapital sinnvoll und profitabel anlegen \u2013 das geht einher mit der Beurteilung der Unternehmens- und Marktentwicklung. Gro\u00dfaktion\u00e4ren, Anteilseignern und Unternehmern liefern wir fundierte Anlageinformationen, die \u00fcber die finanzielle Analyse hinausgehen.<\/p>\n\n\n\n<div class=\"wp-block-webx-blocks-responsive-spacer\" style=\"--desktop-height:100px;--tablet-height:75px;--mobile-height:75px\"><\/div>\n<\/div>\n<\/div>\n\n\n\n<div class=\"wp-block-group has-global-padding is-layout-constrained wp-container-core-group-is-layout-12e6237e wp-block-group-is-layout-constrained\">\n<div class=\"wp-block-columns mobile-no-gap is-layout-flex wp-container-core-columns-is-layout-28f84493 wp-block-columns-is-layout-flex\" style=\"box-shadow:var(--wp--preset--shadow--natural)\">\n<div class=\"wp-block-column is-layout-flow wp-block-column-is-layout-flow\" style=\"padding-top:var(--wp--preset--spacing--20);padding-right:var(--wp--preset--spacing--20);padding-bottom:var(--wp--preset--spacing--20);padding-left:var(--wp--preset--spacing--20)\">\n<figure class=\"wp-block-image size-full\"><img loading=\"lazy\" decoding=\"async\" width=\"560\" height=\"450\" src=\"https:\/\/skr-ag.com\/wp-content\/uploads\/2025\/10\/4da17e64ea8519c14f95a3b3121f81a2.png\" alt=\"\" class=\"wp-image-242\" style=\"aspect-ratio:4\/3;object-fit:cover\" srcset=\"https:\/\/skr-ag.com\/wp-content\/uploads\/2025\/10\/4da17e64ea8519c14f95a3b3121f81a2.png 560w, https:\/\/skr-ag.com\/wp-content\/uploads\/2025\/10\/4da17e64ea8519c14f95a3b3121f81a2-300x241.png 300w\" sizes=\"auto, (max-width: 560px) 100vw, 560px\" \/><\/figure>\n<\/div>\n\n\n\n<div class=\"wp-block-column is-vertically-aligned-center is-layout-flow wp-block-column-is-layout-flow\" style=\"padding-top:var(--wp--preset--spacing--30);padding-right:var(--wp--preset--spacing--30);padding-bottom:var(--wp--preset--spacing--30);padding-left:var(--wp--preset--spacing--30)\">\n<h3 class=\"wp-block-heading has-accent-2-color has-text-color has-link-color wp-elements-37874553481cf1ad64aa2dd85e768cc4\"><strong><strong><strong><strong><strong>Anlagestrategie<\/strong><\/strong><\/strong><\/strong><\/strong><\/h3>\n\n\n\n<p>Wo die Arbeit von Analysten und Investmentspezialisten endet, f\u00e4ngt unsere erst an: Neben der Finanzanalyse analysieren wir mit Experten aus den Unternehmen Gesch\u00e4ftsmodelle, Marktentwicklung und Wettbewerb. Daraus leiten wir f\u00fcr unsere Klienten ma\u00dfgeschneiderte und profitable Strategien ab.<\/p>\n\n\n\n<div class=\"wp-block-webx-blocks-responsive-spacer\" style=\"--desktop-height:;--tablet-height:;--mobile-height:50px\"><\/div>\n<\/div>\n<\/div>\n\n\n\n<div class=\"wp-block-columns mobile-reverse-column mobile-no-gap is-layout-flex wp-container-core-columns-is-layout-28f84493 wp-block-columns-is-layout-flex\" style=\"box-shadow:var(--wp--preset--shadow--natural)\">\n<div class=\"wp-block-column is-vertically-aligned-center is-layout-flow wp-block-column-is-layout-flow\" style=\"padding-top:var(--wp--preset--spacing--30);padding-right:var(--wp--preset--spacing--30);padding-bottom:var(--wp--preset--spacing--30);padding-left:var(--wp--preset--spacing--30)\">\n<h3 class=\"wp-block-heading has-accent-2-color has-text-color has-link-color wp-elements-edf93a712641e88f2865defaf4160be9\"><strong><strong><strong><strong><strong><strong><strong>Direktinvestitionen<\/strong><\/strong><\/strong><\/strong><\/strong><\/strong><\/strong><\/h3>\n\n\n\n<p>Wir suchen zukunftsf\u00e4hige Unternehmen, bei denen wir mit unserem Gesch\u00e4fts- und Investitionsansatz Mehrwert schaffen und f\u00fcr profitables Wachstum sorgen.&nbsp;<\/p>\n\n\n\n<div class=\"wp-block-webx-blocks-responsive-spacer\" style=\"--desktop-height:;--tablet-height:;--mobile-height:50px\"><\/div>\n<\/div>\n\n\n\n<div class=\"wp-block-column is-layout-flow wp-block-column-is-layout-flow\" style=\"padding-top:var(--wp--preset--spacing--20);padding-right:var(--wp--preset--spacing--20);padding-bottom:var(--wp--preset--spacing--20);padding-left:var(--wp--preset--spacing--20)\">\n<figure class=\"wp-block-image size-full\"><img loading=\"lazy\" decoding=\"async\" width=\"560\" height=\"450\" src=\"https:\/\/skr-ag.com\/wp-content\/uploads\/2025\/10\/5f52cfb1b3bc012b910ad6cf9e31811a.png\" alt=\"\" class=\"wp-image-240\" style=\"aspect-ratio:4\/3;object-fit:cover\" srcset=\"https:\/\/skr-ag.com\/wp-content\/uploads\/2025\/10\/5f52cfb1b3bc012b910ad6cf9e31811a.png 560w, https:\/\/skr-ag.com\/wp-content\/uploads\/2025\/10\/5f52cfb1b3bc012b910ad6cf9e31811a-300x241.png 300w\" sizes=\"auto, (max-width: 560px) 100vw, 560px\" \/><\/figure>\n<\/div>\n<\/div>\n\n\n\n<div class=\"wp-block-columns mobile-no-gap has-dark-grey-background-color has-background is-layout-flex wp-container-core-columns-is-layout-07b7b7eb wp-block-columns-is-layout-flex\" style=\"padding-top:0;padding-right:0;padding-bottom:0;padding-left:0;box-shadow:var(--wp--preset--shadow--natural)\">\n<div class=\"wp-block-column is-layout-flow wp-block-column-is-layout-flow\" style=\"padding-top:var(--wp--preset--spacing--20);padding-right:var(--wp--preset--spacing--20);padding-bottom:var(--wp--preset--spacing--20);padding-left:var(--wp--preset--spacing--20)\">\n<figure class=\"wp-block-image size-full\"><a href=\"https:\/\/skr-ag.com\/executive-advisory\/find-investors\/\"><img loading=\"lazy\" decoding=\"async\" width=\"560\" height=\"456\" src=\"https:\/\/skr-ag.com\/wp-content\/uploads\/2025\/10\/Teaser_Home_960x785.png\" alt=\"\" class=\"wp-image-241\" style=\"aspect-ratio:4\/3;object-fit:cover\" srcset=\"https:\/\/skr-ag.com\/wp-content\/uploads\/2025\/10\/Teaser_Home_960x785.png 560w, https:\/\/skr-ag.com\/wp-content\/uploads\/2025\/10\/Teaser_Home_960x785-300x244.png 300w\" sizes=\"auto, (max-width: 560px) 100vw, 560px\" \/><\/a><\/figure>\n<\/div>\n\n\n\n<div class=\"wp-block-column is-vertically-aligned-center is-layout-flow wp-block-column-is-layout-flow\" style=\"padding-top:var(--wp--preset--spacing--30);padding-right:var(--wp--preset--spacing--30);padding-bottom:var(--wp--preset--spacing--30);padding-left:var(--wp--preset--spacing--30)\">\n<h3 class=\"wp-block-heading has-base-color has-text-color has-link-color wp-elements-499ffb2898564b6cb173a7350c5beae6\"><strong><strong><strong><strong><strong><a href=\"https:\/\/skr-ag.com\/de\/executive-advisory\/investoren-finden\/\">Investoren finden<\/a><\/strong><\/strong><\/strong><\/strong><\/strong><\/h3>\n\n\n\n<p class=\"has-base-color has-text-color has-link-color wp-elements-15d648479a5d16d0504ebd5811485f03\">Sie suchen Kapital? Wir bringen Unternehmen mit passenden Investoren zusammen. Damit auch in Zukunft gesundes und nachhaltiges Wachstum gelingt.<\/p>\n\n\n\n<div class=\"wp-block-group is-content-justification-center is-nowrap is-layout-flex wp-container-core-group-is-layout-23441af8 wp-block-group-is-layout-flex\">\n<a class=\"wp-block-webx-blocks-svg svg-arrow-block-white-hover\" style=\"margin-top:5px;margin-bottom:0\" href=\"https:\/\/skr-ag.com\/de\/executive-advisory\/investoren-finden\/\" title=\"SVG Element\"><div class=\"svg\" style=\"margin-top:5px;margin-bottom:0;height:35px;width:35px\"><svg xmlns=\"http:\/\/www.w3.org\/2000\/svg\" width=\"31.065\" height=\"24.033\" viewBox=\"0 0 31.065 24.033\">\n  <g id=\"Pfeil\" transform=\"translate(1.762 2.475)\">\n    <line id=\"Linie_18\" data-name=\"Linie 18\" x2=\"26.811\" y2=\"0.188\" transform=\"translate(0 9.37)\" fill=\"none\" stroke=\"#f4c723\" stroke-linecap=\"round\" stroke-width=\"3.5\"\/>\n    <line id=\"Linie_19\" data-name=\"Linie 19\" x2=\"13.47\" transform=\"translate(17.303) rotate(45)\" fill=\"none\" stroke=\"#f4c723\" stroke-linecap=\"round\" stroke-width=\"3.5\"\/>\n    <line id=\"Linie_20\" data-name=\"Linie 20\" x2=\"13.47\" transform=\"translate(17.286 19.083) rotate(-45)\" fill=\"none\" stroke=\"#f4c723\" stroke-linecap=\"round\" stroke-width=\"3.5\"\/>\n  <\/g>\n<\/svg>\n<\/div><\/a>\n<\/div>\n\n\n\n<div class=\"wp-block-webx-blocks-responsive-spacer\" style=\"--desktop-height:;--tablet-height:;--mobile-height:50px\"><\/div>\n<\/div>\n<\/div>\n<\/div>\n\n\n\n<div class=\"wp-block-webx-blocks-responsive-spacer\" style=\"--desktop-height:150px;--tablet-height:100px;--mobile-height:50px\"><\/div>\n","protected":false},"excerpt":{"rendered":"<p>Kapitalmarkt-Service Kapital sinnvoll und profitabel anlegen \u2013 das geht einher mit der Beurteilung der Unternehmens- und Marktentwicklung. Gro\u00dfaktion\u00e4ren, Anteilseignern und Unternehmern liefern wir fundierte Anlageinformationen, die \u00fcber die finanzielle Analyse hinausgehen. Anlagestrategie Wo die Arbeit von Analysten und Investmentspezialisten endet, f\u00e4ngt unsere erst an: Neben der Finanzanalyse analysieren wir mit Experten aus den Unternehmen Gesch\u00e4ftsmodelle, [&hellip;]<\/p>\n","protected":false},"author":1,"featured_media":0,"parent":166,"menu_order":0,"comment_status":"closed","ping_status":"closed","template":"wp-custom-template-page-no-transparent-header","meta":{"footnotes":""},"class_list":["post-238","page","type-page","status-publish","hentry"],"_links":{"self":[{"href":"https:\/\/skr-ag.com\/de\/wp-json\/wp\/v2\/pages\/238","targetHints":{"allow":["GET"]}}],"collection":[{"href":"https:\/\/skr-ag.com\/de\/wp-json\/wp\/v2\/pages"}],"about":[{"href":"https:\/\/skr-ag.com\/de\/wp-json\/wp\/v2\/types\/page"}],"author":[{"embeddable":true,"href":"https:\/\/skr-ag.com\/de\/wp-json\/wp\/v2\/users\/1"}],"replies":[{"embeddable":true,"href":"https:\/\/skr-ag.com\/de\/wp-json\/wp\/v2\/comments?post=238"}],"version-history":[{"count":16,"href":"https:\/\/skr-ag.com\/de\/wp-json\/wp\/v2\/pages\/238\/revisions"}],"predecessor-version":[{"id":5149,"href":"https:\/\/skr-ag.com\/de\/wp-json\/wp\/v2\/pages\/238\/revisions\/5149"}],"up":[{"embeddable":true,"href":"https:\/\/skr-ag.com\/de\/wp-json\/wp\/v2\/pages\/166"}],"wp:attachment":[{"href":"https:\/\/skr-ag.com\/de\/wp-json\/wp\/v2\/media?parent=238"}],"curies":[{"name":"wp","href":"https:\/\/api.w.org\/{rel}","templated":true}]}}