{"id":248,"date":"2025-10-13T15:02:32","date_gmt":"2025-10-13T15:02:32","guid":{"rendered":"https:\/\/skr.cloud16.webhome.at\/?page_id=248"},"modified":"2025-10-22T12:56:53","modified_gmt":"2025-10-22T12:56:53","slug":"investoren-finden","status":"publish","type":"page","link":"https:\/\/skr-ag.com\/de\/executive-advisory\/investoren-finden\/","title":{"rendered":"Investoren finden"},"content":{"rendered":"\n<div class=\"wp-block-group has-global-padding is-layout-constrained wp-block-group-is-layout-constrained\">\n<div class=\"wp-block-group has-global-padding is-layout-constrained wp-container-core-group-is-layout-5ea9e190 wp-block-group-is-layout-constrained\">\n<div class=\"wp-block-webx-blocks-responsive-spacer\" style=\"--desktop-height:100px;--tablet-height:50px;--mobile-height:25px\"><\/div>\n\n\n\n<h1 class=\"wp-block-heading has-text-align-center has-accent-2-color has-text-color has-link-color has-x-large-font-size wp-elements-8e8f842371c996ab7a658fa52e9301a1\"><strong><strong><strong><strong>Investoren finden<\/strong><\/strong><\/strong><\/strong><\/h1>\n\n\n\n<p class=\"has-text-align-center\">Sie suchen Kapital? Wir bringen Unternehmen mit passenden Investoren zusammen. Damit gesundes Wachstum gelingt.<\/p>\n\n\n\n<div class=\"wp-block-webx-blocks-responsive-spacer\" style=\"--desktop-height:100px;--tablet-height:75px;--mobile-height:75px\"><\/div>\n<\/div>\n<\/div>\n\n\n\n<div class=\"wp-block-group has-global-padding is-layout-constrained wp-container-core-group-is-layout-12e6237e wp-block-group-is-layout-constrained\">\n<div class=\"wp-block-columns mobile-no-gap is-layout-flex wp-container-core-columns-is-layout-28f84493 wp-block-columns-is-layout-flex\" style=\"box-shadow:var(--wp--preset--shadow--natural)\">\n<div class=\"wp-block-column is-layout-flow wp-block-column-is-layout-flow\" style=\"padding-top:var(--wp--preset--spacing--20);padding-right:var(--wp--preset--spacing--20);padding-bottom:var(--wp--preset--spacing--20);padding-left:var(--wp--preset--spacing--20)\">\n<figure class=\"wp-block-image size-full\"><img loading=\"lazy\" decoding=\"async\" width=\"1250\" height=\"1250\" src=\"https:\/\/skr-ag.com\/wp-content\/uploads\/2025\/10\/Transformation-Management_600x600.jpg\" alt=\"\" class=\"wp-image-249\" style=\"aspect-ratio:4\/3;object-fit:cover\" srcset=\"https:\/\/skr-ag.com\/wp-content\/uploads\/2025\/10\/Transformation-Management_600x600.jpg 1250w, https:\/\/skr-ag.com\/wp-content\/uploads\/2025\/10\/Transformation-Management_600x600-300x300.jpg 300w, https:\/\/skr-ag.com\/wp-content\/uploads\/2025\/10\/Transformation-Management_600x600-1024x1024.jpg 1024w, https:\/\/skr-ag.com\/wp-content\/uploads\/2025\/10\/Transformation-Management_600x600-150x150.jpg 150w, https:\/\/skr-ag.com\/wp-content\/uploads\/2025\/10\/Transformation-Management_600x600-768x768.jpg 768w, https:\/\/skr-ag.com\/wp-content\/uploads\/2025\/10\/Transformation-Management_600x600-900x900.jpg 900w, https:\/\/skr-ag.com\/wp-content\/uploads\/2025\/10\/Transformation-Management_600x600-600x600.jpg 600w\" sizes=\"auto, (max-width: 1250px) 100vw, 1250px\" \/><\/figure>\n<\/div>\n\n\n\n<div class=\"wp-block-column is-vertically-aligned-center is-layout-flow wp-block-column-is-layout-flow\" style=\"padding-top:var(--wp--preset--spacing--30);padding-right:var(--wp--preset--spacing--30);padding-bottom:var(--wp--preset--spacing--30);padding-left:var(--wp--preset--spacing--30)\">\n<h3 class=\"wp-block-heading has-accent-2-color has-text-color has-link-color wp-elements-7d95b406057a45c53c73a8d7527579d6\"><strong><strong><strong><strong><strong><strong>Die eigenen Ziele kennen<\/strong><\/strong><\/strong><\/strong><\/strong><\/strong><\/h3>\n\n\n\n<p>Wie viel Kapital wird ben\u00f6tigt? Geht es um eine Expansionsfinanzierung oder ist mit dem Verkauf der Anteile auch eine Nachfolgeregelung angestrebt? Welche Mitspracherechte soll der Investor bekommen? Mit Ihnen gemeinsam setzen wir klare Ziele \u2013 erst dann kann die professionelle Suche nach dem perfekten Investor beginnen.<\/p>\n\n\n\n<div class=\"wp-block-webx-blocks-responsive-spacer\" style=\"--desktop-height:;--tablet-height:;--mobile-height:50px\"><\/div>\n<\/div>\n<\/div>\n\n\n\n<div class=\"wp-block-columns mobile-reverse-column mobile-no-gap is-layout-flex wp-container-core-columns-is-layout-28f84493 wp-block-columns-is-layout-flex\" style=\"box-shadow:var(--wp--preset--shadow--natural)\">\n<div class=\"wp-block-column is-vertically-aligned-center is-layout-flow wp-block-column-is-layout-flow\" style=\"padding-top:var(--wp--preset--spacing--30);padding-right:var(--wp--preset--spacing--30);padding-bottom:var(--wp--preset--spacing--30);padding-left:var(--wp--preset--spacing--30)\">\n<h3 class=\"wp-block-heading has-accent-2-color has-text-color has-link-color wp-elements-7a843cbc25f8e9aa25e8a6af14fecd6c\"><strong><strong><strong><strong><strong><strong><strong><strong>Partner mit Kapital und Expertise<\/strong><\/strong><\/strong><\/strong><\/strong><\/strong><\/strong><\/strong><\/h3>\n\n\n\n<p>Neben dem rein finanziellen Engagement bieten viele Investoren auch wertvolle Expertise \u2013 h\u00e4ufig in Verbindung mit einer klaren Spezialisierung auf ausgew\u00e4hlte Branchen. Das kann f\u00fcr Unternehmen auf Wachstumskurs ein gro\u00dfer Vorteil sein. Neben notwendigem Kapital sind erfahrene Begleiter wertvoll im strategischen und operativen Management.<\/p>\n\n\n\n<div class=\"wp-block-webx-blocks-responsive-spacer\" style=\"--desktop-height:;--tablet-height:;--mobile-height:50px\"><\/div>\n<\/div>\n\n\n\n<div class=\"wp-block-column is-layout-flow wp-block-column-is-layout-flow\" style=\"padding-top:var(--wp--preset--spacing--20);padding-right:var(--wp--preset--spacing--20);padding-bottom:var(--wp--preset--spacing--20);padding-left:var(--wp--preset--spacing--20)\">\n<figure class=\"wp-block-image size-full\"><img loading=\"lazy\" decoding=\"async\" width=\"1250\" height=\"1250\" src=\"https:\/\/skr-ag.com\/wp-content\/uploads\/2025\/10\/Transformation-Management_600x6002.jpg\" alt=\"\" class=\"wp-image-250\" style=\"aspect-ratio:4\/3;object-fit:cover\" srcset=\"https:\/\/skr-ag.com\/wp-content\/uploads\/2025\/10\/Transformation-Management_600x6002.jpg 1250w, https:\/\/skr-ag.com\/wp-content\/uploads\/2025\/10\/Transformation-Management_600x6002-300x300.jpg 300w, https:\/\/skr-ag.com\/wp-content\/uploads\/2025\/10\/Transformation-Management_600x6002-1024x1024.jpg 1024w, https:\/\/skr-ag.com\/wp-content\/uploads\/2025\/10\/Transformation-Management_600x6002-150x150.jpg 150w, https:\/\/skr-ag.com\/wp-content\/uploads\/2025\/10\/Transformation-Management_600x6002-768x768.jpg 768w, https:\/\/skr-ag.com\/wp-content\/uploads\/2025\/10\/Transformation-Management_600x6002-900x900.jpg 900w, https:\/\/skr-ag.com\/wp-content\/uploads\/2025\/10\/Transformation-Management_600x6002-600x600.jpg 600w\" sizes=\"auto, (max-width: 1250px) 100vw, 1250px\" \/><\/figure>\n<\/div>\n<\/div>\n\n\n\n<div class=\"wp-block-columns mobile-no-gap has-contrast-color has-text-color has-link-color wp-elements-1e9a0085c39ec9914bb4661768ca0e52 is-layout-flex wp-container-core-columns-is-layout-0d2466c3 wp-block-columns-is-layout-flex\" style=\"padding-top:var(--wp--preset--spacing--20);padding-right:var(--wp--preset--spacing--20);padding-bottom:var(--wp--preset--spacing--20);padding-left:var(--wp--preset--spacing--20);box-shadow:var(--wp--preset--shadow--natural)\">\n<div class=\"wp-block-column is-layout-flow wp-block-column-is-layout-flow\" style=\"padding-top:0;padding-right:0;padding-bottom:0;padding-left:0\">\n<figure class=\"wp-block-image size-full\"><img loading=\"lazy\" decoding=\"async\" width=\"2560\" height=\"1709\" src=\"https:\/\/skr-ag.com\/wp-content\/uploads\/2025\/10\/Bilder_Programmierung_3.2.3-Am-Ende-zahlt-auch-die-Chemie-1-scaled.jpg\" alt=\"\" class=\"wp-image-4912\" style=\"aspect-ratio:4\/3;object-fit:cover\" srcset=\"https:\/\/skr-ag.com\/wp-content\/uploads\/2025\/10\/Bilder_Programmierung_3.2.3-Am-Ende-zahlt-auch-die-Chemie-1-scaled.jpg 2560w, https:\/\/skr-ag.com\/wp-content\/uploads\/2025\/10\/Bilder_Programmierung_3.2.3-Am-Ende-zahlt-auch-die-Chemie-1-300x200.jpg 300w, https:\/\/skr-ag.com\/wp-content\/uploads\/2025\/10\/Bilder_Programmierung_3.2.3-Am-Ende-zahlt-auch-die-Chemie-1-1024x684.jpg 1024w, https:\/\/skr-ag.com\/wp-content\/uploads\/2025\/10\/Bilder_Programmierung_3.2.3-Am-Ende-zahlt-auch-die-Chemie-1-768x513.jpg 768w, https:\/\/skr-ag.com\/wp-content\/uploads\/2025\/10\/Bilder_Programmierung_3.2.3-Am-Ende-zahlt-auch-die-Chemie-1-1536x1025.jpg 1536w, https:\/\/skr-ag.com\/wp-content\/uploads\/2025\/10\/Bilder_Programmierung_3.2.3-Am-Ende-zahlt-auch-die-Chemie-1-2048x1367.jpg 2048w, https:\/\/skr-ag.com\/wp-content\/uploads\/2025\/10\/Bilder_Programmierung_3.2.3-Am-Ende-zahlt-auch-die-Chemie-1-1348x900.jpg 1348w, https:\/\/skr-ag.com\/wp-content\/uploads\/2025\/10\/Bilder_Programmierung_3.2.3-Am-Ende-zahlt-auch-die-Chemie-1-899x600.jpg 899w\" sizes=\"auto, (max-width: 2560px) 100vw, 2560px\" \/><\/figure>\n<\/div>\n\n\n\n<div class=\"wp-block-column is-vertically-aligned-center is-layout-flow wp-block-column-is-layout-flow\" style=\"padding-top:var(--wp--preset--spacing--30);padding-right:var(--wp--preset--spacing--30);padding-bottom:var(--wp--preset--spacing--30);padding-left:var(--wp--preset--spacing--30)\">\n<h3 class=\"wp-block-heading has-accent-2-color has-text-color has-link-color wp-elements-916d4b3df6afe35417bc2d9b3d297eca\"><strong><strong><strong><strong><strong><strong><strong>Am Ende z\u00e4hlt (auch) die Chemie!<\/strong><\/strong><\/strong><\/strong><\/strong><\/strong><\/strong><\/h3>\n\n\n\n<p class=\"has-black-color has-text-color has-link-color wp-elements-adc6603efc429c6a518560108d18ac38\">Im Falle von Unternehmensbeteiligungen muss ein gemeinsamer Konsens herrschen, wie die weiteren Entwicklungsschritte des Unternehmens aussehen sollten. Dabei ist die Kultur der Investoren wichtig: Braucht es \u201eharte\u201c Sanierer, reine Finanzinvestoren oder langfristig orientierte Anleger wie zum Beispiel Family Offices. Auch \u00fcber diese weichen Faktoren sollte Klarheit herrschen, denn sie tragen zum Erfolg bei.<\/p>\n\n\n\n<div class=\"wp-block-webx-blocks-responsive-spacer\" style=\"--desktop-height:;--tablet-height:;--mobile-height:50px\"><\/div>\n<\/div>\n<\/div>\n\n\n\n<div class=\"wp-block-columns mobile-reverse-column mobile-no-gap has-dark-grey-background-color has-background is-layout-flex wp-container-core-columns-is-layout-a5331a9e wp-block-columns-is-layout-flex\" style=\"padding-top:0;padding-right:0;padding-bottom:0;padding-left:0;box-shadow:var(--wp--preset--shadow--natural)\">\n<div class=\"wp-block-column is-vertically-aligned-center is-layout-flow wp-block-column-is-layout-flow\" style=\"padding-top:var(--wp--preset--spacing--30);padding-right:var(--wp--preset--spacing--30);padding-bottom:var(--wp--preset--spacing--30);padding-left:var(--wp--preset--spacing--30)\">\n<h3 class=\"wp-block-heading has-base-color has-text-color has-link-color wp-elements-d6e90ec8f41ce4e74953d1a5be788650\"><strong><strong><strong><strong><strong><strong><strong><strong><strong><strong><strong><strong><strong><strong><strong><strong><a href=\"https:\/\/skr-ag.com\/de\/executive-advisory\/kapitalmarkt-service\/\">Kapitalmarkt-Service<\/a><\/strong><\/strong><\/strong><\/strong><\/strong><\/strong><\/strong><\/strong><\/strong><\/strong><\/strong><\/strong><\/strong><\/strong><\/strong><\/strong><\/h3>\n\n\n\n<p class=\"has-base-color has-text-color has-link-color wp-elements-8aeaf8c558ac38637d103a0b55722f98\">Kapital sinnvoll und profitabel anlegen \u2013 das geht einher mit der Beurteilung der Unternehmens- und Marktentwicklung. Gro\u00dfaktion\u00e4ren, Anteilseignern und Unternehmern liefern wir fundierte Anlageinformationen, die \u00fcber die finanzielle Analyse hinausgehen.<\/p>\n\n\n\n<div class=\"wp-block-group is-content-justification-center is-nowrap is-layout-flex wp-container-core-group-is-layout-23441af8 wp-block-group-is-layout-flex\">\n<a class=\"wp-block-webx-blocks-svg svg-arrow-block-white-hover\" style=\"margin-top:5px;margin-bottom:0\" href=\"https:\/\/skr-ag.com\/de\/executive-advisory\/kapitalmarkt-service\/\" title=\"SVG Element\"><div class=\"svg\" style=\"margin-top:5px;margin-bottom:0;height:35px;width:35px\"><svg xmlns=\"http:\/\/www.w3.org\/2000\/svg\" width=\"31.065\" height=\"24.033\" viewBox=\"0 0 31.065 24.033\">\n  <g id=\"Pfeil\" transform=\"translate(1.762 2.475)\">\n    <line id=\"Linie_18\" data-name=\"Linie 18\" x2=\"26.811\" y2=\"0.188\" transform=\"translate(0 9.37)\" fill=\"none\" stroke=\"#f4c723\" stroke-linecap=\"round\" stroke-width=\"3.5\"\/>\n    <line id=\"Linie_19\" data-name=\"Linie 19\" x2=\"13.47\" transform=\"translate(17.303) rotate(45)\" fill=\"none\" stroke=\"#f4c723\" stroke-linecap=\"round\" stroke-width=\"3.5\"\/>\n    <line id=\"Linie_20\" data-name=\"Linie 20\" x2=\"13.47\" transform=\"translate(17.286 19.083) rotate(-45)\" fill=\"none\" stroke=\"#f4c723\" stroke-linecap=\"round\" stroke-width=\"3.5\"\/>\n  <\/g>\n<\/svg>\n<\/div><\/a>\n<\/div>\n\n\n\n<div class=\"wp-block-webx-blocks-responsive-spacer\" style=\"--desktop-height:;--tablet-height:;--mobile-height:50px\"><\/div>\n<\/div>\n\n\n\n<div class=\"wp-block-column is-layout-flow wp-block-column-is-layout-flow\" style=\"padding-top:var(--wp--preset--spacing--20);padding-right:var(--wp--preset--spacing--20);padding-bottom:var(--wp--preset--spacing--20);padding-left:var(--wp--preset--spacing--20)\">\n<figure class=\"wp-block-image size-full\"><a href=\"https:\/\/skr-ag.com\/de\/executive-advisory\/kapitalmarkt-service\/\"><img loading=\"lazy\" decoding=\"async\" width=\"560\" height=\"456\" src=\"https:\/\/skr-ag.com\/wp-content\/uploads\/2025\/10\/Teaser_Home_960x785-1.png\" alt=\"\" class=\"wp-image-5107\" style=\"aspect-ratio:4\/3;object-fit:cover\" srcset=\"https:\/\/skr-ag.com\/wp-content\/uploads\/2025\/10\/Teaser_Home_960x785-1.png 560w, https:\/\/skr-ag.com\/wp-content\/uploads\/2025\/10\/Teaser_Home_960x785-1-300x244.png 300w\" sizes=\"auto, (max-width: 560px) 100vw, 560px\" \/><\/a><\/figure>\n<\/div>\n<\/div>\n<\/div>\n\n\n\n<div class=\"wp-block-webx-blocks-responsive-spacer\" style=\"--desktop-height:150px;--tablet-height:100px;--mobile-height:50px\"><\/div>\n","protected":false},"excerpt":{"rendered":"<p>Investoren finden Sie suchen Kapital? Wir bringen Unternehmen mit passenden Investoren zusammen. Damit gesundes Wachstum gelingt. Die eigenen Ziele kennen Wie viel Kapital wird ben\u00f6tigt? Geht es um eine Expansionsfinanzierung oder ist mit dem Verkauf der Anteile auch eine Nachfolgeregelung angestrebt? Welche Mitspracherechte soll der Investor bekommen? Mit Ihnen gemeinsam setzen wir klare Ziele \u2013 [&hellip;]<\/p>\n","protected":false},"author":1,"featured_media":0,"parent":166,"menu_order":0,"comment_status":"closed","ping_status":"closed","template":"wp-custom-template-page-no-transparent-header","meta":{"footnotes":""},"class_list":["post-248","page","type-page","status-publish","hentry"],"_links":{"self":[{"href":"https:\/\/skr-ag.com\/de\/wp-json\/wp\/v2\/pages\/248","targetHints":{"allow":["GET"]}}],"collection":[{"href":"https:\/\/skr-ag.com\/de\/wp-json\/wp\/v2\/pages"}],"about":[{"href":"https:\/\/skr-ag.com\/de\/wp-json\/wp\/v2\/types\/page"}],"author":[{"embeddable":true,"href":"https:\/\/skr-ag.com\/de\/wp-json\/wp\/v2\/users\/1"}],"replies":[{"embeddable":true,"href":"https:\/\/skr-ag.com\/de\/wp-json\/wp\/v2\/comments?post=248"}],"version-history":[{"count":17,"href":"https:\/\/skr-ag.com\/de\/wp-json\/wp\/v2\/pages\/248\/revisions"}],"predecessor-version":[{"id":5171,"href":"https:\/\/skr-ag.com\/de\/wp-json\/wp\/v2\/pages\/248\/revisions\/5171"}],"up":[{"embeddable":true,"href":"https:\/\/skr-ag.com\/de\/wp-json\/wp\/v2\/pages\/166"}],"wp:attachment":[{"href":"https:\/\/skr-ag.com\/de\/wp-json\/wp\/v2\/media?parent=248"}],"curies":[{"name":"wp","href":"https:\/\/api.w.org\/{rel}","templated":true}]}}