{"id":253,"date":"2025-10-13T15:09:09","date_gmt":"2025-10-13T15:09:09","guid":{"rendered":"https:\/\/skr.cloud16.webhome.at\/?page_id=253"},"modified":"2025-10-29T13:01:54","modified_gmt":"2025-10-29T13:01:54","slug":"ueber-uns","status":"publish","type":"page","link":"https:\/\/skr-ag.com\/de\/ueber-uns\/","title":{"rendered":"\u00dcber Uns"},"content":{"rendered":"\n<div class=\"wp-block-group has-global-padding is-layout-constrained wp-block-group-is-layout-constrained\">\n<div class=\"wp-block-group has-global-padding is-layout-constrained wp-container-core-group-is-layout-5ea9e190 wp-block-group-is-layout-constrained\">\n<div class=\"wp-block-webx-blocks-responsive-spacer\" style=\"--desktop-height:75px;--tablet-height:75px;--mobile-height:25px\"><\/div>\n\n\n\n<h1 class=\"wp-block-heading has-text-align-center has-accent-2-color has-text-color has-link-color has-x-large-font-size wp-elements-42c168e127a5109e231448743fcb71f4\"><strong><strong><strong><strong>SKR \u2013 the Corporate Advisors<\/strong><\/strong><\/strong><\/strong><\/h1>\n\n\n\n<p class=\"has-text-align-center\">Wer in der Unternehmensverantwortung steht, wei\u00df, wie wichtig Praxiserfahrung ist: Die Corporate Advisors von SKR haben jahrzehntelang in gesch\u00e4ftsf\u00fchrenden Positionen gewirkt, Unternehmen am Markt als feste Gr\u00f6\u00dfe etabliert und zum Erfolg gef\u00fchrt. Diesen Erfahrungsschatz nutzen wir f\u00fcr unsere Kunden.<\/p>\n\n\n\n<div class=\"wp-block-webx-blocks-responsive-spacer\" style=\"--desktop-height:100px;--tablet-height:75px;--mobile-height:75px\"><\/div>\n<\/div>\n<\/div>\n\n\n\n<div class=\"wp-block-group has-global-padding is-layout-constrained wp-container-core-group-is-layout-12e6237e wp-block-group-is-layout-constrained\">\n<div class=\"wp-block-columns mobile-no-gap is-layout-flex wp-container-core-columns-is-layout-28f84493 wp-block-columns-is-layout-flex\" style=\"box-shadow:var(--wp--preset--shadow--natural)\">\n<div class=\"wp-block-column is-layout-flow wp-block-column-is-layout-flow\" style=\"padding-top:var(--wp--preset--spacing--20);padding-right:var(--wp--preset--spacing--20);padding-bottom:var(--wp--preset--spacing--20);padding-left:var(--wp--preset--spacing--20)\">\n<figure class=\"wp-block-image size-full\"><img loading=\"lazy\" decoding=\"async\" width=\"1604\" height=\"1604\" src=\"https:\/\/skr-ag.com\/wp-content\/uploads\/2025\/10\/Rico_Back_385x385.jpg\" alt=\"\" class=\"wp-image-4783\" style=\"aspect-ratio:4\/3;object-fit:cover\" srcset=\"https:\/\/skr-ag.com\/wp-content\/uploads\/2025\/10\/Rico_Back_385x385.jpg 1604w, https:\/\/skr-ag.com\/wp-content\/uploads\/2025\/10\/Rico_Back_385x385-300x300.jpg 300w, https:\/\/skr-ag.com\/wp-content\/uploads\/2025\/10\/Rico_Back_385x385-1024x1024.jpg 1024w, https:\/\/skr-ag.com\/wp-content\/uploads\/2025\/10\/Rico_Back_385x385-150x150.jpg 150w, https:\/\/skr-ag.com\/wp-content\/uploads\/2025\/10\/Rico_Back_385x385-768x768.jpg 768w, https:\/\/skr-ag.com\/wp-content\/uploads\/2025\/10\/Rico_Back_385x385-1536x1536.jpg 1536w, https:\/\/skr-ag.com\/wp-content\/uploads\/2025\/10\/Rico_Back_385x385-900x900.jpg 900w, https:\/\/skr-ag.com\/wp-content\/uploads\/2025\/10\/Rico_Back_385x385-600x600.jpg 600w\" sizes=\"auto, (max-width: 1604px) 100vw, 1604px\" \/><\/figure>\n<\/div>\n\n\n\n<div class=\"wp-block-column is-vertically-aligned-center is-layout-flow wp-block-column-is-layout-flow\" style=\"padding-top:var(--wp--preset--spacing--20);padding-right:var(--wp--preset--spacing--40);padding-bottom:var(--wp--preset--spacing--20);padding-left:var(--wp--preset--spacing--40)\">\n<h3 class=\"wp-block-heading has-accent-2-color has-text-color\"><strong><strong><strong><strong><strong><strong>Rico Back&nbsp;&nbsp;&nbsp;<\/strong><\/strong><\/strong><\/strong><\/strong><\/strong><\/h3>\n\n\n\n<p>Gesch\u00e4ftsmann, Unternehmer und seit \u00fcber drei Jahrzehnten in f\u00fchrenden Positionen in der globalen Logistikbranche t\u00e4tig, als CEO der Royal Mail Group und CEO der GLS sowie als Mitbegr\u00fcnder und Gesch\u00e4ftsf\u00fchrer von German Parcel.<\/p>\n\n\n\n<div class=\"wp-block-group is-content-justification-center is-nowrap is-layout-flex wp-container-core-group-is-layout-f194bcfb wp-block-group-is-layout-flex\" style=\"margin-top:var(--wp--preset--spacing--30);margin-bottom:var(--wp--preset--spacing--30)\">\n<a class=\"wp-block-webx-blocks-svg aligncenter svg-arrow-block-black-hover\" href=\"https:\/\/skr-ag.com\/de\/ueber-uns\/rico-back\/\" title=\"SVG Element\"><div class=\"svg\" style=\"height:35px;width:35px\"><svg xmlns=\"http:\/\/www.w3.org\/2000\/svg\" width=\"31.065\" height=\"24.033\" viewBox=\"0 0 31.065 24.033\">\n  <g id=\"Pfeil\" transform=\"translate(1.762 2.475)\">\n    <line id=\"Linie_18\" data-name=\"Linie 18\" x2=\"26.811\" y2=\"0.188\" transform=\"translate(0 9.37)\" fill=\"none\" stroke=\"#f4c723\" stroke-linecap=\"round\" stroke-width=\"3.5\"\/>\n    <line id=\"Linie_19\" data-name=\"Linie 19\" x2=\"13.47\" transform=\"translate(17.303) rotate(45)\" fill=\"none\" stroke=\"#f4c723\" stroke-linecap=\"round\" stroke-width=\"3.5\"\/>\n    <line id=\"Linie_20\" data-name=\"Linie 20\" x2=\"13.47\" transform=\"translate(17.286 19.083) rotate(-45)\" fill=\"none\" stroke=\"#f4c723\" stroke-linecap=\"round\" stroke-width=\"3.5\"\/>\n  <\/g>\n<\/svg>\n<\/div><\/a>\n<\/div>\n<\/div>\n<\/div>\n\n\n\n<div class=\"wp-block-columns mobile-reverse-column mobile-no-gap is-layout-flex wp-container-core-columns-is-layout-28f84493 wp-block-columns-is-layout-flex\" style=\"box-shadow:var(--wp--preset--shadow--natural)\">\n<div class=\"wp-block-column is-vertically-aligned-center is-layout-flow wp-block-column-is-layout-flow\" style=\"padding-top:var(--wp--preset--spacing--20);padding-right:var(--wp--preset--spacing--40);padding-bottom:var(--wp--preset--spacing--20);padding-left:var(--wp--preset--spacing--40)\">\n<h3 class=\"wp-block-heading has-accent-2-color has-text-color\"><strong><strong><strong><strong><strong><strong><strong>Mel Tomlin<\/strong><\/strong><\/strong><\/strong><\/strong><\/strong><\/strong><\/h3>\n\n\n\n<p>Strategische F\u00fchrungspers\u00f6nlichkeit mit \u00fcber zwei Jahrzehnten Erfahrung auf Vorstandsebene im Bau-, Logistik- und Gesundheitssektor. Spezialisiert auf Strategie, Wandel, Fusionen und \u00dcbernahmen, Unternehmensf\u00fchrung und Risikomanagement.<\/p>\n\n\n\n<div class=\"wp-block-group is-content-justification-center is-nowrap is-layout-flex wp-container-core-group-is-layout-f194bcfb wp-block-group-is-layout-flex\" style=\"margin-top:var(--wp--preset--spacing--30);margin-bottom:var(--wp--preset--spacing--30)\">\n<a class=\"wp-block-webx-blocks-svg aligncenter svg-arrow-block-black-hover\" href=\"https:\/\/skr-ag.com\/de\/ueber-uns\/mel-tomlin\/\" title=\"SVG Element\"><div class=\"svg\" style=\"height:35px;width:35px\"><svg xmlns=\"http:\/\/www.w3.org\/2000\/svg\" width=\"31.065\" height=\"24.033\" viewBox=\"0 0 31.065 24.033\">\n  <g id=\"Pfeil\" transform=\"translate(1.762 2.475)\">\n    <line id=\"Linie_18\" data-name=\"Linie 18\" x2=\"26.811\" y2=\"0.188\" transform=\"translate(0 9.37)\" fill=\"none\" stroke=\"#f4c723\" stroke-linecap=\"round\" stroke-width=\"3.5\"\/>\n    <line id=\"Linie_19\" data-name=\"Linie 19\" x2=\"13.47\" transform=\"translate(17.303) rotate(45)\" fill=\"none\" stroke=\"#f4c723\" stroke-linecap=\"round\" stroke-width=\"3.5\"\/>\n    <line id=\"Linie_20\" data-name=\"Linie 20\" x2=\"13.47\" transform=\"translate(17.286 19.083) rotate(-45)\" fill=\"none\" stroke=\"#f4c723\" stroke-linecap=\"round\" stroke-width=\"3.5\"\/>\n  <\/g>\n<\/svg>\n<\/div><\/a>\n<\/div>\n<\/div>\n\n\n\n<div class=\"wp-block-column is-layout-flow wp-block-column-is-layout-flow\" style=\"padding-top:var(--wp--preset--spacing--20);padding-right:var(--wp--preset--spacing--20);padding-bottom:var(--wp--preset--spacing--20);padding-left:var(--wp--preset--spacing--20)\">\n<figure class=\"wp-block-image size-full\"><img loading=\"lazy\" decoding=\"async\" width=\"1604\" height=\"1604\" src=\"https:\/\/skr-ag.com\/wp-content\/uploads\/2025\/10\/Mel_Tomlin_385x385-1.jpg\" alt=\"\" class=\"wp-image-4786\" style=\"aspect-ratio:4\/3;object-fit:cover\" srcset=\"https:\/\/skr-ag.com\/wp-content\/uploads\/2025\/10\/Mel_Tomlin_385x385-1.jpg 1604w, https:\/\/skr-ag.com\/wp-content\/uploads\/2025\/10\/Mel_Tomlin_385x385-1-300x300.jpg 300w, https:\/\/skr-ag.com\/wp-content\/uploads\/2025\/10\/Mel_Tomlin_385x385-1-1024x1024.jpg 1024w, https:\/\/skr-ag.com\/wp-content\/uploads\/2025\/10\/Mel_Tomlin_385x385-1-150x150.jpg 150w, https:\/\/skr-ag.com\/wp-content\/uploads\/2025\/10\/Mel_Tomlin_385x385-1-768x768.jpg 768w, https:\/\/skr-ag.com\/wp-content\/uploads\/2025\/10\/Mel_Tomlin_385x385-1-1536x1536.jpg 1536w, https:\/\/skr-ag.com\/wp-content\/uploads\/2025\/10\/Mel_Tomlin_385x385-1-900x900.jpg 900w, https:\/\/skr-ag.com\/wp-content\/uploads\/2025\/10\/Mel_Tomlin_385x385-1-600x600.jpg 600w\" sizes=\"auto, (max-width: 1604px) 100vw, 1604px\" \/><\/figure>\n<\/div>\n<\/div>\n\n\n\n<div class=\"wp-block-columns mobile-no-gap is-layout-flex wp-container-core-columns-is-layout-28f84493 wp-block-columns-is-layout-flex\" style=\"box-shadow:var(--wp--preset--shadow--natural)\">\n<div class=\"wp-block-column is-layout-flow wp-block-column-is-layout-flow\" style=\"padding-top:var(--wp--preset--spacing--20);padding-right:var(--wp--preset--spacing--20);padding-bottom:var(--wp--preset--spacing--20);padding-left:var(--wp--preset--spacing--20)\">\n<figure class=\"wp-block-image size-full\"><img loading=\"lazy\" decoding=\"async\" width=\"1604\" height=\"1604\" src=\"https:\/\/skr-ag.com\/wp-content\/uploads\/2025\/10\/C_Herrlich_385x385-Kopie-1.jpg\" alt=\"\" class=\"wp-image-5272\" style=\"aspect-ratio:4\/3;object-fit:cover\" srcset=\"https:\/\/skr-ag.com\/wp-content\/uploads\/2025\/10\/C_Herrlich_385x385-Kopie-1.jpg 1604w, https:\/\/skr-ag.com\/wp-content\/uploads\/2025\/10\/C_Herrlich_385x385-Kopie-1-300x300.jpg 300w, https:\/\/skr-ag.com\/wp-content\/uploads\/2025\/10\/C_Herrlich_385x385-Kopie-1-1024x1024.jpg 1024w, https:\/\/skr-ag.com\/wp-content\/uploads\/2025\/10\/C_Herrlich_385x385-Kopie-1-150x150.jpg 150w, https:\/\/skr-ag.com\/wp-content\/uploads\/2025\/10\/C_Herrlich_385x385-Kopie-1-768x768.jpg 768w, https:\/\/skr-ag.com\/wp-content\/uploads\/2025\/10\/C_Herrlich_385x385-Kopie-1-1536x1536.jpg 1536w, https:\/\/skr-ag.com\/wp-content\/uploads\/2025\/10\/C_Herrlich_385x385-Kopie-1-900x900.jpg 900w, https:\/\/skr-ag.com\/wp-content\/uploads\/2025\/10\/C_Herrlich_385x385-Kopie-1-600x600.jpg 600w\" sizes=\"auto, (max-width: 1604px) 100vw, 1604px\" \/><\/figure>\n<\/div>\n\n\n\n<div class=\"wp-block-column is-vertically-aligned-center is-layout-flow wp-block-column-is-layout-flow\" style=\"padding-top:var(--wp--preset--spacing--20);padding-right:var(--wp--preset--spacing--40);padding-bottom:var(--wp--preset--spacing--20);padding-left:var(--wp--preset--spacing--40)\">\n<h3 class=\"wp-block-heading has-accent-2-color has-text-color\"><strong><strong><strong><strong><strong><strong><strong>Christian Herrlich<\/strong><\/strong><\/strong><\/strong><\/strong><\/strong><\/strong><\/h3>\n\n\n\n<p>Erfahrene F\u00fchrungskraft im Bereich digitale Transformation, IT-Management und Cyber Security \u2013 mit \u00fcber 25 Jahren Expertise in der&nbsp;Digitalisierung. Federf\u00fchrend in zahlreichen digitalen Transformationen f\u00fcr Royal Mail, GLS und Deutsche Post DHL Group.<\/p>\n\n\n\n<div class=\"wp-block-group is-content-justification-center is-nowrap is-layout-flex wp-container-core-group-is-layout-f194bcfb wp-block-group-is-layout-flex\" style=\"margin-top:var(--wp--preset--spacing--30);margin-bottom:var(--wp--preset--spacing--30)\">\n<a class=\"wp-block-webx-blocks-svg aligncenter svg-arrow-block-black-hover\" href=\"https:\/\/skr-ag.com\/de\/ueber-uns\/christian-herrlich\/\" title=\"SVG Element\"><div class=\"svg\" style=\"height:35px;width:35px\"><svg xmlns=\"http:\/\/www.w3.org\/2000\/svg\" width=\"31.065\" height=\"24.033\" viewBox=\"0 0 31.065 24.033\">\n  <g id=\"Pfeil\" transform=\"translate(1.762 2.475)\">\n    <line id=\"Linie_18\" data-name=\"Linie 18\" x2=\"26.811\" y2=\"0.188\" transform=\"translate(0 9.37)\" fill=\"none\" stroke=\"#f4c723\" stroke-linecap=\"round\" stroke-width=\"3.5\"\/>\n    <line id=\"Linie_19\" data-name=\"Linie 19\" x2=\"13.47\" transform=\"translate(17.303) rotate(45)\" fill=\"none\" stroke=\"#f4c723\" stroke-linecap=\"round\" stroke-width=\"3.5\"\/>\n    <line id=\"Linie_20\" data-name=\"Linie 20\" x2=\"13.47\" transform=\"translate(17.286 19.083) rotate(-45)\" fill=\"none\" stroke=\"#f4c723\" stroke-linecap=\"round\" stroke-width=\"3.5\"\/>\n  <\/g>\n<\/svg>\n<\/div><\/a>\n<\/div>\n<\/div>\n<\/div>\n\n\n\n<div class=\"wp-block-columns mobile-reverse-column mobile-no-gap is-layout-flex wp-container-core-columns-is-layout-28f84493 wp-block-columns-is-layout-flex\" style=\"box-shadow:var(--wp--preset--shadow--natural)\">\n<div class=\"wp-block-column is-vertically-aligned-center is-layout-flow wp-block-column-is-layout-flow\" style=\"padding-top:var(--wp--preset--spacing--20);padding-right:var(--wp--preset--spacing--40);padding-bottom:var(--wp--preset--spacing--20);padding-left:var(--wp--preset--spacing--40)\">\n<h3 class=\"wp-block-heading has-accent-2-color has-text-color\"><strong><strong><strong><strong><strong><strong><strong><strong>Dr. Erik L\u00fcders<\/strong><\/strong><\/strong><\/strong><\/strong><\/strong><\/strong><\/strong><\/h3>\n\n\n\n<p>Erfahrener Analyst und Stratege mit besonderer Expertise in den Bereichen Banken, Strategy &amp; Financial Services, Investment Management sowie Risikoberatung \u2013 mit \u00fcber 15 Jahren einschl\u00e4giger Erfahrung als Partner bei McKinsey, EY Ernst &amp; Young und Deloitte.<\/p>\n\n\n\n<div class=\"wp-block-group is-content-justification-center is-nowrap is-layout-flex wp-container-core-group-is-layout-f194bcfb wp-block-group-is-layout-flex\" style=\"margin-top:var(--wp--preset--spacing--30);margin-bottom:var(--wp--preset--spacing--30)\">\n<a class=\"wp-block-webx-blocks-svg aligncenter svg-arrow-block-black-hover\" href=\"https:\/\/skr-ag.com\/de\/ueber-uns\/dr-erik-lueders\/\" title=\"SVG Element\"><div class=\"svg\" style=\"height:35px;width:35px\"><svg xmlns=\"http:\/\/www.w3.org\/2000\/svg\" width=\"31.065\" height=\"24.033\" viewBox=\"0 0 31.065 24.033\">\n  <g id=\"Pfeil\" transform=\"translate(1.762 2.475)\">\n    <line id=\"Linie_18\" data-name=\"Linie 18\" x2=\"26.811\" y2=\"0.188\" transform=\"translate(0 9.37)\" fill=\"none\" stroke=\"#f4c723\" stroke-linecap=\"round\" stroke-width=\"3.5\"\/>\n    <line id=\"Linie_19\" data-name=\"Linie 19\" x2=\"13.47\" transform=\"translate(17.303) rotate(45)\" fill=\"none\" stroke=\"#f4c723\" stroke-linecap=\"round\" stroke-width=\"3.5\"\/>\n    <line id=\"Linie_20\" data-name=\"Linie 20\" x2=\"13.47\" transform=\"translate(17.286 19.083) rotate(-45)\" fill=\"none\" stroke=\"#f4c723\" stroke-linecap=\"round\" stroke-width=\"3.5\"\/>\n  <\/g>\n<\/svg>\n<\/div><\/a>\n<\/div>\n<\/div>\n\n\n\n<div class=\"wp-block-column is-layout-flow wp-block-column-is-layout-flow\" style=\"padding-top:var(--wp--preset--spacing--20);padding-right:var(--wp--preset--spacing--20);padding-bottom:var(--wp--preset--spacing--20);padding-left:var(--wp--preset--spacing--20)\">\n<figure class=\"wp-block-image size-full\"><img loading=\"lazy\" decoding=\"async\" width=\"1604\" height=\"1604\" src=\"https:\/\/skr-ag.com\/wp-content\/uploads\/2025\/10\/Erik-Lu\u2560eders_385x385-1.jpg\" alt=\"\" class=\"wp-image-4789\" style=\"aspect-ratio:4\/3;object-fit:cover\" srcset=\"https:\/\/skr-ag.com\/wp-content\/uploads\/2025\/10\/Erik-Lu\u2560eders_385x385-1.jpg 1604w, https:\/\/skr-ag.com\/wp-content\/uploads\/2025\/10\/Erik-Lu\u2560eders_385x385-1-300x300.jpg 300w, https:\/\/skr-ag.com\/wp-content\/uploads\/2025\/10\/Erik-Lu\u2560eders_385x385-1-1024x1024.jpg 1024w, https:\/\/skr-ag.com\/wp-content\/uploads\/2025\/10\/Erik-Lu\u2560eders_385x385-1-150x150.jpg 150w, https:\/\/skr-ag.com\/wp-content\/uploads\/2025\/10\/Erik-Lu\u2560eders_385x385-1-768x768.jpg 768w, https:\/\/skr-ag.com\/wp-content\/uploads\/2025\/10\/Erik-Lu\u2560eders_385x385-1-1536x1536.jpg 1536w, https:\/\/skr-ag.com\/wp-content\/uploads\/2025\/10\/Erik-Lu\u2560eders_385x385-1-900x900.jpg 900w, https:\/\/skr-ag.com\/wp-content\/uploads\/2025\/10\/Erik-Lu\u2560eders_385x385-1-600x600.jpg 600w\" sizes=\"auto, (max-width: 1604px) 100vw, 1604px\" \/><\/figure>\n<\/div>\n<\/div>\n<\/div>\n\n\n\n<div class=\"wp-block-webx-blocks-responsive-spacer\" style=\"--desktop-height:100px;--tablet-height:50px;--mobile-height:25px\"><\/div>\n\n\n\n<div class=\"wp-block-group alignfull has-dark-grey-background-color has-background has-global-padding is-layout-constrained wp-block-group-is-layout-constrained\">\n<div class=\"wp-block-group has-global-padding is-layout-constrained wp-container-core-group-is-layout-5ea9e190 wp-block-group-is-layout-constrained\">\n<div class=\"wp-block-webx-blocks-responsive-spacer\" style=\"--desktop-height:50px;--tablet-height:50px;--mobile-height:25px\"><\/div>\n\n\n\n<h2 class=\"wp-block-heading has-text-align-center has-base-color has-text-color has-link-color wp-elements-cb0079054480758e6780207c1656d0ab\"><strong>Associate Advisors<\/strong><\/h2>\n\n\n\n<p class=\"has-text-align-center has-base-color has-text-color has-link-color wp-elements-df185c500423c3c7e30c8e34bca957b1\">Gemeinsam mit unseren Associate Advisors f\u00fchren wir spezialisierte Teams in Europa, Asien und Nordamerika. So k\u00f6nnen wir Investoren, Vorst\u00e4nden und Executives eine unabh\u00e4ngige und vertrauliche Beratung an international wichtigen M\u00e4rkten bieten. In dieser Arbeitsstruktur vereint SKR unter einem Dach eine hochkar\u00e4tige Expertise \u2013 von der generellen Gesch\u00e4ftsf\u00fchrung, \u00fcber Operative, Finanzen, HR, Sales, Marketing, Kommunikation bis hin zur IT und Digitalisierung. Gemeinsam haben wir bereits weit \u00fcber 80 Transaktionen erfolgreich umgesetzt, international Markteintritte gestaltet und Business aufgebaut. Wir haben IT-Strukturen standardisiert und neue digitale Produkte entwickelt. Wir kennen die globale Logistikbranche, insbesondere Post-, Paket- und Expressbranche wie nur wenige, sind mit vielen anderen Branchen tief vertraut.<strong>&nbsp;&nbsp;&nbsp;&nbsp;&nbsp;<\/strong><\/p>\n\n\n\n<div class=\"wp-block-webx-blocks-responsive-spacer\" style=\"--desktop-height:100px;--tablet-height:50px;--mobile-height:25px\"><\/div>\n\n\n\n<div class=\"wp-block-group is-content-justification-center is-nowrap is-layout-flex wp-container-core-group-is-layout-23441af8 wp-block-group-is-layout-flex\">\n<p class=\"has-accent-color has-text-color has-link-color has-x-large-font-size wp-elements-2d383e7ac6360a6f362c50473aa052c1\"><strong>01<\/strong><\/p>\n\n\n\n<p class=\"has-accent-color has-text-color has-link-color has-large-font-size wp-elements-f6f4f9d52a7b15dfca3bb4855e2d25d5\"><strong>Expertise<\/strong><\/p>\n<\/div>\n\n\n\n<p class=\"has-text-align-center has-base-color has-text-color has-link-color wp-elements-76bd47fc6b64c31e27a00f133e355f37\">Business Remodelling \u2022 Anlage &amp; Finanzen \u2022 Mergers &amp; Acquisitions \u2022 Transformation \u2022 Digitalisierung &amp; IT \u2022 Human Resources \u2022 Sales &amp; Marketing<\/p>\n\n\n\n<div class=\"wp-block-webx-blocks-responsive-spacer\" style=\"--desktop-height:50px;--tablet-height:50px;--mobile-height:25px\"><\/div>\n\n\n\n<div class=\"wp-block-group is-content-justification-center is-nowrap is-layout-flex wp-container-core-group-is-layout-23441af8 wp-block-group-is-layout-flex\">\n<p class=\"has-accent-color has-text-color has-link-color has-x-large-font-size wp-elements-1f84bd362c3a285d6967a21fd19688c1\"><strong>02<\/strong><\/p>\n\n\n\n<p class=\"has-accent-color has-text-color has-link-color has-large-font-size wp-elements-6214fb50a77a81ef08d9580fa26820d4\"><strong>Berufliche Erfahrung<\/strong><\/p>\n<\/div>\n\n\n\n<p class=\"has-text-align-center has-base-color has-text-color has-link-color wp-elements-c73bafe518ab9864505b5533973d30db\">CEO Chief Executive Officer <br>COO Chief Operation Officer <br>CFO Chief Finance Officer <br>CIO Chief Information Officer <br>CDO Chief Digital Officer <br>CoS Chief of Staff<\/p>\n\n\n\n<div class=\"wp-block-webx-blocks-responsive-spacer\" style=\"--desktop-height:50px;--tablet-height:50px;--mobile-height:25px\"><\/div>\n\n\n\n<div class=\"wp-block-group is-content-justification-center is-nowrap is-layout-flex wp-container-core-group-is-layout-23441af8 wp-block-group-is-layout-flex\">\n<p class=\"has-accent-color has-text-color has-link-color has-x-large-font-size wp-elements-e343948775d3ffbf857d9a447b0f58a6\"><strong>03<\/strong><\/p>\n\n\n\n<p class=\"has-accent-color has-text-color has-link-color has-large-font-size wp-elements-79a3609ff6b13db3767c3582139bc85a\"><strong>M\u00e4rkte<\/strong><\/p>\n<\/div>\n\n\n\n<p class=\"has-text-align-center has-base-color has-text-color has-link-color wp-elements-6f6e4138ac2dccb97865456151064e84\">Europa \u2022 Asien \u2022 Nordamerika <\/p>\n\n\n\n<div class=\"wp-block-webx-blocks-responsive-spacer\" style=\"--desktop-height:50px;--tablet-height:50px;--mobile-height:25px\"><\/div>\n<\/div>\n<\/div>\n\n\n\n<div class=\"wp-block-webx-blocks-responsive-spacer\" style=\"--desktop-height:100px;--tablet-height:50px;--mobile-height:25px\"><\/div>\n\n\n\n<div class=\"wp-block-group has-global-padding is-layout-constrained wp-container-core-group-is-layout-abb6fe41 wp-block-group-is-layout-constrained\">\n<div class=\"wp-block-group has-border-color has-base-border-color has-accent-background-color has-background has-global-padding is-layout-constrained wp-container-core-group-is-layout-bcdb8999 wp-block-group-is-layout-constrained\" style=\"border-width:20px;padding-top:var(--wp--preset--spacing--20);padding-right:var(--wp--preset--spacing--20);padding-bottom:var(--wp--preset--spacing--20);padding-left:var(--wp--preset--spacing--20);box-shadow:var(--wp--preset--shadow--natural)\">\n<h2 class=\"wp-block-heading has-text-align-center\"><strong>Arbeiten bei SKR \u2013 join!<\/strong><\/h2>\n\n\n\n<p class=\"has-text-align-center\">Die SKR w\u00e4chst. Neue Projekte und Kunden stellen uns laufend vor neuen Herausforderungen, die wir gerne annehmen. Wir arbeiten mit festen Teams, aber auch mit assoziierten Corporate Advisors zusammen. Unser Netz reicht von Europa \u00fcber die USA bis Asien. Wenn Sie sich f\u00fcr die Mitarbeit in unserem Experten-Team interessieren, nehmen Sie mit uns Kontakt auf.<\/p>\n\n\n\n<p class=\"has-text-align-center hover-white has-mark-bold-font-family\"><strong><a href=\"mailto:karriere@skr.com\">karriere@skr.com<\/a><\/strong><\/p>\n<\/div>\n<\/div>\n\n\n\n<div class=\"wp-block-webx-blocks-responsive-spacer\" style=\"--desktop-height:200px;--tablet-height:100px;--mobile-height:75px\"><\/div>\n","protected":false},"excerpt":{"rendered":"<p>SKR \u2013 the Corporate Advisors Wer in der Unternehmensverantwortung steht, wei\u00df, wie wichtig Praxiserfahrung ist: Die Corporate Advisors von SKR haben jahrzehntelang in gesch\u00e4ftsf\u00fchrenden Positionen gewirkt, Unternehmen am Markt als feste Gr\u00f6\u00dfe etabliert und zum Erfolg gef\u00fchrt. Diesen Erfahrungsschatz nutzen wir f\u00fcr unsere Kunden. Rico Back&nbsp;&nbsp;&nbsp; Gesch\u00e4ftsmann, Unternehmer und seit \u00fcber drei Jahrzehnten in f\u00fchrenden [&hellip;]<\/p>\n","protected":false},"author":1,"featured_media":0,"parent":0,"menu_order":0,"comment_status":"closed","ping_status":"closed","template":"","meta":{"footnotes":""},"class_list":["post-253","page","type-page","status-publish","hentry"],"_links":{"self":[{"href":"https:\/\/skr-ag.com\/de\/wp-json\/wp\/v2\/pages\/253","targetHints":{"allow":["GET"]}}],"collection":[{"href":"https:\/\/skr-ag.com\/de\/wp-json\/wp\/v2\/pages"}],"about":[{"href":"https:\/\/skr-ag.com\/de\/wp-json\/wp\/v2\/types\/page"}],"author":[{"embeddable":true,"href":"https:\/\/skr-ag.com\/de\/wp-json\/wp\/v2\/users\/1"}],"replies":[{"embeddable":true,"href":"https:\/\/skr-ag.com\/de\/wp-json\/wp\/v2\/comments?post=253"}],"version-history":[{"count":25,"href":"https:\/\/skr-ag.com\/de\/wp-json\/wp\/v2\/pages\/253\/revisions"}],"predecessor-version":[{"id":5274,"href":"https:\/\/skr-ag.com\/de\/wp-json\/wp\/v2\/pages\/253\/revisions\/5274"}],"wp:attachment":[{"href":"https:\/\/skr-ag.com\/de\/wp-json\/wp\/v2\/media?parent=253"}],"curies":[{"name":"wp","href":"https:\/\/api.w.org\/{rel}","templated":true}]}}