{"id":306,"date":"2025-10-13T16:00:58","date_gmt":"2025-10-13T16:00:58","guid":{"rendered":"https:\/\/skr.cloud16.webhome.at\/?page_id=306"},"modified":"2025-10-29T13:53:48","modified_gmt":"2025-10-29T13:53:48","slug":"christian-herrlich","status":"publish","type":"page","link":"https:\/\/skr-ag.com\/de\/ueber-uns\/christian-herrlich\/","title":{"rendered":"Christian Herrlich"},"content":{"rendered":"\n<div class=\"wp-block-group has-global-padding is-layout-constrained wp-block-group-is-layout-constrained\">\n<div class=\"wp-block-group has-global-padding is-layout-constrained wp-container-core-group-is-layout-5ea9e190 wp-block-group-is-layout-constrained\">\n<div class=\"wp-block-webx-blocks-responsive-spacer\" style=\"--desktop-height:100px;--tablet-height:50px;--mobile-height:25px\"><\/div>\n\n\n\n<h1 class=\"wp-block-heading has-text-align-center has-accent-2-color has-text-color has-link-color has-x-large-font-size wp-elements-941037f98de1936ca95ba164c43cadf7\"><strong>Christian Herrlich<\/strong><\/h1>\n\n\n\n<div class=\"wp-block-group is-content-justification-center is-nowrap is-layout-flex wp-container-core-group-is-layout-23441af8 wp-block-group-is-layout-flex\">\n<p class=\"has-text-align-center\"><strong>Partner<\/strong><\/p>\n<\/div>\n\n\n\n<div class=\"wp-block-webx-blocks-responsive-spacer\" style=\"--desktop-height:100px;--tablet-height:50px;--mobile-height:25px\"><\/div>\n<\/div>\n<\/div>\n\n\n\n<div class=\"wp-block-group has-global-padding is-layout-constrained wp-container-core-group-is-layout-0a1f8bec wp-block-group-is-layout-constrained\">\n<div class=\"wp-block-columns is-layout-flex wp-container-core-columns-is-layout-28f84493 wp-block-columns-is-layout-flex\">\n<div class=\"wp-block-column is-layout-flow wp-block-column-is-layout-flow\" style=\"padding-right:var(--wp--preset--spacing--20);padding-left:var(--wp--preset--spacing--20)\">\n<p>Christian Herrlich verf\u00fcgt \u00fcber mehr als 25 Jahre Erfahrung in der Digitalisierung und Transformation namhafter Konzerne und Unternehmen. Er war federf\u00fchrend an zahlreichen digitalen Transformationen beteiligt und hat erfolgreich gro\u00dfangelegte Technologieprogramme umgesetzt, um die k\u00fcnftige Gesch\u00e4ftsstrategie des Unternehmens voranzutreiben.<\/p>\n\n\n\n<p>Als ehemaliger Chief Information Officer (CIO) der Royal Mail Group (RMG) legte er das digitale Fundament f\u00fcr den f\u00fcnfj\u00e4hrigen Business-Transformationsplan &#8222;Journey 2024&#8220;. Er formte und implementierte eine umfassende IT-Strategie, die durch die Digitalisierung des Unternehmens in den Bereichen Operations, Commercial und Back Office einen erheblichen Mehrwert schuf. Mit einem umfangreichen Programm zur Verbesserung der Cyber Security erh\u00f6hte Christian Herrlich die Resilienz der RMG in einer sich global verschlechternden Cyber Bedrohungslage.<\/p>\n\n\n\n<p>Zuvor war Christian Herrlich sechs Jahre lang CIO der GLS. Er konzipierte und implementierte die Transformation des traditionell B2B-zentrierten Paketgesch\u00e4fts der GLS auf B2C. Dar\u00fcber hinaus vollendete er erfolgreich die Einf\u00fchrung einer paneurop\u00e4ischen digitalen Plattform, um eine nahtlose grenz\u00fcberschreitende Paketlogistik zu erm\u00f6glichen.<\/p>\n\n\n\n<p>Insgesamt 13 Jahre war Christian Herrlich bei der Deutschen Post DHL Group t\u00e4tig, zuletzt als Mitglied des Bereichsvorstands und CIO DHL PAKET Deutschland. In dieser Zeit implementierte er erfolgreich viele Transformationsprogramme, immer in Verbindung mit der Etablierung neuer digitaler F\u00e4higkeiten.<\/p>\n<\/div>\n\n\n\n<div class=\"wp-block-column is-layout-flow wp-block-column-is-layout-flow\" style=\"padding-right:var(--wp--preset--spacing--20);padding-left:var(--wp--preset--spacing--20)\">\n<figure class=\"wp-block-image size-full is-resized\"><img loading=\"lazy\" decoding=\"async\" width=\"1604\" height=\"1604\" src=\"https:\/\/skr-ag.com\/wp-content\/uploads\/2025\/10\/C_Herrlich_385x385-Kopie-1.jpg\" alt=\"\" class=\"wp-image-5272\" style=\"width:385px\" srcset=\"https:\/\/skr-ag.com\/wp-content\/uploads\/2025\/10\/C_Herrlich_385x385-Kopie-1.jpg 1604w, https:\/\/skr-ag.com\/wp-content\/uploads\/2025\/10\/C_Herrlich_385x385-Kopie-1-300x300.jpg 300w, https:\/\/skr-ag.com\/wp-content\/uploads\/2025\/10\/C_Herrlich_385x385-Kopie-1-1024x1024.jpg 1024w, https:\/\/skr-ag.com\/wp-content\/uploads\/2025\/10\/C_Herrlich_385x385-Kopie-1-150x150.jpg 150w, https:\/\/skr-ag.com\/wp-content\/uploads\/2025\/10\/C_Herrlich_385x385-Kopie-1-768x768.jpg 768w, https:\/\/skr-ag.com\/wp-content\/uploads\/2025\/10\/C_Herrlich_385x385-Kopie-1-1536x1536.jpg 1536w, https:\/\/skr-ag.com\/wp-content\/uploads\/2025\/10\/C_Herrlich_385x385-Kopie-1-900x900.jpg 900w, https:\/\/skr-ag.com\/wp-content\/uploads\/2025\/10\/C_Herrlich_385x385-Kopie-1-600x600.jpg 600w\" sizes=\"auto, (max-width: 1604px) 100vw, 1604px\" \/><\/figure>\n\n\n\n<div class=\"wp-block-webx-blocks-responsive-spacer\" style=\"--desktop-height:25px;--tablet-height:25px;--mobile-height:25px\"><\/div>\n\n\n\n<h2 class=\"wp-block-heading has-accent-2-color has-text-color has-link-color wp-elements-c0978a1f9e274d18c4a62fcdec4b6f26\">Meilensteine<\/h2>\n\n\n\n<hr class=\"wp-block-separator has-text-color has-accent-color has-alpha-channel-opacity has-accent-background-color has-background is-style-left\"\/>\n\n\n\n<div class=\"wp-block-columns is-layout-flex wp-container-core-columns-is-layout-28f84493 wp-block-columns-is-layout-flex\">\n<div class=\"wp-block-column is-layout-flow wp-block-column-is-layout-flow\" style=\"flex-basis:33.33%\">\n<p><strong><strong><strong>2022 &#8211; heute<\/strong><\/strong><\/strong><\/p>\n<\/div>\n\n\n\n<div class=\"wp-block-column is-layout-flow wp-block-column-is-layout-flow\" style=\"flex-basis:66.66%\">\n<p>SKR Beteiligungs AG, Switzerland, Partner<\/p>\n<\/div>\n<\/div>\n\n\n\n<div class=\"wp-block-columns is-layout-flex wp-container-core-columns-is-layout-28f84493 wp-block-columns-is-layout-flex\">\n<div class=\"wp-block-column is-layout-flow wp-block-column-is-layout-flow\" style=\"flex-basis:33.33%\">\n<p><strong><strong>2017 \u2013 2022<\/strong><\/strong><\/p>\n<\/div>\n\n\n\n<div class=\"wp-block-column is-layout-flow wp-block-column-is-layout-flow\" style=\"flex-basis:66.66%\">\n<p>Royal Mail Group, zuletzt als Chief Information Officer (CIO)<\/p>\n<\/div>\n<\/div>\n\n\n\n<div class=\"wp-block-columns is-layout-flex wp-container-core-columns-is-layout-28f84493 wp-block-columns-is-layout-flex\">\n<div class=\"wp-block-column is-layout-flow wp-block-column-is-layout-flow\" style=\"flex-basis:33.33%\">\n<p><strong><strong>2012 \u2013 2017<\/strong><\/strong><\/p>\n<\/div>\n\n\n\n<div class=\"wp-block-column is-layout-flow wp-block-column-is-layout-flow\" style=\"flex-basis:66.66%\">\n<p>General Logistic Systems (GLS), Managing Director GLS IT (CIO) &amp; CEO GLS IT Services GmbH<\/p>\n<\/div>\n<\/div>\n\n\n\n<div class=\"wp-block-columns is-layout-flex wp-container-core-columns-is-layout-28f84493 wp-block-columns-is-layout-flex\">\n<div class=\"wp-block-column is-layout-flow wp-block-column-is-layout-flow\" style=\"flex-basis:33.33%\">\n<p><strong><strong>1998 \u2013 2011&nbsp;&nbsp;<\/strong><\/strong><\/p>\n<\/div>\n\n\n\n<div class=\"wp-block-column is-layout-flow wp-block-column-is-layout-flow\" style=\"flex-basis:66.66%\">\n<p>Deutsche Post DHL Group, zuletzt als Mitglied des Bereichsvorstands und CIO DHL PAKET Deutschland<\/p>\n<\/div>\n<\/div>\n\n\n\n<div class=\"wp-block-columns is-layout-flex wp-container-core-columns-is-layout-28f84493 wp-block-columns-is-layout-flex\">\n<div class=\"wp-block-column is-layout-flow wp-block-column-is-layout-flow\" style=\"flex-basis:33.33%\">\n<p><strong><strong>1994 \u2013 1998<\/strong><\/strong><\/p>\n<\/div>\n\n\n\n<div class=\"wp-block-column is-layout-flow wp-block-column-is-layout-flow\" style=\"flex-basis:66.66%\">\n<p>Coopers &amp; Lybrand, Managing Consultant<\/p>\n<\/div>\n<\/div>\n\n\n\n<div class=\"wp-block-webx-blocks-responsive-spacer\" style=\"--desktop-height:50px;--tablet-height:50px;--mobile-height:25px\"><\/div>\n\n\n\n<hr class=\"wp-block-separator has-text-color has-accent-color has-alpha-channel-opacity has-accent-background-color has-background is-style-left\"\/>\n\n\n\n<div class=\"wp-block-webx-blocks-responsive-spacer\" style=\"--desktop-height:50px;--tablet-height:50px;--mobile-height:25px\"><\/div>\n\n\n\n<figure class=\"wp-block-image size-full\"><a href=\"https:\/\/www.linkedin.com\/in\/christian-herrlich\/\" target=\"_blank\" rel=\" noreferrer noopener\"><img decoding=\"async\" src=\"https:\/\/skr-ag.com\/wp-content\/uploads\/2025\/10\/linkedin-svgrepo-com.svg\" alt=\"\" class=\"wp-image-302\"\/><\/a><\/figure>\n<\/div>\n<\/div>\n<\/div>\n\n\n\n<div class=\"wp-block-webx-blocks-responsive-spacer\" style=\"--desktop-height:100px;--tablet-height:50px;--mobile-height:25px\"><\/div>\n","protected":false},"excerpt":{"rendered":"<p>Christian Herrlich Partner Christian Herrlich verf\u00fcgt \u00fcber mehr als 25 Jahre Erfahrung in der Digitalisierung und Transformation namhafter Konzerne und Unternehmen. Er war federf\u00fchrend an zahlreichen digitalen Transformationen beteiligt und hat erfolgreich gro\u00dfangelegte Technologieprogramme umgesetzt, um die k\u00fcnftige Gesch\u00e4ftsstrategie des Unternehmens voranzutreiben. Als ehemaliger Chief Information Officer (CIO) der Royal Mail Group (RMG) legte er [&hellip;]<\/p>\n","protected":false},"author":1,"featured_media":0,"parent":253,"menu_order":0,"comment_status":"closed","ping_status":"closed","template":"wp-custom-template-page-no-transparent-header","meta":{"footnotes":""},"class_list":["post-306","page","type-page","status-publish","hentry"],"_links":{"self":[{"href":"https:\/\/skr-ag.com\/de\/wp-json\/wp\/v2\/pages\/306","targetHints":{"allow":["GET"]}}],"collection":[{"href":"https:\/\/skr-ag.com\/de\/wp-json\/wp\/v2\/pages"}],"about":[{"href":"https:\/\/skr-ag.com\/de\/wp-json\/wp\/v2\/types\/page"}],"author":[{"embeddable":true,"href":"https:\/\/skr-ag.com\/de\/wp-json\/wp\/v2\/users\/1"}],"replies":[{"embeddable":true,"href":"https:\/\/skr-ag.com\/de\/wp-json\/wp\/v2\/comments?post=306"}],"version-history":[{"count":10,"href":"https:\/\/skr-ag.com\/de\/wp-json\/wp\/v2\/pages\/306\/revisions"}],"predecessor-version":[{"id":5300,"href":"https:\/\/skr-ag.com\/de\/wp-json\/wp\/v2\/pages\/306\/revisions\/5300"}],"up":[{"embeddable":true,"href":"https:\/\/skr-ag.com\/de\/wp-json\/wp\/v2\/pages\/253"}],"wp:attachment":[{"href":"https:\/\/skr-ag.com\/de\/wp-json\/wp\/v2\/media?parent=306"}],"curies":[{"name":"wp","href":"https:\/\/api.w.org\/{rel}","templated":true}]}}