{"id":308,"date":"2025-10-13T16:03:00","date_gmt":"2025-10-13T16:03:00","guid":{"rendered":"https:\/\/skr.cloud16.webhome.at\/?page_id=308"},"modified":"2025-10-29T13:10:22","modified_gmt":"2025-10-29T13:10:22","slug":"mel-tomlin","status":"publish","type":"page","link":"https:\/\/skr-ag.com\/de\/ueber-uns\/mel-tomlin\/","title":{"rendered":"Mel Tomlin"},"content":{"rendered":"\n<div class=\"wp-block-group has-global-padding is-layout-constrained wp-block-group-is-layout-constrained\">\n<div class=\"wp-block-group has-global-padding is-layout-constrained wp-container-core-group-is-layout-5ea9e190 wp-block-group-is-layout-constrained\">\n<div class=\"wp-block-webx-blocks-responsive-spacer\" style=\"--desktop-height:100px;--tablet-height:50px;--mobile-height:25px\"><\/div>\n\n\n\n<h1 class=\"wp-block-heading has-text-align-center has-accent-2-color has-text-color has-link-color has-x-large-font-size wp-elements-cb4dca4977b0be8902c192d68c31fcc4\"><strong>Mel Tomlin<\/strong><\/h1>\n\n\n\n<div class=\"wp-block-group is-content-justification-center is-nowrap is-layout-flex wp-container-core-group-is-layout-23441af8 wp-block-group-is-layout-flex\">\n<p class=\"has-text-align-center\"><strong>Partner<\/strong><\/p>\n<\/div>\n\n\n\n<div class=\"wp-block-webx-blocks-responsive-spacer\" style=\"--desktop-height:100px;--tablet-height:50px;--mobile-height:25px\"><\/div>\n<\/div>\n<\/div>\n\n\n\n<div class=\"wp-block-group has-global-padding is-layout-constrained wp-container-core-group-is-layout-0a1f8bec wp-block-group-is-layout-constrained\">\n<div class=\"wp-block-columns is-layout-flex wp-container-core-columns-is-layout-28f84493 wp-block-columns-is-layout-flex\">\n<div class=\"wp-block-column is-layout-flow wp-block-column-is-layout-flow\" style=\"padding-right:var(--wp--preset--spacing--20);padding-left:var(--wp--preset--spacing--20)\">\n<p>Mel Tomlin verf\u00fcgt \u00fcber mehr als 20 Jahre Erfahrung auf Vorstandsebene im Bau-, Logistik- und Gesundheitssektor. Sie hat mit Unternehmen auf der ganzen Welt zusammengearbeitet, um Entwicklung und Wachstum voranzutreiben oder die Ver\u00e4nderung von Gesch\u00e4ftsmodellen umzusetzen.<\/p>\n\n\n\n<p>Mel Tomlin verf\u00fcgt \u00fcber eine erfolgreiche Bilanz bei der Entwicklung von Strategien und der Umsetzung auf Unternehmensebene. Sie hat sowohl bedeutende unternehmensweite Ver\u00e4nderungsprogramme als auch gro\u00dfe M&amp;A-Initiativen geleitet. Derzeit arbeitet Mel Tomlin mit Vorst\u00e4nden, F\u00fchrungskr\u00e4ften und wichtigen Interessengruppen zusammen, um die Unternehmensleistung durch eine klare strategische Ausrichtung, eine solide Unternehmensf\u00fchrung und Risikomanagement sowie gezielte Transformationsprogramme zu verbessern.<\/p>\n<\/div>\n\n\n\n<div class=\"wp-block-column is-layout-flow wp-block-column-is-layout-flow\" style=\"padding-right:var(--wp--preset--spacing--20);padding-left:var(--wp--preset--spacing--20)\">\n<figure class=\"wp-block-image size-full\"><img loading=\"lazy\" decoding=\"async\" width=\"385\" height=\"385\" src=\"https:\/\/skr-ag.com\/wp-content\/uploads\/2025\/10\/Mel_Tomlin_385x385.jpg\" alt=\"\" class=\"wp-image-76\" srcset=\"https:\/\/skr-ag.com\/wp-content\/uploads\/2025\/10\/Mel_Tomlin_385x385.jpg 385w, https:\/\/skr-ag.com\/wp-content\/uploads\/2025\/10\/Mel_Tomlin_385x385-300x300.jpg 300w, https:\/\/skr-ag.com\/wp-content\/uploads\/2025\/10\/Mel_Tomlin_385x385-150x150.jpg 150w\" sizes=\"auto, (max-width: 385px) 100vw, 385px\" \/><\/figure>\n\n\n\n<div class=\"wp-block-webx-blocks-responsive-spacer\" style=\"--desktop-height:25px;--tablet-height:25px;--mobile-height:25px\"><\/div>\n\n\n\n<h2 class=\"wp-block-heading has-accent-2-color has-text-color has-link-color wp-elements-c0978a1f9e274d18c4a62fcdec4b6f26\">Meilensteine<\/h2>\n\n\n\n<hr class=\"wp-block-separator has-text-color has-accent-color has-alpha-channel-opacity has-accent-background-color has-background is-style-left\"\/>\n\n\n\n<div class=\"wp-block-columns is-layout-flex wp-container-core-columns-is-layout-28f84493 wp-block-columns-is-layout-flex\">\n<div class=\"wp-block-column is-layout-flow wp-block-column-is-layout-flow\" style=\"flex-basis:33.33%\">\n<p><strong><strong><strong>2022 &#8211; heute<\/strong><\/strong><\/strong><\/p>\n<\/div>\n\n\n\n<div class=\"wp-block-column is-layout-flow wp-block-column-is-layout-flow\" style=\"flex-basis:66.66%\">\n<p>SKR Beteiligungs AG, Switzerland, Partner<\/p>\n<\/div>\n<\/div>\n\n\n\n<div class=\"wp-block-columns is-layout-flex wp-container-core-columns-is-layout-28f84493 wp-block-columns-is-layout-flex\">\n<div class=\"wp-block-column is-layout-flow wp-block-column-is-layout-flow\" style=\"flex-basis:33.33%\">\n<p><strong><strong>2021 \u2013<\/strong><\/strong> <strong>heute<\/strong><\/p>\n<\/div>\n\n\n\n<div class=\"wp-block-column is-layout-flow wp-block-column-is-layout-flow\" style=\"flex-basis:66.66%\">\n<p>Non-Executive Director NHS<\/p>\n<\/div>\n<\/div>\n\n\n\n<div class=\"wp-block-columns is-layout-flex wp-container-core-columns-is-layout-28f84493 wp-block-columns-is-layout-flex\">\n<div class=\"wp-block-column is-layout-flow wp-block-column-is-layout-flow\" style=\"flex-basis:33.33%\">\n<p><strong><strong>1997 \u2013 2020<\/strong><\/strong><\/p>\n<\/div>\n\n\n\n<div class=\"wp-block-column is-layout-flow wp-block-column-is-layout-flow\" style=\"flex-basis:66.66%\">\n<p>Royal Mail Group: unterschiedliche Managementfunktionen, darunter:<\/p>\n\n\n\n<ul class=\"wp-block-list\">\n<li>Chief of Staff, Executive Board member and advisor to CEO&nbsp;&nbsp;<\/li>\n\n\n\n<li>HR Director, Royal Mail Group<\/li>\n\n\n\n<li>Strategy Director, Royal Mail Group<\/li>\n\n\n\n<li>Customer Experience Director, Royal Mail Group<\/li>\n\n\n\n<li>Operations and Customer Services Director, Royal Mail Wholesale<\/li>\n\n\n\n<li>Managing Director, Williames Group (GLS)<\/li>\n\n\n\n<li>Operations Director, Royal Mail International<br><\/li>\n<\/ul>\n<\/div>\n<\/div>\n\n\n\n<div class=\"wp-block-webx-blocks-responsive-spacer\" style=\"--desktop-height:50px;--tablet-height:50px;--mobile-height:25px\"><\/div>\n\n\n\n<hr class=\"wp-block-separator has-text-color has-accent-color has-alpha-channel-opacity has-accent-background-color has-background is-style-left\"\/>\n\n\n\n<div class=\"wp-block-webx-blocks-responsive-spacer\" style=\"--desktop-height:50px;--tablet-height:50px;--mobile-height:25px\"><\/div>\n\n\n\n<figure class=\"wp-block-image size-full\"><a href=\"https:\/\/www.linkedin.com\/in\/mel-tomlin-4b26aa15\/?originalSubdomain=uk\" target=\"_blank\" rel=\" noreferrer noopener\"><img decoding=\"async\" src=\"https:\/\/skr-ag.com\/wp-content\/uploads\/2025\/10\/linkedin-svgrepo-com.svg\" alt=\"\" class=\"wp-image-302\"\/><\/a><\/figure>\n<\/div>\n<\/div>\n<\/div>\n\n\n\n<div class=\"wp-block-webx-blocks-responsive-spacer\" style=\"--desktop-height:100px;--tablet-height:50px;--mobile-height:25px\"><\/div>\n","protected":false},"excerpt":{"rendered":"<p>Mel Tomlin Partner Mel Tomlin verf\u00fcgt \u00fcber mehr als 20 Jahre Erfahrung auf Vorstandsebene im Bau-, Logistik- und Gesundheitssektor. Sie hat mit Unternehmen auf der ganzen Welt zusammengearbeitet, um Entwicklung und Wachstum voranzutreiben oder die Ver\u00e4nderung von Gesch\u00e4ftsmodellen umzusetzen. Mel Tomlin verf\u00fcgt \u00fcber eine erfolgreiche Bilanz bei der Entwicklung von Strategien und der Umsetzung auf [&hellip;]<\/p>\n","protected":false},"author":1,"featured_media":0,"parent":253,"menu_order":0,"comment_status":"closed","ping_status":"closed","template":"","meta":{"footnotes":""},"class_list":["post-308","page","type-page","status-publish","hentry"],"_links":{"self":[{"href":"https:\/\/skr-ag.com\/de\/wp-json\/wp\/v2\/pages\/308","targetHints":{"allow":["GET"]}}],"collection":[{"href":"https:\/\/skr-ag.com\/de\/wp-json\/wp\/v2\/pages"}],"about":[{"href":"https:\/\/skr-ag.com\/de\/wp-json\/wp\/v2\/types\/page"}],"author":[{"embeddable":true,"href":"https:\/\/skr-ag.com\/de\/wp-json\/wp\/v2\/users\/1"}],"replies":[{"embeddable":true,"href":"https:\/\/skr-ag.com\/de\/wp-json\/wp\/v2\/comments?post=308"}],"version-history":[{"count":8,"href":"https:\/\/skr-ag.com\/de\/wp-json\/wp\/v2\/pages\/308\/revisions"}],"predecessor-version":[{"id":5282,"href":"https:\/\/skr-ag.com\/de\/wp-json\/wp\/v2\/pages\/308\/revisions\/5282"}],"up":[{"embeddable":true,"href":"https:\/\/skr-ag.com\/de\/wp-json\/wp\/v2\/pages\/253"}],"wp:attachment":[{"href":"https:\/\/skr-ag.com\/de\/wp-json\/wp\/v2\/media?parent=308"}],"curies":[{"name":"wp","href":"https:\/\/api.w.org\/{rel}","templated":true}]}}