{"id":311,"date":"2025-10-13T16:06:02","date_gmt":"2025-10-13T16:06:02","guid":{"rendered":"https:\/\/skr.cloud16.webhome.at\/?page_id=311"},"modified":"2025-10-20T15:16:43","modified_gmt":"2025-10-20T15:16:43","slug":"dr-erik-lueders","status":"publish","type":"page","link":"https:\/\/skr-ag.com\/de\/ueber-uns\/dr-erik-lueders\/","title":{"rendered":"Dr Erik L\u00fcders"},"content":{"rendered":"\n<div class=\"wp-block-group has-global-padding is-layout-constrained wp-block-group-is-layout-constrained\">\n<div class=\"wp-block-group has-global-padding is-layout-constrained wp-container-core-group-is-layout-5ea9e190 wp-block-group-is-layout-constrained\">\n<div class=\"wp-block-webx-blocks-responsive-spacer\" style=\"--desktop-height:100px;--tablet-height:50px;--mobile-height:25px\"><\/div>\n\n\n\n<h1 class=\"wp-block-heading has-text-align-center has-accent-2-color has-text-color has-link-color has-x-large-font-size wp-elements-cd70e95180514056440eb6affa7e1f3b\"><strong>Dr Erik L\u00fcders<\/strong><\/h1>\n\n\n\n<div class=\"wp-block-group is-content-justification-center is-nowrap is-layout-flex wp-container-core-group-is-layout-23441af8 wp-block-group-is-layout-flex\">\n<p class=\"has-text-align-center\"><strong>Partner<\/strong><\/p>\n<\/div>\n\n\n\n<div class=\"wp-block-webx-blocks-responsive-spacer\" style=\"--desktop-height:100px;--tablet-height:50px;--mobile-height:25px\"><\/div>\n<\/div>\n<\/div>\n\n\n\n<div class=\"wp-block-group has-global-padding is-layout-constrained wp-container-core-group-is-layout-0a1f8bec wp-block-group-is-layout-constrained\">\n<div class=\"wp-block-columns is-layout-flex wp-container-core-columns-is-layout-28f84493 wp-block-columns-is-layout-flex\">\n<div class=\"wp-block-column is-layout-flow wp-block-column-is-layout-flow\" style=\"padding-right:var(--wp--preset--spacing--20);padding-left:var(--wp--preset--spacing--20)\">\n<p>Dr. Erik L\u00fcders ist Partner bei der SKR Beteiligungs AG und verf\u00fcgt \u00fcber mehr als 20 Jahre Erfahrung im Finanzsektor. Er hat f\u00fchrende Finanzinstitute sowie Technologie- und Logistikunternehmen in den Bereichen Strategie, Risiko, Compliance, Kapitalmanagement und M&amp;A beraten und zahlreiche Programme zur Kosten- und Effizienzsteigerung geleitet.<\/p>\n\n\n\n<p>Er verf\u00fcgt \u00fcber umfassende Expertise im Bereich Mergers &amp; Acquisitions, insbesondere in Due-Diligence-Pr\u00fcfungen und Transaktionsumsetzungen. Vor seiner T\u00e4tigkeit bei SKR war Dr. L\u00fcders Partner bei McKinsey &amp; Company, EY und Deloitte und ist derzeit Mitglied des Aufsichtsrats der mwb fairtrade Wertpapierhandelsbank AG.<\/p>\n\n\n\n<p>Zu Beginn seiner Karriere arbeitete er f\u00fcr eine Private-Equity-Gesellschaft in Kalifornien und war Professor f\u00fcr Kapitalm\u00e4rkte und Risikomanagement in Kanada.<\/p>\n<\/div>\n\n\n\n<div class=\"wp-block-column is-layout-flow wp-block-column-is-layout-flow\" style=\"padding-right:var(--wp--preset--spacing--20);padding-left:var(--wp--preset--spacing--20)\">\n<figure class=\"wp-block-image size-full\"><img loading=\"lazy\" decoding=\"async\" width=\"385\" height=\"385\" src=\"https:\/\/skr-ag.com\/wp-content\/uploads\/2025\/10\/Erik-Lu\u2560eders_385x385.jpg\" alt=\"\" class=\"wp-image-75\" srcset=\"https:\/\/skr-ag.com\/wp-content\/uploads\/2025\/10\/Erik-Lu\u2560eders_385x385.jpg 385w, https:\/\/skr-ag.com\/wp-content\/uploads\/2025\/10\/Erik-Lu\u2560eders_385x385-300x300.jpg 300w, https:\/\/skr-ag.com\/wp-content\/uploads\/2025\/10\/Erik-Lu\u2560eders_385x385-150x150.jpg 150w\" sizes=\"auto, (max-width: 385px) 100vw, 385px\" \/><\/figure>\n\n\n\n<div class=\"wp-block-webx-blocks-responsive-spacer\" style=\"--desktop-height:25px;--tablet-height:25px;--mobile-height:25px\"><\/div>\n\n\n\n<h2 class=\"wp-block-heading has-accent-2-color has-text-color has-link-color wp-elements-c0978a1f9e274d18c4a62fcdec4b6f26\">Meilensteine<\/h2>\n\n\n\n<hr class=\"wp-block-separator has-text-color has-accent-color has-alpha-channel-opacity has-accent-background-color has-background is-style-left\"\/>\n\n\n\n<div class=\"wp-block-columns is-layout-flex wp-container-core-columns-is-layout-28f84493 wp-block-columns-is-layout-flex\">\n<div class=\"wp-block-column is-layout-flow wp-block-column-is-layout-flow\" style=\"flex-basis:33.33%\">\n<p><strong><strong><strong>2022 &#8211; heute<\/strong><\/strong><\/strong><\/p>\n<\/div>\n\n\n\n<div class=\"wp-block-column is-layout-flow wp-block-column-is-layout-flow\" style=\"flex-basis:66.66%\">\n<p>SKR Beteiligungs AG, Switzerland, Partner<\/p>\n\n\n\n<p>mwb fairtrade Wertpapierhandelsbank AG, Germany, Member of the Supervisory Board<\/p>\n<\/div>\n<\/div>\n\n\n\n<div class=\"wp-block-columns is-layout-flex wp-container-core-columns-is-layout-28f84493 wp-block-columns-is-layout-flex\">\n<div class=\"wp-block-column is-layout-flow wp-block-column-is-layout-flow\" style=\"flex-basis:33.33%\">\n<p><strong><strong><strong>2018 \u2013 2022<\/strong><\/strong><\/strong><\/p>\n<\/div>\n\n\n\n<div class=\"wp-block-column is-layout-flow wp-block-column-is-layout-flow\" style=\"flex-basis:66.66%\">\n<p>Deloitte, Deutschland, Partner<\/p>\n<\/div>\n<\/div>\n\n\n\n<div class=\"wp-block-columns is-layout-flex wp-container-core-columns-is-layout-28f84493 wp-block-columns-is-layout-flex\">\n<div class=\"wp-block-column is-layout-flow wp-block-column-is-layout-flow\" style=\"flex-basis:33.33%\">\n<p><strong><strong><strong>2015 &#8211; 2017&nbsp;&nbsp;<\/strong><\/strong><\/strong><\/p>\n<\/div>\n\n\n\n<div class=\"wp-block-column is-layout-flow wp-block-column-is-layout-flow\" style=\"flex-basis:66.66%\">\n<p>EY Ernst &amp; Young, Partner<\/p>\n<\/div>\n<\/div>\n\n\n\n<div class=\"wp-block-columns is-layout-flex wp-container-core-columns-is-layout-28f84493 wp-block-columns-is-layout-flex\">\n<div class=\"wp-block-column is-layout-flow wp-block-column-is-layout-flow\" style=\"flex-basis:33.33%\">\n<p><strong><strong><strong><strong>2014 &#8211; 2016 &nbsp;&nbsp;&nbsp;<\/strong><\/strong><\/strong><\/strong><\/p>\n<\/div>\n\n\n\n<div class=\"wp-block-column is-layout-flow wp-block-column-is-layout-flow\" style=\"flex-basis:66.66%\">\n<p>Frankfurt Institute for Risk Management and Regulation (FIRM), Member of the Executive Board<\/p>\n<\/div>\n<\/div>\n\n\n\n<div class=\"wp-block-columns is-layout-flex wp-container-core-columns-is-layout-28f84493 wp-block-columns-is-layout-flex\">\n<div class=\"wp-block-column is-layout-flow wp-block-column-is-layout-flow\" style=\"flex-basis:33.33%\">\n<p><strong><strong><strong><strong><strong>2007 &#8211; 2015<\/strong><\/strong><\/strong><\/strong><\/strong><\/p>\n<\/div>\n\n\n\n<div class=\"wp-block-column is-layout-flow wp-block-column-is-layout-flow\" style=\"flex-basis:66.66%\">\n<p>McKinsey &amp; Company, Partner<\/p>\n<\/div>\n<\/div>\n\n\n\n<div class=\"wp-block-columns is-layout-flex wp-container-core-columns-is-layout-28f84493 wp-block-columns-is-layout-flex\">\n<div class=\"wp-block-column is-layout-flow wp-block-column-is-layout-flow\" style=\"flex-basis:33.33%\">\n<p><strong><strong><strong><strong><strong><strong>2006 &#8211; 2007<\/strong><\/strong><\/strong><\/strong><\/strong><\/strong><\/p>\n<\/div>\n\n\n\n<div class=\"wp-block-column is-layout-flow wp-block-column-is-layout-flow\" style=\"flex-basis:66.66%\">\n<p>Dresdner Bank, Head of Credit Risk Methodology<\/p>\n<\/div>\n<\/div>\n\n\n\n<div class=\"wp-block-webx-blocks-responsive-spacer\" style=\"--desktop-height:50px;--tablet-height:50px;--mobile-height:25px\"><\/div>\n\n\n\n<hr class=\"wp-block-separator has-text-color has-accent-color has-alpha-channel-opacity has-accent-background-color has-background is-style-left\"\/>\n\n\n\n<div class=\"wp-block-webx-blocks-responsive-spacer\" style=\"--desktop-height:50px;--tablet-height:50px;--mobile-height:25px\"><\/div>\n\n\n\n<figure class=\"wp-block-image size-full\"><a href=\"https:\/\/www.linkedin.com\/in\/erik-lueders-6b19a255\/\" target=\"_blank\" rel=\" noreferrer noopener\"><img decoding=\"async\" src=\"https:\/\/skr-ag.com\/wp-content\/uploads\/2025\/10\/linkedin-svgrepo-com.svg\" alt=\"\" class=\"wp-image-302\"\/><\/a><\/figure>\n<\/div>\n<\/div>\n<\/div>\n\n\n\n<div class=\"wp-block-webx-blocks-responsive-spacer\" style=\"--desktop-height:100px;--tablet-height:50px;--mobile-height:25px\"><\/div>\n","protected":false},"excerpt":{"rendered":"<p>Dr Erik L\u00fcders Partner Dr. Erik L\u00fcders ist Partner bei der SKR Beteiligungs AG und verf\u00fcgt \u00fcber mehr als 20 Jahre Erfahrung im Finanzsektor. Er hat f\u00fchrende Finanzinstitute sowie Technologie- und Logistikunternehmen in den Bereichen Strategie, Risiko, Compliance, Kapitalmanagement und M&amp;A beraten und zahlreiche Programme zur Kosten- und Effizienzsteigerung geleitet. Er verf\u00fcgt \u00fcber umfassende Expertise [&hellip;]<\/p>\n","protected":false},"author":1,"featured_media":0,"parent":253,"menu_order":0,"comment_status":"closed","ping_status":"closed","template":"wp-custom-template-page-no-transparent-header","meta":{"footnotes":""},"class_list":["post-311","page","type-page","status-publish","hentry"],"_links":{"self":[{"href":"https:\/\/skr-ag.com\/de\/wp-json\/wp\/v2\/pages\/311","targetHints":{"allow":["GET"]}}],"collection":[{"href":"https:\/\/skr-ag.com\/de\/wp-json\/wp\/v2\/pages"}],"about":[{"href":"https:\/\/skr-ag.com\/de\/wp-json\/wp\/v2\/types\/page"}],"author":[{"embeddable":true,"href":"https:\/\/skr-ag.com\/de\/wp-json\/wp\/v2\/users\/1"}],"replies":[{"embeddable":true,"href":"https:\/\/skr-ag.com\/de\/wp-json\/wp\/v2\/comments?post=311"}],"version-history":[{"count":3,"href":"https:\/\/skr-ag.com\/de\/wp-json\/wp\/v2\/pages\/311\/revisions"}],"predecessor-version":[{"id":5084,"href":"https:\/\/skr-ag.com\/de\/wp-json\/wp\/v2\/pages\/311\/revisions\/5084"}],"up":[{"embeddable":true,"href":"https:\/\/skr-ag.com\/de\/wp-json\/wp\/v2\/pages\/253"}],"wp:attachment":[{"href":"https:\/\/skr-ag.com\/de\/wp-json\/wp\/v2\/media?parent=311"}],"curies":[{"name":"wp","href":"https:\/\/api.w.org\/{rel}","templated":true}]}}