{"id":5488,"date":"2026-03-06T10:11:02","date_gmt":"2026-03-06T10:11:02","guid":{"rendered":"https:\/\/skr-ag.com\/?page_id=5488"},"modified":"2026-03-12T08:04:19","modified_gmt":"2026-03-12T08:04:19","slug":"fraunhofer-studie","status":"publish","type":"page","link":"https:\/\/skr-ag.com\/de\/fraunhofer-studie\/","title":{"rendered":"Fraunhofer-Studie"},"content":{"rendered":"\n<div class=\"wp-block-group has-global-padding is-layout-constrained wp-block-group-is-layout-constrained\">\n<div class=\"wp-block-group has-global-padding is-layout-constrained wp-container-core-group-is-layout-4383d167 wp-block-group-is-layout-constrained\">\n<div class=\"wp-block-webx-blocks-responsive-spacer\" style=\"--desktop-height:100px;--tablet-height:50px;--mobile-height:25px\"><\/div>\n\n\n\n<h1 class=\"wp-block-heading has-text-align-center has-accent-2-color has-text-color has-link-color has-x-large-font-size wp-elements-70d13659571a3c0a8fe1b29d5c3279ab\"><strong><strong><strong>Fraunhofer-Studie zeigt: Vapes \u2013 Milliardenmarkt mit Schattenseiten<\/strong><\/strong><\/strong><\/h1>\n\n\n\n<div class=\"wp-block-group has-global-padding is-layout-constrained wp-container-core-group-is-layout-bea02a06 wp-block-group-is-layout-constrained\">\n<p class=\"has-text-align-center\">Eine neue Fraunhofer-Studie im Auftrag der SKR AG zeigt, wie sich aus komplexen globalen Lieferketten und uneinheitlichen nationalen Regulierungen ein milliardenschwerer Schattenmarkt f\u00fcr E-Zigaretten entwickelt hat. Fehlende Transparenz entlang der Supply Chains erschwert Kontrolle und Marktaufsicht \u2013 mit Folgen f\u00fcr Logistik, Handel und Verbraucher.<\/p>\n<\/div>\n\n\n\n<div class=\"wp-block-webx-blocks-responsive-spacer\" style=\"--desktop-height:50px;--tablet-height:50px;--mobile-height:25px\"><\/div>\n<\/div>\n<\/div>\n\n\n\n<div class=\"wp-block-group navigation-box has-global-padding is-layout-constrained wp-container-core-group-is-layout-abb6fe41 wp-block-group-is-layout-constrained\">\n<div class=\"wp-block-group has-border-color has-base-border-color has-medium-grey-background-color has-background has-global-padding is-layout-constrained wp-block-group-is-layout-constrained\" style=\"border-width:20px;box-shadow:var(--wp--preset--shadow--natural)\">\n<div class=\"wp-block-columns is-layout-flex wp-container-core-columns-is-layout-74d018ca wp-block-columns-is-layout-flex\" style=\"padding-top:var(--wp--preset--spacing--20);padding-right:var(--wp--preset--spacing--20);padding-bottom:var(--wp--preset--spacing--20);padding-left:var(--wp--preset--spacing--20)\">\n<div class=\"wp-block-column is-layout-flow wp-container-core-column-is-layout-8a368f38 wp-block-column-is-layout-flow\">\n<div class=\"wp-block-group is-content-justification-space-between is-nowrap is-layout-flex wp-container-core-group-is-layout-66f2da0c wp-block-group-is-layout-flex\" style=\"padding-top:var(--wp--preset--spacing--10);padding-right:var(--wp--preset--spacing--10);padding-bottom:var(--wp--preset--spacing--10);padding-left:var(--wp--preset--spacing--10)\">\n<div class=\"wp-block-group is-nowrap is-layout-flex wp-container-core-group-is-layout-6c531013 wp-block-group-is-layout-flex\">\n<p class=\"navigation-numbers has-accent-color has-text-color has-link-color has-x-large-font-size wp-elements-96a01520a66d903eedff573aa9e1b392\" style=\"line-height:1\"><strong><a href=\"https:\/\/skr-ag.com\/wp-content\/uploads\/2026\/02\/260216_Der-irregulare-Markt-fur-E-Zigaretten-in-Europa.pdf\" target=\"_blank\" rel=\"noreferrer noopener\">01<\/a><\/strong><\/p>\n\n\n\n<p class=\"has-mark-bold-font-family has-large-font-size\" style=\"line-height:1.1\"><strong><a href=\"https:\/\/skr-ag.com\/wp-content\/uploads\/2026\/02\/260216_Der-irregulare-Markt-fur-E-Zigaretten-in-Europa.pdf\" target=\"_blank\" rel=\"noreferrer noopener\">Studie<\/a><\/strong><\/p>\n<\/div>\n\n\n\n<a class=\"wp-block-webx-blocks-svg svg-arrow-block-black-hover\" href=\"https:\/\/skr-ag.com\/wp-content\/uploads\/2026\/02\/260216_Der-irregulare-Markt-fur-E-Zigaretten-in-Europa.pdf\" title=\"SVG Element\"><div class=\"svg\" style=\"height:35px;width:35px\"><svg xmlns=\"http:\/\/www.w3.org\/2000\/svg\" width=\"31.065\" height=\"24.033\" viewBox=\"0 0 31.065 24.033\">\n  <g id=\"Pfeil\" transform=\"translate(1.762 2.475)\">\n    <line id=\"Linie_18\" data-name=\"Linie 18\" x2=\"26.811\" y2=\"0.188\" transform=\"translate(0 9.37)\" fill=\"none\" stroke=\"#f4c723\" stroke-linecap=\"round\" stroke-width=\"3.5\"\/>\n    <line id=\"Linie_19\" data-name=\"Linie 19\" x2=\"13.47\" transform=\"translate(17.303) rotate(45)\" fill=\"none\" stroke=\"#f4c723\" stroke-linecap=\"round\" stroke-width=\"3.5\"\/>\n    <line id=\"Linie_20\" data-name=\"Linie 20\" x2=\"13.47\" transform=\"translate(17.286 19.083) rotate(-45)\" fill=\"none\" stroke=\"#f4c723\" stroke-linecap=\"round\" stroke-width=\"3.5\"\/>\n  <\/g>\n<\/svg>\n<\/div><\/a>\n<\/div>\n\n\n\n<div class=\"wp-block-group is-content-justification-space-between is-nowrap is-layout-flex wp-container-core-group-is-layout-66f2da0c wp-block-group-is-layout-flex\" style=\"padding-top:var(--wp--preset--spacing--10);padding-right:var(--wp--preset--spacing--10);padding-bottom:var(--wp--preset--spacing--10);padding-left:var(--wp--preset--spacing--10)\">\n<div class=\"wp-block-group is-nowrap is-layout-flex wp-container-core-group-is-layout-6c531013 wp-block-group-is-layout-flex\">\n<p class=\"navigation-numbers has-accent-color has-text-color has-link-color has-x-large-font-size wp-elements-fc1d5a14a5b0854158ed1a4d8692dad8\" style=\"line-height:1\"><strong><a href=\"https:\/\/skr-ag.com\/wp-content\/uploads\/2026\/03\/SKR_Website-Studie_E-Zigarette_Pressemitteilung_dt.pdf\" target=\"_blank\" data-type=\"page\" data-id=\"180\" rel=\"noreferrer noopener\">02<\/a><\/strong><\/p>\n\n\n\n<p class=\"nav-break-text-1 has-mark-bold-font-family has-large-font-size\" style=\"line-height:1.1\"><strong><a href=\"https:\/\/skr-ag.com\/wp-content\/uploads\/2026\/03\/SKR_Website-Studie_E-Zigarette_Pressemitteilung_dt.pdf\" target=\"_blank\" rel=\"noreferrer noopener\">Pressemitteilung<\/a><\/strong><\/p>\n<\/div>\n\n\n\n<a class=\"wp-block-webx-blocks-svg svg-arrow-block-black-hover\" href=\"https:\/\/skr-ag.com\/wp-content\/uploads\/2026\/03\/SKR_Website-Studie_E-Zigarette_Pressemitteilung_dt.pdf\" target=\"_blank\" rel=\"noopener noreferrer\" title=\"SVG Element\"><div class=\"svg\" style=\"height:35px;width:35px\"><svg xmlns=\"http:\/\/www.w3.org\/2000\/svg\" width=\"31.065\" height=\"24.033\" viewBox=\"0 0 31.065 24.033\">\n  <g id=\"Pfeil\" transform=\"translate(1.762 2.475)\">\n    <line id=\"Linie_18\" data-name=\"Linie 18\" x2=\"26.811\" y2=\"0.188\" transform=\"translate(0 9.37)\" fill=\"none\" stroke=\"#f4c723\" stroke-linecap=\"round\" stroke-width=\"3.5\"\/>\n    <line id=\"Linie_19\" data-name=\"Linie 19\" x2=\"13.47\" transform=\"translate(17.303) rotate(45)\" fill=\"none\" stroke=\"#f4c723\" stroke-linecap=\"round\" stroke-width=\"3.5\"\/>\n    <line id=\"Linie_20\" data-name=\"Linie 20\" x2=\"13.47\" transform=\"translate(17.286 19.083) rotate(-45)\" fill=\"none\" stroke=\"#f4c723\" stroke-linecap=\"round\" stroke-width=\"3.5\"\/>\n  <\/g>\n<\/svg>\n<\/div><\/a>\n<\/div>\n<\/div>\n\n\n\n<div class=\"wp-block-column is-layout-flow wp-container-core-column-is-layout-8a368f38 wp-block-column-is-layout-flow\">\n<div class=\"wp-block-group is-content-justification-space-between is-nowrap is-layout-flex wp-container-core-group-is-layout-66f2da0c wp-block-group-is-layout-flex\" style=\"padding-top:var(--wp--preset--spacing--10);padding-right:var(--wp--preset--spacing--10);padding-bottom:var(--wp--preset--spacing--10);padding-left:var(--wp--preset--spacing--10)\">\n<div class=\"wp-block-group is-nowrap is-layout-flex wp-container-core-group-is-layout-6c531013 wp-block-group-is-layout-flex\">\n<p class=\"navigation-numbers has-accent-color has-text-color has-link-color has-x-large-font-size wp-elements-52e0360b4dafed7035f455d6c4deeb55\" style=\"line-height:1\"><strong><a href=\"https:\/\/skr-ag.com\/wp-content\/uploads\/2026\/03\/SKR_Website-Studie_E-Zigarette_Hintergrundpapier_dt.pdf\" target=\"_blank\" data-type=\"page\" data-id=\"205\" rel=\"noreferrer noopener\">03<\/a><\/strong><\/p>\n\n\n\n<p class=\"has-mark-bold-font-family has-large-font-size\" style=\"line-height:1.1\"><strong><a href=\"https:\/\/skr-ag.com\/wp-content\/uploads\/2026\/03\/SKR_Website-Studie_E-Zigarette_Hintergrundpapier_dt.pdf\" target=\"_blank\" data-type=\"page\" data-id=\"205\" rel=\"noreferrer noopener\">Hintergrundpapier<\/a><\/strong><\/p>\n<\/div>\n\n\n\n<a class=\"wp-block-webx-blocks-svg svg-arrow-block-black-hover\" href=\"https:\/\/skr-ag.com\/wp-content\/uploads\/2026\/03\/SKR_Website-Studie_E-Zigarette_Hintergrundpapier_dt.pdf\" target=\"_blank\" rel=\"noopener noreferrer\" title=\"SVG Element\"><div class=\"svg\" style=\"height:35px;width:35px\"><svg xmlns=\"http:\/\/www.w3.org\/2000\/svg\" width=\"31.065\" height=\"24.033\" viewBox=\"0 0 31.065 24.033\">\n  <g id=\"Pfeil\" transform=\"translate(1.762 2.475)\">\n    <line id=\"Linie_18\" data-name=\"Linie 18\" x2=\"26.811\" y2=\"0.188\" transform=\"translate(0 9.37)\" fill=\"none\" stroke=\"#f4c723\" stroke-linecap=\"round\" stroke-width=\"3.5\"\/>\n    <line id=\"Linie_19\" data-name=\"Linie 19\" x2=\"13.47\" transform=\"translate(17.303) rotate(45)\" fill=\"none\" stroke=\"#f4c723\" stroke-linecap=\"round\" stroke-width=\"3.5\"\/>\n    <line id=\"Linie_20\" data-name=\"Linie 20\" x2=\"13.47\" transform=\"translate(17.286 19.083) rotate(-45)\" fill=\"none\" stroke=\"#f4c723\" stroke-linecap=\"round\" stroke-width=\"3.5\"\/>\n  <\/g>\n<\/svg>\n<\/div><\/a>\n<\/div>\n\n\n\n<div class=\"wp-block-group is-content-justification-space-between is-nowrap is-layout-flex wp-container-core-group-is-layout-66f2da0c wp-block-group-is-layout-flex\" style=\"padding-top:var(--wp--preset--spacing--10);padding-right:var(--wp--preset--spacing--10);padding-bottom:var(--wp--preset--spacing--10);padding-left:var(--wp--preset--spacing--10)\">\n<div class=\"wp-block-group is-nowrap is-layout-flex wp-container-core-group-is-layout-6c531013 wp-block-group-is-layout-flex\">\n<p class=\"navigation-numbers has-accent-color has-text-color has-link-color has-x-large-font-size wp-elements-32c4a66e124cc30076c3f92024f3f54c\" style=\"line-height:1\"><strong><a href=\"https:\/\/skr-ag.com\/wp-content\/uploads\/2026\/03\/SKR_Website-Studie_E-Zigarette_Experten_dt.pdf\" target=\"_blank\" data-type=\"page\" data-id=\"219\" rel=\"noreferrer noopener\">04<\/a><\/strong><\/p>\n\n\n\n<p class=\"has-mark-bold-font-family has-large-font-size\" style=\"line-height:1.1\"><strong><a href=\"https:\/\/skr-ag.com\/wp-content\/uploads\/2026\/03\/SKR_Website-Studie_E-Zigarette_Experten_dt.pdf\" data-type=\"page\" data-id=\"219\" target=\"_blank\" rel=\"noreferrer noopener\">Expertenteam<\/a><\/strong><\/p>\n<\/div>\n\n\n\n<a class=\"wp-block-webx-blocks-svg svg-arrow-block-black-hover\" href=\"https:\/\/skr-ag.com\/wp-content\/uploads\/2026\/03\/SKR_Website-Studie_E-Zigarette_Experten_engl.pdf\" title=\"SVG Element\"><div class=\"svg\" style=\"height:35px;width:35px\"><svg xmlns=\"http:\/\/www.w3.org\/2000\/svg\" width=\"31.065\" height=\"24.033\" viewBox=\"0 0 31.065 24.033\">\n  <g id=\"Pfeil\" transform=\"translate(1.762 2.475)\">\n    <line id=\"Linie_18\" data-name=\"Linie 18\" x2=\"26.811\" y2=\"0.188\" transform=\"translate(0 9.37)\" fill=\"none\" stroke=\"#f4c723\" stroke-linecap=\"round\" stroke-width=\"3.5\"\/>\n    <line id=\"Linie_19\" data-name=\"Linie 19\" x2=\"13.47\" transform=\"translate(17.303) rotate(45)\" fill=\"none\" stroke=\"#f4c723\" stroke-linecap=\"round\" stroke-width=\"3.5\"\/>\n    <line id=\"Linie_20\" data-name=\"Linie 20\" x2=\"13.47\" transform=\"translate(17.286 19.083) rotate(-45)\" fill=\"none\" stroke=\"#f4c723\" stroke-linecap=\"round\" stroke-width=\"3.5\"\/>\n  <\/g>\n<\/svg>\n<\/div><\/a>\n<\/div>\n<\/div>\n<\/div>\n<\/div>\n\n\n\n<div class=\"wp-block-webx-blocks-responsive-spacer\" style=\"--desktop-height:75px;--tablet-height:50px;--mobile-height:25px\"><\/div>\n<\/div>\n\n\n\n<div class=\"wp-block-group has-global-padding is-layout-constrained wp-container-core-group-is-layout-12e6237e wp-block-group-is-layout-constrained\">\n<div class=\"wp-block-columns mobile-no-gap is-layout-flex wp-container-core-columns-is-layout-28f84493 wp-block-columns-is-layout-flex\" style=\"box-shadow:var(--wp--preset--shadow--natural)\">\n<div class=\"wp-block-column is-layout-flow wp-block-column-is-layout-flow\" style=\"padding-top:var(--wp--preset--spacing--20);padding-right:var(--wp--preset--spacing--20);padding-bottom:var(--wp--preset--spacing--20);padding-left:var(--wp--preset--spacing--20)\">\n<figure class=\"wp-block-image size-full\"><img loading=\"lazy\" decoding=\"async\" width=\"563\" height=\"457\" src=\"https:\/\/skr-ag.com\/wp-content\/uploads\/2026\/02\/iStock-1287078416-1.png\" alt=\"\" class=\"wp-image-5383\" style=\"aspect-ratio:4\/3;object-fit:cover\" srcset=\"https:\/\/skr-ag.com\/wp-content\/uploads\/2026\/02\/iStock-1287078416-1.png 563w, https:\/\/skr-ag.com\/wp-content\/uploads\/2026\/02\/iStock-1287078416-1-300x244.png 300w\" sizes=\"auto, (max-width: 563px) 100vw, 563px\" \/><\/figure>\n<\/div>\n\n\n\n<div class=\"wp-block-column is-vertically-aligned-center is-layout-flow wp-block-column-is-layout-flow\" style=\"padding-top:var(--wp--preset--spacing--30);padding-right:var(--wp--preset--spacing--30);padding-bottom:var(--wp--preset--spacing--30);padding-left:var(--wp--preset--spacing--30)\">\n<h3 class=\"wp-block-heading has-accent-2-color has-text-color has-link-color wp-elements-ba4fcd0b4dd1e3bc47ae5e840fd26d2e\"><strong><strong><strong><strong><strong>48 % aller E-Zigaretten \u2013 irregul\u00e4r!<\/strong><\/strong><\/strong><\/strong><\/strong><\/h3>\n\n\n\n<p>Fast jede zweite E-Zigarette in Europa stammt aus irregul\u00e4ren Quellen. Das bedeutet nicht immer illegal \u2013 doch zwischen grauem und schwarzem Markt verschwimmen die Grenzen, wenn nationale Regeln auseinanderlaufen. Genau hier setzt die Fraunhofer-Studie an: Sie zeigt, wie Steuerl\u00fccken und fehlende Harmonisierung den Schattenmarkt befeuern.  <\/p>\n\n\n\n<div class=\"wp-block-webx-blocks-responsive-spacer\" style=\"--desktop-height:;--tablet-height:;--mobile-height:50px\"><\/div>\n<\/div>\n<\/div>\n\n\n\n<div class=\"wp-block-columns mobile-reverse-column mobile-no-gap is-layout-flex wp-container-core-columns-is-layout-28f84493 wp-block-columns-is-layout-flex\" style=\"box-shadow:var(--wp--preset--shadow--natural)\">\n<div class=\"wp-block-column is-vertically-aligned-center is-layout-flow wp-block-column-is-layout-flow\" style=\"padding-top:var(--wp--preset--spacing--30);padding-right:var(--wp--preset--spacing--30);padding-bottom:var(--wp--preset--spacing--30);padding-left:var(--wp--preset--spacing--30)\">\n<h3 class=\"wp-block-heading has-accent-2-color has-text-color has-link-color wp-elements-6ab52387a2c96f293dca3e25add0fc0f\"><strong><strong><strong><strong><strong><strong><strong><strong>Rund 90 % der E-Zigaretten stammen aus China<\/strong><\/strong><\/strong><\/strong><\/strong><\/strong><\/strong><\/strong><\/h3>\n\n\n\n<p>China dominiert den globalen E-Zigarettenmarkt \u2013 vor allem die Region Shenzhen. Dort werden rund 72 Prozent aller Vaping-Ger\u00e4te weltweit entwickelt und produziert, bevor sie \u00fcber europ\u00e4ische Gateway-Staaten wie Deutschland, Belgien und die Niederlande in den Markt gelangen. E-Zigaretten mit offenem Tank versch\u00e4rfen den illegalen Handel, erschweren die Durchsetzung von Vorschriften, die Kontrolle der Liquids und erh\u00f6hen damit die Risiken f\u00fcr Verbraucher.<\/p>\n\n\n\n<div class=\"wp-block-webx-blocks-responsive-spacer\" style=\"--desktop-height:;--tablet-height:;--mobile-height:50px\"><\/div>\n<\/div>\n\n\n\n<div class=\"wp-block-column is-layout-flow wp-block-column-is-layout-flow\" style=\"padding-top:var(--wp--preset--spacing--20);padding-right:var(--wp--preset--spacing--20);padding-bottom:var(--wp--preset--spacing--20);padding-left:var(--wp--preset--spacing--20)\">\n<figure class=\"wp-block-image size-full\"><img loading=\"lazy\" decoding=\"async\" width=\"560\" height=\"450\" src=\"https:\/\/skr-ag.com\/wp-content\/uploads\/2026\/02\/iStock-1458602849.png\" alt=\"\" class=\"wp-image-5384\" style=\"aspect-ratio:4\/3;object-fit:cover\" srcset=\"https:\/\/skr-ag.com\/wp-content\/uploads\/2026\/02\/iStock-1458602849.png 560w, https:\/\/skr-ag.com\/wp-content\/uploads\/2026\/02\/iStock-1458602849-300x241.png 300w\" sizes=\"auto, (max-width: 560px) 100vw, 560px\" \/><\/figure>\n<\/div>\n<\/div>\n\n\n\n<div class=\"wp-block-columns mobile-no-gap is-layout-flex wp-container-core-columns-is-layout-28f84493 wp-block-columns-is-layout-flex\" style=\"box-shadow:var(--wp--preset--shadow--natural)\">\n<div class=\"wp-block-column is-layout-flow wp-block-column-is-layout-flow\" style=\"padding-top:var(--wp--preset--spacing--20);padding-right:var(--wp--preset--spacing--20);padding-bottom:var(--wp--preset--spacing--20);padding-left:var(--wp--preset--spacing--20)\">\n<figure class=\"wp-block-image size-full\"><img loading=\"lazy\" decoding=\"async\" width=\"563\" height=\"457\" src=\"https:\/\/skr-ag.com\/wp-content\/uploads\/2026\/02\/iStock-1287078416.png\" alt=\"\" class=\"wp-image-5382\" style=\"aspect-ratio:4\/3;object-fit:cover\" srcset=\"https:\/\/skr-ag.com\/wp-content\/uploads\/2026\/02\/iStock-1287078416.png 563w, https:\/\/skr-ag.com\/wp-content\/uploads\/2026\/02\/iStock-1287078416-300x244.png 300w\" sizes=\"auto, (max-width: 563px) 100vw, 563px\" \/><\/figure>\n<\/div>\n\n\n\n<div class=\"wp-block-column is-vertically-aligned-center is-layout-flow wp-block-column-is-layout-flow\" style=\"padding-top:var(--wp--preset--spacing--30);padding-right:var(--wp--preset--spacing--30);padding-bottom:var(--wp--preset--spacing--30);padding-left:var(--wp--preset--spacing--30)\">\n<h3 class=\"wp-block-heading has-accent-2-color has-text-color has-link-color wp-elements-eac6f1bf840e84dabb44d60fb47811dc\"><strong><strong><strong><strong><strong><strong>Irregul\u00e4re Vapes: 6,6 Mrd. Euro Marktvolumen<\/strong><\/strong><\/strong><\/strong><\/strong><\/strong><\/h3>\n\n\n\n<p>Ein Markt im Milliardenbereich \u2013 und Millionenverluste f\u00fcr die Staaten. In Deutschland allein gehen dem Fiskus jedes Jahr rund 119 Millionen Euro verloren, weil sich fast die H\u00e4lfte aller E-Zigaretten dem regul\u00e4ren Steuersystem entzieht. Ohne Gegenma\u00dfnahmen k\u00f6nnte der Verlust bis 2030 auf fast 200 Millionen Euro anwachsen.<\/p>\n\n\n\n<div class=\"wp-block-webx-blocks-responsive-spacer\" style=\"--desktop-height:;--tablet-height:;--mobile-height:50px\"><\/div>\n<\/div>\n<\/div>\n<\/div>\n\n\n\n<div class=\"wp-block-webx-blocks-responsive-spacer\" style=\"--desktop-height:150px;--tablet-height:100px;--mobile-height:50px\"><\/div>\n","protected":false},"excerpt":{"rendered":"<p>Fraunhofer-Studie zeigt: Vapes \u2013 Milliardenmarkt mit Schattenseiten Eine neue Fraunhofer-Studie im Auftrag der SKR AG zeigt, wie sich aus komplexen globalen Lieferketten und uneinheitlichen nationalen Regulierungen ein milliardenschwerer Schattenmarkt f\u00fcr E-Zigaretten entwickelt hat. Fehlende Transparenz entlang der Supply Chains erschwert Kontrolle und Marktaufsicht \u2013 mit Folgen f\u00fcr Logistik, Handel und Verbraucher. 01 Studie 02 Pressemitteilung [&hellip;]<\/p>\n","protected":false},"author":1,"featured_media":0,"parent":0,"menu_order":0,"comment_status":"closed","ping_status":"closed","template":"wp-custom-template-page-no-transparent-header","meta":{"footnotes":""},"class_list":["post-5488","page","type-page","status-publish","hentry"],"_links":{"self":[{"href":"https:\/\/skr-ag.com\/de\/wp-json\/wp\/v2\/pages\/5488","targetHints":{"allow":["GET"]}}],"collection":[{"href":"https:\/\/skr-ag.com\/de\/wp-json\/wp\/v2\/pages"}],"about":[{"href":"https:\/\/skr-ag.com\/de\/wp-json\/wp\/v2\/types\/page"}],"author":[{"embeddable":true,"href":"https:\/\/skr-ag.com\/de\/wp-json\/wp\/v2\/users\/1"}],"replies":[{"embeddable":true,"href":"https:\/\/skr-ag.com\/de\/wp-json\/wp\/v2\/comments?post=5488"}],"version-history":[{"count":12,"href":"https:\/\/skr-ag.com\/de\/wp-json\/wp\/v2\/pages\/5488\/revisions"}],"predecessor-version":[{"id":5595,"href":"https:\/\/skr-ag.com\/de\/wp-json\/wp\/v2\/pages\/5488\/revisions\/5595"}],"wp:attachment":[{"href":"https:\/\/skr-ag.com\/de\/wp-json\/wp\/v2\/media?parent=5488"}],"curies":[{"name":"wp","href":"https:\/\/api.w.org\/{rel}","templated":true}]}}